{"id":248,"date":"2015-08-28T05:28:45","date_gmt":"2015-08-28T03:28:45","guid":{"rendered":"http:\/\/themewinter.com\/WP\/bizspeak\/?page_id=248"},"modified":"2020-08-26T10:09:54","modified_gmt":"2020-08-26T08:09:54","slug":"azienda","status":"publish","type":"page","link":"https:\/\/www.farmbrass.com\/de\/azienda\/","title":{"rendered":"UNTERNEHMEN"},"content":{"rendered":"<p>[vc_row full_width=&#8220;stretch_row_content_no_spaces&#8220; content_placement=&#8220;top&#8220; bg_type=&#8220;image&#8220; parallax_style=&#8220;vcpb-default&#8220; bg_image_new=&#8220;id^1911|url^http:\/\/kelevrabetatest.it\/farmbrass\/wp-content\/uploads\/2015\/09\/DSC_6768-come-oggetto-avanzato-11920.jpg|caption^null|alt^null|title^DSC_6768 come oggetto avanzato-11920|description^null&#8220; bg_image_repeat=&#8220;no-repeat&#8220; parallax_content=&#8220;parallax_content_value&#8220; el_class=&#8220;video-pagine&#8220;][vc_column]<div class=\"ult-animation  ult-animate-viewport  ult-no-mobile \" data-animate=\"fadeIn\" data-animation-delay=\"0\" data-animation-duration=\"3\" data-animation-iteration=\"1\" style=\"opacity:0;\" data-opacity_start_effect=\"\"><div class=\"bizspeak-title bizspeak-title-style3 titolo-video\" style=\"text-align:left\"><h2 style=\"text-transform:uppercase;padding:0px 0px 50px 0px;margin:25px auto 0px;font-weight:300;font-size:32px;color:#000000;\">UNTERNEHMEN<\/h2><\/div><\/div>[vc_raw_html]JTNDZGl2JTIwY2xhc3MlM0QlMjJvcGFjaXR5JTIyJTNFJTNDJTJGZGl2JTNF[\/vc_raw_html][\/vc_column][\/vc_row][vc_row][vc_column][vc_empty_space height=&#8220;30px&#8220;][vc_row_inner el_class=&#8220;mobile-no tablet-no&#8220;][vc_column_inner width=&#8220;1\/6&#8243;]<div id=\"ultimate-heading-71266a07ae66f2834\" class=\"uvc-heading ult-adjust-bottom-margin ultimate-heading-71266a07ae66f2834 uvc-3101 \" data-hspacer=\"no_spacer\"  data-halign=\"left\" style=\"text-align:left\"><div class=\"uvc-heading-spacer no_spacer\" style=\"top\"><\/div><div class=\"uvc-main-heading ult-responsive\"  data-ultimate-target='.uvc-heading.ultimate-heading-71266a07ae66f2834 h2'  data-responsive-json-new='{\"font-size\":\"desktop:28px;\",\"line-height\":\"desktop:28px;\"}' ><h2 style=\"font-family:'Archivo Black';font-style:italic;font-weight:bold;color:#d20000;\">farmbrass<\/h2><\/div><\/div>[\/vc_column_inner][vc_column_inner width=&#8220;2\/3&#8243;]<div id=\"ultimate-heading-75876a07ae66f2855\" class=\"uvc-heading ult-adjust-bottom-margin ultimate-heading-75876a07ae66f2855 uvc-5957 \" data-hspacer=\"no_spacer\"  data-halign=\"left\" style=\"text-align:left\"><div class=\"uvc-heading-spacer no_spacer\" style=\"top\"><\/div><div class=\"uvc-main-heading ult-responsive\"  data-ultimate-target='.uvc-heading.ultimate-heading-75876a07ae66f2855 h2'  data-responsive-json-new='{\"font-size\":\"\",\"line-height\":\"\"}' ><h2 style=\"font-weight:normal;color:#353535;\">eine Erfolgsgeschichte<\/h2><\/div><\/div>[\/vc_column_inner][vc_column_inner width=&#8220;1\/6&#8243;][\/vc_column_inner][\/vc_row_inner][vc_row_inner el_class=&#8220;desktop-no&#8220;][vc_column_inner]<div id=\"ultimate-heading-28426a07ae66f286b\" class=\"uvc-heading ult-adjust-bottom-margin ultimate-heading-28426a07ae66f286b uvc-837 desktop-no\" data-hspacer=\"no_spacer\"  data-halign=\"left\" style=\"text-align:left\"><div class=\"uvc-heading-spacer no_spacer\" style=\"top\"><\/div><div class=\"uvc-main-heading ult-responsive\"  data-ultimate-target='.uvc-heading.ultimate-heading-28426a07ae66f286b h2'  data-responsive-json-new='{\"font-size\":\"\",\"line-height\":\"\"}' ><h2 style=\"font-weight:normal;color:#353535;\">Farmbrass eine Erfolgsgeschichte<\/h2><\/div><\/div>[\/vc_column_inner][\/vc_row_inner]<div class=\"bizspeak-title bizspeak-title-style1 titolo-sopra\" style=\"text-align:left\"><h2 class=\"title-border\" style=\"text-transform:uppercase;padding:0;margin:0 0 0 0;font-weight:300;font-size:26px;color:#333333;\"> <\/h2><\/div>[vc_empty_space height=&#8220;30px&#8220;][vc_row_inner][vc_column_inner width=&#8220;1\/2&#8243;][vc_column_text]Seit mehr als 40 Jahren ist<strong> Farm Brass<\/strong> ein f\u00fchrendes Unternehmen im Bereich der warm und kalt Umformung von Metallen<\/p>\n<p class=\"p1\">In all diesen Jahren hat das Unternehmen wertvolle Erfahrung auf dem Gebiet gewonnen und stellt zur Verf\u00fcgung immer mehr anspruchsvolleren Kunden seine Kompetenz und Wissen<\/p>\n<p><strong>FARM BRASS<\/strong> bietet sich den Kunden als idealer Partner f\u00fcr die Entwicklung und Gestaltung von Innovationstechnologien und ma\u00dfgeschneiderte L\u00f6sungen denn eine nachhaltige Beziehung zu den Kunden ist unser Ziel.<\/p>\n<p>Kundendienst, Instandhaltung, Reparatur und Versand der Ersatzteile erg\u00e4nzen unsere Serviceangebote.<\/p>\n<p>Das Streben nach <strong>Qualit\u00e4t, die Begeisterung, die Professionalit\u00e4t<\/strong> und die Kompetenz unserer Mitarbeiter sind unser Schwerpunkte, die uns eine kontinuierliche Innovation und Weiterentwicklung erlauben.[\/vc_column_text][\/vc_column_inner][vc_column_inner width=&#8220;1\/2&#8243;]<div class=\"ult-animation  ult-animate-viewport  ult-no-mobile \" data-animate=\"fadeIn\" data-animation-delay=\"0\" data-animation-duration=\"3\" data-animation-iteration=\"1\" style=\"opacity:0;\" data-opacity_start_effect=\"\">[vc_single_image image=&#8220;1547&#8243; img_size=&#8220;full&#8220;]<\/div>[\/vc_column_inner][\/vc_row_inner][\/vc_column][\/vc_row][vc_row][vc_column width=&#8220;1\/2&#8243;]<div class=\"info-wrapper ult-adjust-bottom-margin\"><div id=\"info-circle-wrapper-6a07ae66f28f2\" data-uniqid=\"6a07ae66f28f2\" class=\"info-circle-wrapper  info-circle-responsive \" data-half-percentage=\"70\" data-circle-type=\"full-circle\"><div class=\"info-c-full-br\" style='border:2px dashed #e1e1e1;width:70%;opacity:0;' data-start-degree=\"90\" data-divert=\"\" data-info-circle-angle=\"full\" data-responsive-circle=\"on\" data-responsive-breakpoint=\"800\" data-launch=\"linear\" data-launch-duration=\"1\" data-launch-delay=\"0.2\" data-slide-true=\"on\" data-slide-duration=\"5\" data-icon-size=\"28\" data-icon-show=\"not-show\" data-icon-show-size=\"\" data-highlight-style=\"info-circle-pop\" data-focus-on=\"hover\"><div  class=\"icon-circle-list\"><div class=\"info-circle-icons \" style=\"background:#f9f9f9;color:#000000;border-style:solid;border-width:1px;border-color:#d1d1d1;\"><i class=\"Defaults-thumbs-o-up\" ><\/i><\/div><div class=\"info-details\" data-icon-class=\"ult-info-circle-icon\"><div class=\"info-circle-def\"><div  class=\"info-circle-sub-def\"><i class=\"Defaults-thumbs-o-up\" ><\/i><div class=\"responsive-font-class ult-responsive\" ><h3  data-ultimate-target='#info-cirlce-wrap-2789 .responsive-font-class h3.new-cust-responsive-class'  data-responsive-json-new='{\"font-size\":\"desktop:20px;\",\"line-height\":\"\"}'  class=\"info-circle-heading ult-responsive new-cust-responsive-class\" style=\"font-family:'Raleway';font-weight:normal;\">Qualit\u00e4t<\/h3><div  class=\"info-circle-text \" style=\"font-family:'Raleway';font-weight:normal;font-style:normal;\"><\/div><\/div><\/div><\/div><\/div><div class=\"info-circle-icons \" style=\"background:#f9f9f9;color:#000000;border-style:solid;border-width:1px;border-color:#d1d1d1;\"><i class=\"Defaults-group users\" ><\/i><\/div><div class=\"info-details\" data-icon-class=\"ult-info-circle-icon\"><div class=\"info-circle-def\"><div  class=\"info-circle-sub-def\"><i class=\"Defaults-group users\" ><\/i><div class=\"responsive-font-class ult-responsive\" ><h3  data-ultimate-target='#info-cirlce-wrap-2789 .responsive-font-class h3.new-cust-responsive-class'  data-responsive-json-new='{\"font-size\":\"desktop:20px;\",\"line-height\":\"\"}'  class=\"info-circle-heading ult-responsive new-cust-responsive-class\" style=\"font-family:'Raleway';font-weight:normal;\">Professionalit\u00e4t<\/h3><div  class=\"info-circle-text \" style=\"font-family:'Raleway';font-weight:normal;font-style:normal;\"><\/div><\/div><\/div><\/div><\/div><div class=\"info-circle-icons \" style=\"background:#f9f9f9;color:#000000;border-style:solid;border-width:1px;border-color:#d1d1d1;\"><i class=\"Defaults-comments\" ><\/i><\/div><div class=\"info-details\" data-icon-class=\"ult-info-circle-icon\"><div class=\"info-circle-def\"><div  class=\"info-circle-sub-def\"><i class=\"Defaults-comments\" ><\/i><div class=\"responsive-font-class ult-responsive\" ><h3  data-ultimate-target='#info-cirlce-wrap-2789 .responsive-font-class h3.new-cust-responsive-class'  data-responsive-json-new='{\"font-size\":\"desktop:20px;\",\"line-height\":\"\"}'  class=\"info-circle-heading ult-responsive new-cust-responsive-class\" style=\"font-family:'Raleway';font-weight:normal;\">Begeisterung<\/h3><div  class=\"info-circle-text \" style=\"font-family:'Raleway';font-weight:normal;font-style:normal;\"><\/div><\/div><\/div><\/div><\/div><div class=\"info-circle-icons \" style=\"background:#f9f9f9;color:#000000;border-style:solid;border-width:1px;border-color:#d1d1d1;\"><i class=\"Defaults-cog gear\" ><\/i><\/div><div class=\"info-details\" data-icon-class=\"ult-info-circle-icon\"><div class=\"info-circle-def\"><div  class=\"info-circle-sub-def\"><i class=\"Defaults-cog gear\" ><\/i><div class=\"responsive-font-class ult-responsive\" ><h3  data-ultimate-target='#info-cirlce-wrap-2789 .responsive-font-class h3.new-cust-responsive-class'  data-responsive-json-new='{\"font-size\":\"desktop:20px;\",\"line-height\":\"\"}'  class=\"info-circle-heading ult-responsive new-cust-responsive-class\" style=\"font-family:'Raleway';font-weight:normal;\">Effizienz<\/h3><div  class=\"info-circle-text \" style=\"font-family:'Raleway';font-weight:normal;font-style:normal;\"><\/div><\/div><\/div><\/div><\/div><div class=\"info-circle-icons \" style=\"background:#f9f9f9;color:#000000;border-style:solid;border-width:1px;border-color:#d1d1d1;\"><i class=\"Defaults-book\" ><\/i><\/div><div class=\"info-details\" data-icon-class=\"ult-info-circle-icon\"><div class=\"info-circle-def\"><div  class=\"info-circle-sub-def\"><i class=\"Defaults-book\" ><\/i><div class=\"responsive-font-class ult-responsive\" ><h3  data-ultimate-target='#info-cirlce-wrap-2789 .responsive-font-class h3.new-cust-responsive-class'  data-responsive-json-new='{\"font-size\":\"desktop:20px;\",\"line-height\":\"\"}'  class=\"info-circle-heading ult-responsive new-cust-responsive-class\" style=\"font-family:'Raleway';font-weight:normal;\">Erfahrung<\/h3><div  class=\"info-circle-text \" style=\"font-family:'Raleway';font-weight:normal;font-style:normal;\"><\/div><\/div><\/div><\/div><\/div><\/div><div id=\"info-cirlce-wrap-2789\" class=\"info-c-full\" style=\"background-color:#ffffff;color:#000000;width:80%;height:80%;margin:10%;\"><div class=\"info-c-full-wrap\"><\/div><\/div><\/div><div class=\"smile_icon_list_wrap \" data-content_bg=\"#ffffff\" data-content_color=\"#000000\">\r\n\t\t\t\t\t\t\t<ul id=\"info-cirlce-wrap-2789\" class=\"smile_icon_list left circle with_bg\">\r\n\t\t\t\t\t\t\t\t<li class=\"icon_list_item\" style=\"font-size:96px;\">\r\n\t\t\t\t\t\t\t\t\t<div class=\"icon_list_icon\" style=\"font-size:32px;\">\r\n\t\t\t\t\t\t\t\t\t\t<i class=\"smt-pencil\"><\/i>\r\n\t\t\t\t\t\t\t\t\t<\/div>\r\n\t\t\t\t\t\t\t\t\t<div  class=\"icon_description\" >\r\n\t\t\t\t\t\t\t\t\t\t<div class=\"responsive-font-class ult-responsive\"  data-ultimate-target='#info-cirlce-wrap-2789 .responsive-font-class *'  data-responsive-json-new='{\"font-size\":\"desktop:13px;\",\"line-height\":\"\"}'  style=\"font-family:'Raleway';font-weight:normal;font-style:normal;\">\r\n\t\t\t\t\t\t\t\t\t\t\t<h3  data-ultimate-target='#info-cirlce-wrap-2789 .responsive-font-class h3.new-cust-responsive-class'  data-responsive-json-new='{\"font-size\":\"desktop:20px;\",\"line-height\":\"\"}'  class=\"ult-responsive new-cust-responsive-class\" style=\"font-family:'Raleway';font-weight:normal;\"><\/h3>\r\n\t\t\t\t\t\t\t\t\t\t\t<p><\/p>\r\n\t\t\t\t\t\t\t\t\t\t<\/div>\r\n\t\t\t\t\t\t\t\t\t<\/div>\r\n\t\t\t\t\t\t\t\t\t<div class=\"icon_list_connector\" style=\"border-style:dashed;border-color:#e1e1e1\">\r\n\t\t\t\t\t\t\t\t\t<\/div>\r\n\t\t\t\t\t\t\t\t<\/li>\r\n\t\t\t\t\t\t\t<\/ul>\r\n\t\t\t\t\t\t<\/div><\/div><\/div>[\/vc_column][vc_column width=&#8220;1\/2&#8243;]<div id=\"ultimate-heading-89656a07ae66f2996\" class=\"uvc-heading ult-adjust-bottom-margin ultimate-heading-89656a07ae66f2996 uvc-2321 \" data-hspacer=\"no_spacer\"  data-halign=\"left\" style=\"text-align:left\"><div class=\"uvc-heading-spacer no_spacer\" style=\"top\"><\/div><div class=\"uvc-main-heading ult-responsive\"  data-ultimate-target='.uvc-heading.ultimate-heading-89656a07ae66f2996 h2'  data-responsive-json-new='{\"font-size\":\"\",\"line-height\":\"\"}' ><h2 style=\"font-weight:normal;color:#353535;\">Die Unternehmensstruktur<\/h2><\/div><\/div><div class=\"bizspeak-title bizspeak-title-style1 titolo-sopra\" style=\"text-align:left\"><h2 class=\"title-border\" style=\"text-transform:uppercase;padding:0;margin:0 0 0 0;font-weight:300;font-size:26px;color:#333333;\"> <\/h2><\/div>[vc_empty_space height=&#8220;30px&#8220;][vc_column_text]<\/p>\n<p class=\"p1\">Im Laufe des Jahres hat unsere Firma besondere Aufmerksamkeit auf die Kundenbindung gelegt, sowie auf die Erweiterung ihr Kundenportfolio und auf das Angebot qualitativ hochwertige und ma\u00dfgeschneiderte .Dienstleistungen damit das Vertrauen seiner Kunden gewonnen hat.<\/p>\n<p><strong>Unser Engagement ist die Kontinuit\u00e4t zu gew\u00e4hrleisten zusammen mit Leistungsf\u00e4higkeit und Qualit\u00e4t.<\/strong><\/p>\n<p>Unsere Kunden sind nicht allein.<\/p>\n<p>Wir bieten rechtzeitige Intervention und sofortige Antworten.<\/p>\n<p>Wir planen regelm\u00e4\u00dfige Wartung von Maschinen und k\u00f6nnen wir auf mehr als ein Lager f\u00fcr alle verf\u00fcgbaren Ersatzteile f\u00fcr Maschinen.<\/p>\n<p>Die Kunden sind der Kern des Produktionsprozesses von <strong>Farm Brass<\/strong>, dessen Ziel ist die volle Zufriedenheit seine Kunden angesichts des st\u00e4ndig gefragten hohen Qualit\u00e4tsstandards.<\/p>\n<p>Das Unternehmen bietet seinen Kunden st\u00e4ndige Unterst\u00fctzung und alle m\u00f6glichen L\u00f6sungen nach ihr Bed\u00fcrfnisse. Das zeigt die probleml\u00f6sungsorientierte Einstellung des Unternehmens.<\/p>\n<p>[\/vc_column_text][\/vc_column][\/vc_row][vc_row el_class=&#8220;hidden&#8220;][vc_column]<div id=\"ultimate-heading-15016a07ae66f29d8\" class=\"uvc-heading ult-adjust-bottom-margin ultimate-heading-15016a07ae66f29d8 uvc-2487 \" data-hspacer=\"no_spacer\"  data-halign=\"left\" style=\"text-align:left\"><div class=\"uvc-heading-spacer no_spacer\" style=\"top\"><\/div><div class=\"uvc-main-heading ult-responsive\"  data-ultimate-target='.uvc-heading.ultimate-heading-15016a07ae66f29d8 h2'  data-responsive-json-new='{\"font-size\":\"\",\"line-height\":\"\"}' ><h2 style=\"font-weight:normal;color:#353535;\">Leadership Team<\/h2><\/div><\/div><div class=\"bizspeak-title bizspeak-title-style1 titolo-sopra\" style=\"text-align:left\"><h2 class=\"title-border\" style=\"text-transform:uppercase;padding:0;margin:0 0 0 0;font-weight:300;font-size:26px;color:#333333;\"> <\/h2><\/div>[vc_empty_space height=&#8220;30px&#8220;]<div class=\"teams \"><div class=\"row\"><div class=\"col-sm-12\"><div class=\"owl-controls client-course-control\"><a class=\"owl-control clientPrev\"><span><i class=\"fa fa-angle-left\"><\/i><\/span><\/a><a class=\"owl-control clientNext\"><span><i class=\"fa fa-angle-right\"><\/i><\/span><\/a><\/div><div id=\"team-carousel\" class=\"owl-carousel owl-theme text-center team-carousel\"><div class=\"item\"><div class=\"team-wrapper\"><div class=\"team-img-wrapper\"><img loading=\"lazy\" decoding=\"async\" width=\"258\" height=\"245\" src=\"https:\/\/www.farmbrass.com\/wp-content\/uploads\/2015\/08\/team4.jpg\" class=\"img-responsive wp-post-image\" alt=\"\" \/><\/div><div class=\"team-content\"><h3 class=\"ts-name\">Florence Angel<\/h3><p class=\"ts-designation\">Manager<\/p><div class=\"team-social\"><a href=\"#\"><i class=\"fa fa-facebook\"><\/i><\/a><a href=\"#\"><i class=\"fa fa-twitter\"><\/i><\/a><a href=\"#\"><i class=\"fa fa-google-plus\"><\/i><\/a><a href=\"#\"><i class=\"fa fa-linkedin\"><\/i><\/a><\/div><\/div><\/div><\/div><div class=\"item\"><div class=\"team-wrapper\"><div class=\"team-img-wrapper\"><img loading=\"lazy\" decoding=\"async\" width=\"258\" height=\"245\" src=\"https:\/\/www.farmbrass.com\/wp-content\/uploads\/2015\/08\/team2.jpg\" class=\"img-responsive wp-post-image\" alt=\"\" \/><\/div><div class=\"team-content\"><h3 class=\"ts-name\">James Andorson<\/h3><p class=\"ts-designation\">Developer<\/p><div class=\"team-social\"><a href=\"#\"><i class=\"fa fa-facebook\"><\/i><\/a><a href=\"#\"><i class=\"fa fa-twitter\"><\/i><\/a><a href=\"#\"><i class=\"fa fa-google-plus\"><\/i><\/a><a href=\"#\"><i class=\"fa fa-linkedin\"><\/i><\/a><\/div><\/div><\/div><\/div><div class=\"item\"><div class=\"team-wrapper\"><div class=\"team-img-wrapper\"><img loading=\"lazy\" decoding=\"async\" width=\"258\" height=\"245\" src=\"https:\/\/www.farmbrass.com\/wp-content\/uploads\/2015\/08\/team5.jpg\" class=\"img-responsive wp-post-image\" alt=\"\" \/><\/div><div class=\"team-content\"><h3 class=\"ts-name\">Angel Josy<\/h3><p class=\"ts-designation\">Designer<\/p><div class=\"team-social\"><a href=\"#\"><i class=\"fa fa-facebook\"><\/i><\/a><a href=\"#\"><i class=\"fa fa-pinterest\"><\/i><\/a><a href=\"#\"><i class=\"fa fa-instagram\"><\/i><\/a><a href=\"#\"><i class=\"fa fa-flickr\"><\/i><\/a><a href=\"#\"><i class=\"fa fa-youtube\"><\/i><\/a><\/div><\/div><\/div><\/div><div class=\"item\"><div class=\"team-wrapper\"><div class=\"team-img-wrapper\"><img loading=\"lazy\" decoding=\"async\" width=\"258\" height=\"245\" src=\"https:\/\/www.farmbrass.com\/wp-content\/uploads\/2015\/08\/team6.jpg\" class=\"img-responsive wp-post-image\" alt=\"\" \/><\/div><div class=\"team-content\"><h3 class=\"ts-name\">Michel Congue<\/h3><p class=\"ts-designation\">Founder<\/p><div class=\"team-social\"><a href=\"#\"><i class=\"fa fa-facebook\"><\/i><\/a><a href=\"#\"><i class=\"fa fa-twitter\"><\/i><\/a><a href=\"#\"><i class=\"fa fa-google-plus\"><\/i><\/a><a href=\"#\"><i class=\"fa fa-linkedin\"><\/i><\/a><\/div><\/div><\/div><\/div><div class=\"item\"><div class=\"team-wrapper\"><div class=\"team-img-wrapper\"><img loading=\"lazy\" decoding=\"async\" width=\"258\" height=\"245\" src=\"https:\/\/www.farmbrass.com\/wp-content\/uploads\/2015\/08\/team1.jpg\" class=\"img-responsive wp-post-image\" alt=\"\" \/><\/div><div class=\"team-content\"><h3 class=\"ts-name\">Jepher Lorance<\/h3><p class=\"ts-designation\">CEO<\/p><div class=\"team-social\"><a href=\"#\"><i class=\"fa fa-facebook\"><\/i><\/a><a href=\"#\"><i class=\"fa fa-twitter\"><\/i><\/a><a href=\"#\"><i class=\"fa fa-google-plus\"><\/i><\/a><a href=\"#\"><i class=\"fa fa-linkedin\"><\/i><\/a><a href=\"#\"><i class=\"fa fa-pinterest\"><\/i><\/a><a href=\"#\"><i class=\"fa fa-instagram\"><\/i><\/a><a href=\"#\"><i class=\"fa fa-flickr\"><\/i><\/a><a href=\"#\"><i class=\"fa fa-youtube\"><\/i><\/a><\/div><\/div><\/div><\/div><\/div><\/div><\/div><\/div><script type=\"text\/javascript\">\n\t\tjQuery(document).ready(function($){\n\t\t\t\tvar $teamcarousel = $(\"#team-carousel\")\n\t\t\t\t$teamcarousel.owlCarousel({\n\t\t\t    loop:true,\n\t\t\t    margin:20,\n\t\t\t    autoplay:false,\n\t\t\t    animateOut:true,\n\t\t\t    dots:false,\n\t\t\t    responsiveClass:true,\n\t\t\t    responsive:{\n\t\t\t        0:{\n\t\t\t            items:1,\n\t\t\t        },\n\t\t\t        600:{\n\t\t\t            items:3,\n\t\t\t        },\n\t\t\t        1000:{\n\t\t\t            items:4,\n\t\t\t            loop:false\n\t\t\t        }\n\t\t\t    }\n\t\t\t})\t\n\t\t\t$(\".clientPrev\").click(function(){\n\t\t\t\t$teamcarousel.trigger(\"prev.owl.carousel\", [400]);\n\t\t\t});\n\n\t\t\t$(\".clientNext\").click(function(){\n\t\t\t\t$teamcarousel.trigger(\"next.owl.carousel\",[400]);\n\t\t\t});\n\t\t});\n\t<\/script>[vc_empty_space height=&#8220;30px&#8220;][\/vc_column][\/vc_row]<\/p>","protected":false},"excerpt":{"rendered":"<p>[vc_row full_width=&#8220;stretch_row_content_no_spaces&#8220; content_placement=&#8220;top&#8220; bg_type=&#8220;image&#8220; parallax_style=&#8220;vcpb-default&#8220; bg_image_new=&#8220;id^1911|url^http:\/\/kelevrabetatest.it\/farmbrass\/wp-content\/uploads\/2015\/09\/DSC_6768-come-oggetto-avanzato-11920.jpg|caption^null|alt^null|title^DSC_6768 come oggetto avanzato-11920|description^null&#8220; bg_image_repeat=&#8220;no-repeat&#8220; parallax_content=&#8220;parallax_content_value&#8220; el_class=&#8220;video-pagine&#8220;][vc_column][vc_raw_html]JTNDZGl2JTIwY2xhc3MlM0QlMjJvcGFjaXR5JTIyJTNFJTNDJTJGZGl2JTNF[\/vc_raw_html][\/vc_column][\/vc_row][vc_row][vc_column][vc_empty_space height=&#8220;30px&#8220;][vc_row_inner el_class=&#8220;mobile-no tablet-no&#8220;][vc_column_inner width=&#8220;1\/6&#8243;][\/vc_column_inner][vc_column_inner width=&#8220;2\/3&#8243;][\/vc_column_inner][vc_column_inner width=&#8220;1\/6&#8243;][\/vc_column_inner][\/vc_row_inner][vc_row_inner el_class=&#8220;desktop-no&#8220;][vc_column_inner][\/vc_column_inner][\/vc_row_inner][vc_empty_space height=&#8220;30px&#8220;][vc_row_inner][vc_column_inner width=&#8220;1\/2&#8243;][vc_column_text]Seit mehr als 40 Jahren ist Farm Brass ein f\u00fchrendes Unternehmen im Bereich der warm und kalt Umformung von Metallen In all diesen Jahren hat das Unternehmen wertvolle Erfahrung auf dem Gebiet gewonnen und stellt [&hellip;]<\/p>\n","protected":false},"author":1,"featured_media":0,"parent":0,"menu_order":0,"comment_status":"open","ping_status":"closed","template":"","meta":{"footnotes":""},"_links":{"self":[{"href":"https:\/\/www.farmbrass.com\/de\/wp-json\/wp\/v2\/pages\/248"}],"collection":[{"href":"https:\/\/www.farmbrass.com\/de\/wp-json\/wp\/v2\/pages"}],"about":[{"href":"https:\/\/www.farmbrass.com\/de\/wp-json\/wp\/v2\/types\/page"}],"author":[{"embeddable":true,"href":"https:\/\/www.farmbrass.com\/de\/wp-json\/wp\/v2\/users\/1"}],"replies":[{"embeddable":true,"href":"https:\/\/www.farmbrass.com\/de\/wp-json\/wp\/v2\/comments?post=248"}],"version-history":[{"count":136,"href":"https:\/\/www.farmbrass.com\/de\/wp-json\/wp\/v2\/pages\/248\/revisions"}],"predecessor-version":[{"id":2699,"href":"https:\/\/www.farmbrass.com\/de\/wp-json\/wp\/v2\/pages\/248\/revisions\/2699"}],"wp:attachment":[{"href":"https:\/\/www.farmbrass.com\/de\/wp-json\/wp\/v2\/media?parent=248"}],"curies":[{"name":"wp","href":"https:\/\/api.w.org\/{rel}","templated":true}]}}