{"id":405,"date":"2015-09-05T04:28:45","date_gmt":"2015-09-05T02:28:45","guid":{"rendered":"http:\/\/themewinter.com\/WP\/bizspeak\/?page_id=405"},"modified":"2025-06-13T10:07:03","modified_gmt":"2025-06-13T08:07:03","slug":"team","status":"publish","type":"page","link":"https:\/\/www.farmbrass.com\/de\/team\/","title":{"rendered":"Team"},"content":{"rendered":"<p>[vc_row full_width=&#8220;stretch_row_content_no_spaces&#8220; content_placement=&#8220;top&#8220; bg_type=&#8220;image&#8220; parallax_style=&#8220;vcpb-default&#8220; bg_image_new=&#8220;id^1820|url^http:\/\/kelevrabetatest.it\/farmbrass\/wp-content\/uploads\/2015\/09\/DSC_6851low.jpg|caption^null|alt^null|title^DSC_6851low|description^null&#8220; bg_image_repeat=&#8220;no-repeat&#8220; parallax_content=&#8220;parallax_content_value&#8220; el_class=&#8220;video-pagine&#8220;][vc_column]<div class=\"ult-animation  ult-animate-viewport  ult-no-mobile \" data-animate=\"fadeIn\" data-animation-delay=\"0\" data-animation-duration=\"3\" data-animation-iteration=\"1\" style=\"opacity:0;\" data-opacity_start_effect=\"\"><div class=\"bizspeak-title bizspeak-title-style3 titolo-video\" style=\"text-align:left\"><h2 style=\"text-transform:uppercase;padding:0px 0px 50px 0px;margin:25px auto 0px;font-weight:300;font-size:32px;color:#000000;\">Team<\/h2><\/div><\/div>[vc_raw_html]JTNDZGl2JTIwY2xhc3MlM0QlMjJvcGFjaXR5JTIyJTNFJTNDJTJGZGl2JTNF[\/vc_raw_html][\/vc_column][\/vc_row][vc_row][vc_column][vc_empty_space height=&#8220;30px&#8220;][\/vc_column][\/vc_row][vc_row][vc_column width=&#8220;2\/3&#8243;]<div id=\"ultimate-heading-46326a0299ac66e4b\" class=\"uvc-heading ult-adjust-bottom-margin ultimate-heading-46326a0299ac66e4b uvc-3723 \" data-hspacer=\"no_spacer\"  data-halign=\"left\" style=\"text-align:left\"><div class=\"uvc-heading-spacer no_spacer\" style=\"top\"><\/div><div class=\"uvc-main-heading ult-responsive\"  data-ultimate-target='.uvc-heading.ultimate-heading-46326a0299ac66e4b h2'  data-responsive-json-new='{\"font-size\":\"\",\"line-height\":\"\"}' ><h2 style=\"font-weight:normal;color:#353535;\">Unser Team<\/h2><\/div><\/div><div class=\"bizspeak-title bizspeak-title-style1 titolo-sopra\" style=\"text-align:left\"><h2 class=\"title-border\" style=\"text-transform:uppercase;padding:0;margin:0 0 0 0;font-weight:300;font-size:26px;color:#333333;\"> <\/h2><\/div>[vc_empty_space height=&#8220;30px&#8220;][vc_single_image image=&#8220;1904&#8243; img_size=&#8220;full&#8220; alignment=&#8220;center&#8220; style=&#8220;vc_box_shadow&#8220;][vc_column_text]<\/p>\n<div class=\"page\" title=\"Page 1\">\n<div class=\"layoutArea\">\n<div class=\"column\">\n<p>Wir haben ein hoch <strong>motivierten<\/strong> und <strong>dynamischen<\/strong> <strong>Team<\/strong> bereit f\u00fcr neue Herausforderungen, dass als eigene Philosophie, den Kunden als Schwerpunkt des Projektes stellt. Der Kunde ist dazu in jeden Teil des Produktionsprozesses verwickelt.<\/p>\n<p>Eugenio <strong>Faini<\/strong> und Ruggero <strong>Zobbio<\/strong> sind die zwei <strong>Gesch\u00e4ftsf\u00fchrer<\/strong><\/p>\n<p>Ezio <strong>Arbezzano<\/strong> ist der <strong>Werk- und Produktionsleiter<\/strong> f\u00fcr das Werk in Ciri\u00e8. Zusammen mit Gianni Palermo, unser Technischer Direktor, f\u00fchrt die Entwicklung und Erstellung von Maschinen und Anlagen im Auftrag des Kunden.<\/p>\n<p>Schlie\u00dflich, aber nicht zuletzt, unser <strong>technische<\/strong> <strong>Leiter<\/strong> bietet seine Fachkenntnisse und Erfahrungen um L\u00f6sungen an technische Probleme zu finden, stellt sich zur Verf\u00fcgung f\u00fcr Kl\u00e4rungen und bietet <strong>24-Stunden technische<\/strong> Unterst\u00fctzung f\u00fcr Kunden.<\/p>\n<\/div>\n<\/div>\n<\/div>\n<p>[\/vc_column_text][\/vc_column][vc_column width=&#8220;1\/3&#8243;][vc_column_text css=&#8220;.vc_custom_1505224482774{padding-top: 25px !important;padding-right: 25px !important;padding-bottom: 25px !important;padding-left: 25px !important;background-color: #d8d8d8 !important;}&#8220;]<\/p>\n<h3 class=\"box-title\">Kontakt<\/h3>\n<p><strong>Gesch\u00e4ftsleitung<\/strong><\/p>\n<p><a href=\"mailto:faini@farmbrass.com\">faini@farmbrass.com<\/a><\/p>\n<p><a href=\"mailto:zobbio@farmbrass.com\">zobbio@farmbrass.com<\/a><\/p>\n<p><strong>Kunden-service-center<\/strong><\/p>\n<p><a href=\"mailto:arbezzano@farmbrass.com\">arbezzano@farmbrass.com<\/a><\/p>\n<p><strong>Vertrieb<\/strong><\/p>\n<p><a href=\"mailto:commerciale@farmbrass.com\">commerciale@farmbrass.com<\/a><\/p>\n<p><strong>Buchhaltung<\/strong><\/p>\n<p><a href=\"mailto:bollea@farmbrass.com\">bollea@farmbrass.com<\/a><\/p>\n<p><a href=\"mailto:colombo@farmbrass.com\">colombo@farmbrass.com<\/a><\/p>\n<p><strong>Forschung und Entwicklung<\/strong><\/p>\n<p><a href=\"mailto:ufficiotecnico@farmbrass.com\">ufficiotecnico@farmbrass.com<\/a><\/p>\n<p><a href=\"mailto:palermo@farmbrass.com\">palermo@farmbrass.com<\/a><\/p>\n<p><strong>Einkauf<\/strong><\/p>\n<p><a href=\"mailto:acquisti@farmbrass.com\">acquisti@farmbrass.com<\/a><\/p>\n<p><a href=\"mailto:caruso@farmbrass.com\">caruso@farmbrass.com<\/a><\/p>\n<p><strong>Sonstiges<\/strong><\/p>\n<p><a href=\"mailto:info@farmbrass.com\">info@farmbrass.com<\/a>[\/vc_column_text][\/vc_column][\/vc_row]<\/p>","protected":false},"excerpt":{"rendered":"<p>[vc_row full_width=&#8220;stretch_row_content_no_spaces&#8220; content_placement=&#8220;top&#8220; bg_type=&#8220;image&#8220; parallax_style=&#8220;vcpb-default&#8220; bg_image_new=&#8220;id^1820|url^http:\/\/kelevrabetatest.it\/farmbrass\/wp-content\/uploads\/2015\/09\/DSC_6851low.jpg|caption^null|alt^null|title^DSC_6851low|description^null&#8220; bg_image_repeat=&#8220;no-repeat&#8220; parallax_content=&#8220;parallax_content_value&#8220; el_class=&#8220;video-pagine&#8220;][vc_column][vc_raw_html]JTNDZGl2JTIwY2xhc3MlM0QlMjJvcGFjaXR5JTIyJTNFJTNDJTJGZGl2JTNF[\/vc_raw_html][\/vc_column][\/vc_row][vc_row][vc_column][vc_empty_space height=&#8220;30px&#8220;][\/vc_column][\/vc_row][vc_row][vc_column width=&#8220;2\/3&#8243;][vc_empty_space height=&#8220;30px&#8220;][vc_single_image image=&#8220;1904&#8243; img_size=&#8220;full&#8220; alignment=&#8220;center&#8220; style=&#8220;vc_box_shadow&#8220;][vc_column_text] Wir haben ein hoch motivierten und dynamischen Team bereit f\u00fcr neue Herausforderungen, dass als eigene Philosophie, den Kunden als Schwerpunkt des Projektes stellt. Der Kunde ist dazu in jeden Teil des Produktionsprozesses verwickelt. Eugenio Faini und Ruggero Zobbio sind [&hellip;]<\/p>\n","protected":false},"author":1,"featured_media":0,"parent":0,"menu_order":0,"comment_status":"open","ping_status":"closed","template":"","meta":{"footnotes":""},"_links":{"self":[{"href":"https:\/\/www.farmbrass.com\/de\/wp-json\/wp\/v2\/pages\/405"}],"collection":[{"href":"https:\/\/www.farmbrass.com\/de\/wp-json\/wp\/v2\/pages"}],"about":[{"href":"https:\/\/www.farmbrass.com\/de\/wp-json\/wp\/v2\/types\/page"}],"author":[{"embeddable":true,"href":"https:\/\/www.farmbrass.com\/de\/wp-json\/wp\/v2\/users\/1"}],"replies":[{"embeddable":true,"href":"https:\/\/www.farmbrass.com\/de\/wp-json\/wp\/v2\/comments?post=405"}],"version-history":[{"count":66,"href":"https:\/\/www.farmbrass.com\/de\/wp-json\/wp\/v2\/pages\/405\/revisions"}],"predecessor-version":[{"id":2989,"href":"https:\/\/www.farmbrass.com\/de\/wp-json\/wp\/v2\/pages\/405\/revisions\/2989"}],"wp:attachment":[{"href":"https:\/\/www.farmbrass.com\/de\/wp-json\/wp\/v2\/media?parent=405"}],"curies":[{"name":"wp","href":"https:\/\/api.w.org\/{rel}","templated":true}]}}