{"id":661,"date":"2016-07-26T14:46:58","date_gmt":"2016-07-26T12:46:58","guid":{"rendered":"http:\/\/kelevrabetatest.it\/farmbrass\/?page_id=661"},"modified":"2017-09-15T15:03:07","modified_gmt":"2017-09-15T13:03:07","slug":"prodotti","status":"publish","type":"page","link":"https:\/\/www.farmbrass.com\/de\/prodotti\/","title":{"rendered":"PRODUKTE"},"content":{"rendered":"<p>[vc_row full_width=&#8220;stretch_row_content_no_spaces&#8220; content_placement=&#8220;top&#8220; bg_type=&#8220;image&#8220; parallax_style=&#8220;vcpb-default&#8220; bg_image_new=&#8220;id^1900|url^http:\/\/kelevrabetatest.it\/farmbrass\/wp-content\/uploads\/2016\/07\/DSC_7000low.jpg|caption^null|alt^null|title^DSC_7000low|description^null&#8220; parallax_content=&#8220;parallax_content_value&#8220; el_class=&#8220;video-pagine&#8220;][vc_column]<div class=\"ult-animation  ult-animate-viewport  ult-no-mobile \" data-animate=\"fadeIn\" data-animation-delay=\"0\" data-animation-duration=\"3\" data-animation-iteration=\"1\" style=\"opacity:0;\" data-opacity_start_effect=\"\"><div class=\"bizspeak-title bizspeak-title-style3 titolo-video\" style=\"text-align:left\"><h2 style=\"text-transform:uppercase;padding:0px 0px 50px 0px;margin:25px auto 0px;font-weight:300;font-size:32px;color:#000000;\">PRODUKTE<\/h2><\/div><\/div>[vc_raw_html]JTNDZGl2JTIwY2xhc3MlM0QlMjJvcGFjaXR5JTIyJTNFJTNDJTJGZGl2JTNF[\/vc_raw_html][\/vc_column][\/vc_row][vc_row][vc_column][vc_empty_space height=&#8220;30px&#8220;][\/vc_column][\/vc_row][vc_row][vc_column width=&#8220;2\/3&#8243;][vc_row_inner][vc_column_inner]<div id=\"ultimate-heading-975169f56d509c490\" class=\"uvc-heading ult-adjust-bottom-margin ultimate-heading-975169f56d509c490 uvc-1268 \" data-hspacer=\"no_spacer\"  data-halign=\"left\" style=\"text-align:left\"><div class=\"uvc-heading-spacer no_spacer\" style=\"top\"><\/div><div class=\"uvc-main-heading ult-responsive\"  data-ultimate-target='.uvc-heading.ultimate-heading-975169f56d509c490 h2'  data-responsive-json-new='{\"font-size\":\"\",\"line-height\":\"\"}' ><h2 style=\"font-weight:normal;color:#353535;\">Metall Heizung automatischer Ofen.<\/h2><\/div><\/div><div class=\"bizspeak-title bizspeak-title-style1 titolo-sopra\" style=\"text-align:left\"><h2 class=\"title-border\" style=\"text-transform:uppercase;padding:0;margin:0 0 0 0;font-weight:300;font-size:26px;color:#333333;\"> <\/h2><\/div>[vc_empty_space height=&#8220;30px&#8220;][\/vc_column_inner][\/vc_row_inner][vc_column_text]<\/p>\n<p class=\"p1\"><strong>FARMBRASS<\/strong> \u00d6fen sind vollautomatisch in Ladefunktionen, interne Handhabung und Entladung an der Presse.<\/p>\n<p>Unsere \u00d6fen zeichnen sich durch die extreme Vielseitigkeit der Anwendung in Bezug auf die verschiedenen Formen und Gr\u00f6\u00dfe der zu erw\u00e4rmenden Teile und die hohe Produktivit\u00e4t in einem extrem geringen Platzbedarf.<\/p>\n<p>Die Temperatur kann durch proportionale Modulation geregelt werden mit Erhebungen in verschiedene Bereiche der Brennkammer.<\/p>\n<p>Die Modulation sowohl als auch der Verwendung von Gas als Brennstoff erlaubt Kosteneinsparung und erzeugt Gleichf\u00f6rmigkeit der Temperatur, die bis zu 4 Teile pro Zyklus in geschlossener Form zu einspritzen zul\u00e4sst.<\/p>\n<p>Die Verwendung von eingespritzte Teile ist derzeit in allen Industriesektoren verbreitet: <strong>DAS BEDEUTET F\u00dcR FARM BRASS EINE VIELZAHL VON DURCHSTOSS\u00d6FEN UND F\u00d6RDERBAND\u00d6FEN AUF DEN MARKT ZU ANBIETEN.<\/strong><\/p>\n<p>[\/vc_column_text][vc_row_inner][vc_column_inner]<div class=\" ubtn-ctn-center \"><a class=\"ubtn-link ult-adjust-bottom-margin ubtn-center ubtn-block \" href = \"http:\/\/www.farmbrass.com\/catalogo-prodotti\/\" target='' ><button type=\"button\" id=\"ubtn-1273\" class=\"ubtn ult-adjust-bottom-margin ult-responsive ubtn-block ubtn-no-hover-bg  ulta-pulse  ubtn-sep-icon ubtn-sep-icon-at-left  ubtn-shd  ubtn-center  shd-bottom tooltip-69f56d509c522 ubtn-block\"  data-hover=\"#333333\" data-border-color=\"\" data-bg=\"#dd3333\" data-hover-bg=\"#dd0000\" data-border-hover=\"\" data-shadow-hover=\"0 3px #eaeaea;\" data-shadow-click=\"\" data-shadow=\"0 5px #f2f2f2;\" data-shd-shadow=\"5\"  data-ultimate-target='#ubtn-1273'  data-responsive-json-new='{\"font-size\":\"desktop:18px;\",\"line-height\":\"\"}'  style=\"font-weight:bold;border:none;box-shadow: 0 5px #f2f2f2;background: #dd3333;color: #ffffff;\"><span class=\"ubtn-data ubtn-icon\"><i class=\"Defaults-list\" style=\"font-size:20px;color:#ffffff;\"><\/i><\/span><span class=\"ubtn-hover\" style=\"background-color:#dd0000\"><\/span><span class=\"ubtn-data ubtn-text \" >Entdecken Sie unseren Katalog<\/span><\/button><\/a><\/div>[\/vc_column_inner][\/vc_row_inner][vc_row_inner][vc_column_inner width=&#8220;1\/2&#8243;]<div id=\"ultimate-heading-569f56d509c545\" class=\"uvc-heading ult-adjust-bottom-margin ultimate-heading-569f56d509c545 uvc-2398 \" data-hspacer=\"no_spacer\"  data-halign=\"left\" style=\"text-align:left\"><div class=\"uvc-heading-spacer no_spacer\" style=\"top\"><\/div><div class=\"uvc-main-heading ult-responsive\"  data-ultimate-target='.uvc-heading.ultimate-heading-569f56d509c545 h2'  data-responsive-json-new='{\"font-size\":\"\",\"line-height\":\"\"}' ><h2 style=\"font-weight:normal;color:#353535;\">Erfahrung und Teamarbeit<\/h2><\/div><\/div><div class=\"bizspeak-title bizspeak-title-style1 titolo-sopra\" style=\"text-align:left\"><h2 class=\"title-border\" style=\"text-transform:uppercase;padding:0;margin:0 0 0 0;font-weight:300;font-size:26px;color:#333333;\"> <\/h2><\/div>[vc_empty_space height=&#8220;30px&#8220;][vc_column_text]<\/p>\n<p class=\"p1\" style=\"text-align: justify;\">Seit den ersten Rotationsmaschinen im <strong>1975<\/strong> bis jetzt haben wir eine einzigartige Erfahrung in Hei\u00dfpr\u00e4ge akkumuliert. Seitdem ist unsere Firma stetig gewachsen und investiert in modernste Technologie um die wachsenden Erwartungen unserer Kunden mit hochperformanten Dienstleistungen zu erf\u00fcllen.<\/p>\n<p>Jeder Ofen, der aus unseren Werk kommt, ist das Ergebnis einer Teamarbeit, wo Designer, Mechaniker und Techniker sind, st\u00e4ndig verpflichtet, <strong>ZUVERL\u00c4SSIGE, ROBUSTE UND DAUERHAFTE PRODUKTE<\/strong> zu herstellen.<\/p>\n<p>Unser Arbeit ist nicht nur die Erstellung von automatischen \u00d6fen, sondern auch kundenorientierte L\u00f6sungen wegen konkrete Produktionsschwierigkeiten zu finden. Qualifizierten Mitarbeiter bieten jeden Tag Konsistenz und Professionalit\u00e4t im Sinne des Kunden. .<\/p>\n<p>[\/vc_column_text][\/vc_column_inner][vc_column_inner width=&#8220;1\/2&#8243;]<div id=\"ultimate-heading-947569f56d509c59e\" class=\"uvc-heading ult-adjust-bottom-margin ultimate-heading-947569f56d509c59e uvc-7782 \" data-hspacer=\"no_spacer\"  data-halign=\"left\" style=\"text-align:left\"><div class=\"uvc-heading-spacer no_spacer\" style=\"top\"><\/div><div class=\"uvc-main-heading ult-responsive\"  data-ultimate-target='.uvc-heading.ultimate-heading-947569f56d509c59e h2'  data-responsive-json-new='{\"font-size\":\"\",\"line-height\":\"\"}' ><h2 style=\"font-weight:normal;color:#353535;\">Entwickelnde Welt<\/h2><\/div><\/div><div class=\"bizspeak-title bizspeak-title-style1 titolo-sopra\" style=\"text-align:left\"><h2 class=\"title-border\" style=\"text-transform:uppercase;padding:0;margin:0 0 0 0;font-weight:300;font-size:26px;color:#333333;\"> <\/h2><\/div>[vc_empty_space height=&#8220;30px&#8220;][vc_column_text]<\/p>\n<p class=\"p1\" style=\"text-align: justify;\"><strong>Farm Brass<\/strong> ist immer bereit die neuen Herausforderungen anzunehmen, die aus der neuesten Technologie der Elektronik Verformung und aus der Informatik kommen.<\/p>\n<p>Hohe Qualit\u00e4t und steigende Produktionsmengen erfordern eine kontinuierliche Heizung von St\u00fccke, homogene und pr\u00e4zise Temperaturen, Vereinbarkeit von modernsten Pressen und st\u00e4ndige Kontrolle der Produktionsdaten: Es geschieht alles im Brennkammer, unzerst\u00f6rbares Herz unserer \u00d6fen.<\/p>\n<p>In <strong>FARMBRASS<\/strong> wird jede neue Anfrage den Ausgangspunkt f\u00fcr die Technikverbesserung und um neue L\u00f6sungen zu vorschlagen. Aus diesem Grund hat <strong>FARM BRASS<\/strong> seit mehreren Jahren eine enge Zusammenarbeit mit nationalen und internationalen Partner begr\u00fcndet und hat das Vertrauen seine zufriedenen Kunden mehr und mehr gewonnen.<\/p>\n<p>[\/vc_column_text][\/vc_column_inner][\/vc_row_inner][\/vc_column][vc_column width=&#8220;1\/3&#8243;][vc_row_inner][vc_column_inner]<div id=\"ultimate-heading-517669f56d509c5f3\" class=\"uvc-heading ult-adjust-bottom-margin ultimate-heading-517669f56d509c5f3 uvc-4716 \" data-hspacer=\"no_spacer\"  data-halign=\"left\" style=\"text-align:left\"><div class=\"uvc-heading-spacer no_spacer\" style=\"top\"><\/div><div class=\"uvc-main-heading ult-responsive\"  data-ultimate-target='.uvc-heading.ultimate-heading-517669f56d509c5f3 h2'  data-responsive-json-new='{\"font-size\":\"\",\"line-height\":\"\"}' ><h2 style=\"font-weight:normal;color:#353535;\">Produkte<\/h2><\/div><\/div><div class=\"bizspeak-title bizspeak-title-style1 titolo-sopra\" style=\"text-align:left\"><h2 class=\"title-border\" style=\"text-transform:uppercase;padding:0;margin:0 0 0 0;font-weight:300;font-size:26px;color:#333333;\"> <\/h2><\/div>[vc_empty_space height=&#8220;30px&#8220;][\/vc_column_inner][\/vc_row_inner][vc_tta_accordion][vc_tta_section title=&#8220;Durchsto\u00dfofen&#8220; tab_id=&#8220;1476114028968-022df8db-870c&#8220; add_icon=&#8220;true&#8220;][vc_row_inner][vc_column_inner][vc_single_image image=&#8220;1205&#8243; img_size=&#8220;&#8220;][vc_column_text]<\/p>\n<p class=\"p1\"><strong>Messing, Kupfer, Bronze und Aluminium<\/strong><\/p>\n<p class=\"p1\"><span class=\"s1\"><strong>Farmbrass<\/strong> Durchst\u00f6ss\u00f6fen sind in zwei Serien unterteilt: S-Serie und IG-Serie.<\/span><\/p>\n<p class=\"p2\">Beide sind zum Heizen des Messings gewidmet, k\u00f6nnen aber auch f\u00fcr das Heizen von anderen Nichteisenmetallen benutzen, wie zum Beispiel Aluminium. Die Verbrennungsanlage ist in eine oder mehrere Zonen aufgeteilt entsprechend der L\u00e4nge der Heizkammer (1Z-2Z-3Z).<\/p>\n<p>Die Anzahl von Leiter (oder Strecken) \u00e4ndert sich gem\u00e4\u00df Produktionsbedarf (2G \u2013 3G \u2013 4G). Zwischen die Produkten herstellt von <strong>Farm Brass<\/strong> in dieser besonderen Produktion gibt es Metallstange, geschmiedete Komponenten, Gusseisen und Stahlguss, Schienen und Verschlie\u00dfleiste, Rohre und gesinterte Komponenten.<\/p>\n<p>Die Heterogenit\u00e4t und Weite der Produkte von<strong> Farm Brass<\/strong> bieten eine breite Palette von Kundenangeboten und spezifische Teile angepasst die Kundenbed\u00fcrfnisse.<\/p>\n<p>[\/vc_column_text][\/vc_column_inner][\/vc_row_inner][\/vc_tta_section][vc_tta_section title=&#8220;F\u00f6rderband\u00f6fen&#8220; tab_id=&#8220;1476115449143-3cefb64f-5493&#8243; add_icon=&#8220;true&#8220;][vc_row_inner][vc_column_inner][vc_single_image image=&#8220;1168&#8243; img_size=&#8220;&#8220;][vc_column_text]<\/p>\n<p class=\"p1\"><strong>Messing, Aluminium<\/strong><\/p>\n<p class=\"p1\"><strong>Farm Brass<\/strong> F\u00f6rderband\u00f6fen sind in drei Kategorien unterteilt: IGR Serie, NO Serie und NA Serie.<\/p>\n<p>Die Ersten beiden sind zum Heizen des Messings gewidmet, k\u00f6nnen aber auch f\u00fcr das Heizen von anderen Nichteisenmetallen; der Dritte ist jedoch spezifisch f\u00fcr die Erw\u00e4rmung von Aluminium.<\/p>\n<p>Auch f\u00fcr F\u00f6rderband\u00f6fen ist die Verbrennungsanlage in eine oder mehrere Zonen unterteilt gem\u00e4\u00df der L\u00e4nge der Heizkammer (1Z-2Z-3Z). Abh\u00e4ngig von der Zusammensetzung des Bandes (OI Teppich) kann eine oder mehrere St\u00fccks\u00e4ulen geladen werden.<\/p>\n<p>Auch f\u00fcr F\u00f6rderband\u00f6fen garantiert <strong>Farm Brass<\/strong> die Herstellung von Metallstange, geschmiedete Komponenten, Gusseisen und Stahlguss, Schienen und Verschlie\u00dfleiste, Rohre und gesinterte Komponenten.<\/p>\n<p>[\/vc_column_text][\/vc_column_inner][\/vc_row_inner][\/vc_tta_section][vc_tta_section title=&#8220;\u00d6fen f\u00fcr die W\u00e4rmebehandlung&#8220; tab_id=&#8220;1476115447187-bc637183-bf1c&#8220; add_icon=&#8220;true&#8220;][vc_row_inner][vc_column_inner][vc_single_image image=&#8220;2383&#8243; img_size=&#8220;&#8220;][vc_column_text]<\/p>\n<p class=\"p1\"><strong>Messing, Aluminium<\/strong><\/p>\n<p class=\"p1\">Dank der indirekten Heiztechnik durch Zwangsumluft von Hei\u00dfluft und der M\u00f6glichkeit bei Temperaturen zwischen 150 \u00b0 C und 600 \u00b0 C zu arbeiten, die IGT-Serien Anlagen f\u00fcr die W\u00e4rmebehandlung, die von Farm Brass entwickelt sind, repr\u00e4sentieren die optimale L\u00f6sung f\u00fcr Ihre Bed\u00fcrfnisse.<\/p>\n<p>Farm Brass bietet technischen und funktionalen L\u00f6sungen f\u00fcr die Herstellung von personalisierten Systemen f\u00fcr alle Arten von thermischen Behandlung. Unter ihnen befinden sich: Kasten auf Rollen oder Schienen, St\u00fccke auf Band oder Teppich, Schutzatmosph\u00e4re, Alterung, Solubilisierung, H\u00e4rten, Anlassen (Bl\u00e4uen) usw. All dies umsetzt in ein endg\u00fcltiges hochwertiges Ergebnis in der thermischen Behandlung um den Kunden ma\u00dfgeschneiderte Produkte, die das h\u00f6chsten Qualit\u00e4tsstandards zufriedenstellen.<\/p>\n<p>[\/vc_column_text][\/vc_column_inner][\/vc_row_inner][\/vc_tta_section][\/vc_tta_accordion][\/vc_column][\/vc_row][vc_row bg_type=&#8220;grad&#8220; bg_override=&#8220;full&#8220; bg_grad=&#8220;background: -webkit-gradient(linear, left top, left bottom, color-stop(0%, #E3E3E3), color-stop(100%, #BABABA));background: -moz-linear-gradient(top,#E3E3E3 0%,#BABABA 100%);background: -webkit-linear-gradient(top,#E3E3E3 0%,#BABABA 100%);background: -o-linear-gradient(top,#E3E3E3 0%,#BABABA 100%);background: -ms-linear-gradient(top,#E3E3E3 0%,#BABABA 100%);background: linear-gradient(top,#E3E3E3 0%,#BABABA 100%);&#8220;][vc_column width=&#8220;1\/2&#8243;][vc_row_inner][vc_column_inner width=&#8220;1\/4&#8243;][\/vc_column_inner][vc_column_inner width=&#8220;1\/2&#8243;][vc_round_chart type=&#8220;doughnut&#8220; stroke_width=&#8220;2&#8243; legend=&#8220;&#8220; values=&#8220;%5B%7B%22title%22%3A%22Clienti%20Soddisfatti%22%2C%22value%22%3A%22100%22%2C%22color%22%3A%22juicy-pink%22%2C%22custom_color%22%3A%22%2300c1cf%22%7D%5D&#8220;][\/vc_column_inner][vc_column_inner width=&#8220;1\/4&#8243;][\/vc_column_inner][\/vc_row_inner][vc_row_inner][vc_column_inner]<div class=\"stats-block stats-top  \"><div class=\"aio-icon-top\"><div class=\"ult-just-icon-wrapper  \"><div class=\"align-icon\" style=\"text-align:center;\">\n<div class=\"aio-icon none \"  style=\"color:#333333;font-size:32px;display:inline-block;\">\n\t<i class=\"Defaults-group users\"><\/i>\n<\/div><\/div><\/div><\/div><div class=\"stats-desc\" id=\"counter-responsv-wrap-4465\"><div id=\"counter_32123666869f56d509c6c2\" data-id=\"counter_32123666869f56d509c6c2\"  data-ultimate-target='#counter-responsv-wrap-4465 .stats-number'  data-responsive-json-new='{\"font-size\":\"\",\"line-height\":\"\"}'  class=\"stats-number ult-responsive\" style=\"font-size:28px;  \" data-speed=\"3\" data-counter-value=\"100\" data-separator=\",\" data-decimal=\".\">0<\/div><div class=\"counter_suffix mycust ult-responsive\"  data-ultimate-target='#counter-responsv-wrap-4465 .mycust'  data-responsive-json-new='{\"font-size\":\"\",\"line-height\":\"\"}'  style=\"font-size:28px; color:\">%<\/div><div counter-responsv-wrap-4465  data-ultimate-target='#counter-responsv-wrap-4465 .stats-text'  data-responsive-json-new='{\"font-size\":\"\",\"line-height\":\"\"}'  class=\"stats-text ult-responsive\" style=\"font-size:18px;  \">Zufriedene Kunden<\/div><\/div><\/div>[\/vc_column_inner][\/vc_row_inner][\/vc_column][vc_column width=&#8220;1\/2&#8243;][vc_row_inner][vc_column_inner]<div id=\"ultimate-heading-454569f56d509c6d9\" class=\"uvc-heading ult-adjust-bottom-margin ultimate-heading-454569f56d509c6d9 uvc-4396 \" data-hspacer=\"no_spacer\"  data-halign=\"left\" style=\"text-align:left\"><div class=\"uvc-heading-spacer no_spacer\" style=\"top\"><\/div><div class=\"uvc-main-heading ult-responsive\"  data-ultimate-target='.uvc-heading.ultimate-heading-454569f56d509c6d9 h2'  data-responsive-json-new='{\"font-size\":\"\",\"line-height\":\"\"}' ><h2 style=\"font-weight:normal;color:#353535;\">Zuverl\u00e4ssigkeit und Dienstleistungen<\/h2><\/div><\/div><div class=\"bizspeak-title bizspeak-title-style1 titolo-sopra\" style=\"text-align:left\"><h2 class=\"title-border\" style=\"text-transform:uppercase;padding:0;margin:0 0 0 0;font-weight:300;font-size:26px;color:#333333;\"> <\/h2><\/div>[vc_empty_space height=&#8220;30px&#8220;][\/vc_column_inner][\/vc_row_inner][vc_column_text]<\/p>\n<p class=\"p1\">Kontrolle kommt aus ausgebaute und konsolidierte Methode der Arbeit und das st\u00e4ndige Engagement zur t\u00e4gliche Verbesserung von Produkte und Dienstleistungen. So kann das Unternehmen anbieten ein ma\u00dfgeschneidertes Fertigprodukt nach Kundenbed\u00fcrfnissen und Anforderungen.<\/p>\n<p>Unsere Arbeit ist nicht nur die erstellung von automatischen \u00d6fen, sondern auch kundenorientierte L\u00f6sungen wegen konkrete Produktionsschwierigkeiten zu finden. Unser Team zeigt eine starke probleml\u00f6sungsorientierte Einstellung und kann immer finden die beste L\u00f6sung, die zum Kundenw\u00fcnsche passt.<\/p>\n<hr \/>\n<p class=\"p1\">Alle unsere \u00d6fen sind das Ergebnis einer Teamarbeit , wo Designer, Mechaniker und Techniker verpflichten sich, zuverl\u00e4ssige, robuste und langlebige Produkte auszuf\u00fchren. Die Zugeh\u00f6rigkeit unseres Teams, das seit vielen Jahren zusammenarbeitet, stellt sicher ein fertiges Produkt innerhalb der vorgegebenen Zeiten nach h\u00f6chsten Qualit\u00e4tsstandards. Die Qualit\u00e4t, Professionalit\u00e4t und P\u00fcnktlichkeit der angebotenen Dienstleistungen, hat <strong>Farm Brass<\/strong> einer der f\u00fchrenden Unternehmen in der Branche gemacht.<\/p>\n<p>[\/vc_column_text][\/vc_column][\/vc_row]<\/p>","protected":false},"excerpt":{"rendered":"<p>[vc_row full_width=&#8220;stretch_row_content_no_spaces&#8220; content_placement=&#8220;top&#8220; bg_type=&#8220;image&#8220; parallax_style=&#8220;vcpb-default&#8220; bg_image_new=&#8220;id^1900|url^http:\/\/kelevrabetatest.it\/farmbrass\/wp-content\/uploads\/2016\/07\/DSC_7000low.jpg|caption^null|alt^null|title^DSC_7000low|description^null&#8220; parallax_content=&#8220;parallax_content_value&#8220; el_class=&#8220;video-pagine&#8220;][vc_column][vc_raw_html]JTNDZGl2JTIwY2xhc3MlM0QlMjJvcGFjaXR5JTIyJTNFJTNDJTJGZGl2JTNF[\/vc_raw_html][\/vc_column][\/vc_row][vc_row][vc_column][vc_empty_space height=&#8220;30px&#8220;][\/vc_column][\/vc_row][vc_row][vc_column width=&#8220;2\/3&#8243;][vc_row_inner][vc_column_inner][vc_empty_space height=&#8220;30px&#8220;][\/vc_column_inner][\/vc_row_inner][vc_column_text] FARMBRASS \u00d6fen sind vollautomatisch in Ladefunktionen, interne Handhabung und Entladung an der Presse. Unsere \u00d6fen zeichnen sich durch die extreme Vielseitigkeit der Anwendung in Bezug auf die verschiedenen Formen und Gr\u00f6\u00dfe der zu erw\u00e4rmenden Teile und die hohe Produktivit\u00e4t in einem extrem geringen Platzbedarf. [&hellip;]<\/p>\n","protected":false},"author":1,"featured_media":0,"parent":0,"menu_order":0,"comment_status":"closed","ping_status":"closed","template":"","meta":{"footnotes":""},"_links":{"self":[{"href":"https:\/\/www.farmbrass.com\/de\/wp-json\/wp\/v2\/pages\/661"}],"collection":[{"href":"https:\/\/www.farmbrass.com\/de\/wp-json\/wp\/v2\/pages"}],"about":[{"href":"https:\/\/www.farmbrass.com\/de\/wp-json\/wp\/v2\/types\/page"}],"author":[{"embeddable":true,"href":"https:\/\/www.farmbrass.com\/de\/wp-json\/wp\/v2\/users\/1"}],"replies":[{"embeddable":true,"href":"https:\/\/www.farmbrass.com\/de\/wp-json\/wp\/v2\/comments?post=661"}],"version-history":[{"count":142,"href":"https:\/\/www.farmbrass.com\/de\/wp-json\/wp\/v2\/pages\/661\/revisions"}],"predecessor-version":[{"id":2432,"href":"https:\/\/www.farmbrass.com\/de\/wp-json\/wp\/v2\/pages\/661\/revisions\/2432"}],"wp:attachment":[{"href":"https:\/\/www.farmbrass.com\/de\/wp-json\/wp\/v2\/media?parent=661"}],"curies":[{"name":"wp","href":"https:\/\/api.w.org\/{rel}","templated":true}]}}