{"id":248,"date":"2015-08-28T05:28:45","date_gmt":"2015-08-28T03:28:45","guid":{"rendered":"http:\/\/themewinter.com\/WP\/bizspeak\/?page_id=248"},"modified":"2020-08-26T10:09:54","modified_gmt":"2020-08-26T08:09:54","slug":"azienda","status":"publish","type":"page","link":"https:\/\/www.farmbrass.com\/es\/azienda\/","title":{"rendered":"(Italiano) Azienda"},"content":{"rendered":"<p>[vc_row full_width=\u00bbstretch_row_content_no_spaces\u00bb content_placement=\u00bbtop\u00bb bg_type=\u00bbimage\u00bb parallax_style=\u00bbvcpb-default\u00bb bg_image_new=\u00bbid^1911|url^http:\/\/kelevrabetatest.it\/farmbrass\/wp-content\/uploads\/2015\/09\/DSC_6768-come-oggetto-avanzato-11920.jpg|caption^null|alt^null|title^DSC_6768 come oggetto avanzato-11920|description^null\u00bb bg_image_repeat=\u00bbno-repeat\u00bb parallax_content=\u00bbparallax_content_value\u00bb el_class=\u00bbvideo-pagine\u00bb][vc_column]<div class=\"ult-animation  ult-animate-viewport  ult-no-mobile \" data-animate=\"fadeIn\" data-animation-delay=\"0\" data-animation-duration=\"3\" data-animation-iteration=\"1\" style=\"opacity:0;\" data-opacity_start_effect=\"\"><div class=\"bizspeak-title bizspeak-title-style3 titolo-video\" style=\"text-align:left\"><h2 style=\"text-transform:uppercase;padding:0px 0px 50px 0px;margin:25px auto 0px;font-weight:300;font-size:32px;color:#000000;\">Empresa<\/h2><\/div><\/div>[vc_raw_html]JTNDZGl2JTIwY2xhc3MlM0QlMjJvcGFjaXR5JTIyJTNFJTNDJTJGZGl2JTNF[\/vc_raw_html][\/vc_column][\/vc_row][vc_row][vc_column][vc_empty_space height=\u00bb30px\u00bb][vc_row_inner el_class=\u00bbmobile-no tablet-no\u00bb][vc_column_inner width=\u00bb1\/6&#8243;]<div id=\"ultimate-heading-234469e42919d6a50\" class=\"uvc-heading ult-adjust-bottom-margin ultimate-heading-234469e42919d6a50 uvc-2959 \" data-hspacer=\"no_spacer\"  data-halign=\"left\" style=\"text-align:left\"><div class=\"uvc-heading-spacer no_spacer\" style=\"top\"><\/div><div class=\"uvc-main-heading ult-responsive\"  data-ultimate-target='.uvc-heading.ultimate-heading-234469e42919d6a50 h2'  data-responsive-json-new='{\"font-size\":\"desktop:28px;\",\"line-height\":\"desktop:28px;\"}' ><h2 style=\"font-family:'Archivo Black';font-style:italic;font-weight:bold;color:#d20000;\">farmbrass<\/h2><\/div><\/div>[\/vc_column_inner][vc_column_inner width=\u00bb2\/3&#8243;]<div id=\"ultimate-heading-24769e42919d6a6f\" class=\"uvc-heading ult-adjust-bottom-margin ultimate-heading-24769e42919d6a6f uvc-7540 \" data-hspacer=\"no_spacer\"  data-halign=\"left\" style=\"text-align:left\"><div class=\"uvc-heading-spacer no_spacer\" style=\"top\"><\/div><div class=\"uvc-main-heading ult-responsive\"  data-ultimate-target='.uvc-heading.ultimate-heading-24769e42919d6a6f h2'  data-responsive-json-new='{\"font-size\":\"\",\"line-height\":\"\"}' ><h2 style=\"font-weight:normal;color:#353535;\">una historia de enorme \u00e9xito<\/h2><\/div><\/div>[\/vc_column_inner][vc_column_inner width=\u00bb1\/6&#8243;][\/vc_column_inner][\/vc_row_inner][vc_row_inner el_class=\u00bbdesktop-no\u00bb][vc_column_inner]<div id=\"ultimate-heading-454769e42919d6a86\" class=\"uvc-heading ult-adjust-bottom-margin ultimate-heading-454769e42919d6a86 uvc-2497 desktop-no\" data-hspacer=\"no_spacer\"  data-halign=\"left\" style=\"text-align:left\"><div class=\"uvc-heading-spacer no_spacer\" style=\"top\"><\/div><div class=\"uvc-main-heading ult-responsive\"  data-ultimate-target='.uvc-heading.ultimate-heading-454769e42919d6a86 h2'  data-responsive-json-new='{\"font-size\":\"\",\"line-height\":\"\"}' ><h2 style=\"font-weight:normal;color:#353535;\">Farmbrass una historia de enorme \u00e9xito<\/h2><\/div><\/div>[\/vc_column_inner][\/vc_row_inner]<div class=\"bizspeak-title bizspeak-title-style1 titolo-sopra\" style=\"text-align:left\"><h2 class=\"title-border\" style=\"text-transform:uppercase;padding:0;margin:0 0 0 0;font-weight:300;font-size:26px;color:#333333;\"> <\/h2><\/div>[vc_empty_space height=\u00bb30px\u00bb][vc_row_inner][vc_column_inner width=\u00bb1\/2&#8243;][vc_column_text]<strong>Farm Brass<\/strong> es l\u00edder desde hace m\u00e1s de <strong>cuarenta a\u00f1os<\/strong> en el sector del recalentamiento de metales. Nuestra tecnolog\u00eda mejora constantemente para satisfacer las variadas necesidades de los clientes.<\/p>\n<p>En todos estos a\u00f1os, la empresa ha adquirido experiencia pr\u00e1ctica, poniendo su profesionalidad y conocimientos a disposici\u00f3n de una clientela cada vez m\u00e1s exigente.<\/p>\n<p><strong>FARM BRASS<\/strong> se presenta como socio del cliente en el \u00e1mbito del desarrollo productivo, con soluciones personalizadas e innovadoras. La labor de asistencia, mantenimiento, revisi\u00f3n y suministro de repuestos completa nuestra gama de servicios.<\/p>\n<p><strong>La calidad, la pasi\u00f3n y la gran profesionalidad<\/strong> de nuestros t\u00e9cnicos son el punto fuerte que nos permite una constante innovaci\u00f3n. El tama\u00f1o de la empresa nos permite mantener un permanente contacto con los clientes y garantizarles la plena satisfacci\u00f3n de las necesidades de cada uno de ellos.[\/vc_column_text][\/vc_column_inner][vc_column_inner width=\u00bb1\/2&#8243;]<div class=\"ult-animation  ult-animate-viewport  ult-no-mobile \" data-animate=\"fadeIn\" data-animation-delay=\"0\" data-animation-duration=\"3\" data-animation-iteration=\"1\" style=\"opacity:0;\" data-opacity_start_effect=\"\">[vc_single_image image=\u00bb1547&#8243; img_size=\u00bbfull\u00bb]<\/div>[\/vc_column_inner][\/vc_row_inner][\/vc_column][\/vc_row][vc_row][vc_column width=\u00bb1\/2&#8243;]<div class=\"info-wrapper ult-adjust-bottom-margin\"><div id=\"info-circle-wrapper-69e42919d6b0c\" data-uniqid=\"69e42919d6b0c\" class=\"info-circle-wrapper  info-circle-responsive \" data-half-percentage=\"70\" data-circle-type=\"full-circle\"><div class=\"info-c-full-br\" style='border:2px dashed #e1e1e1;width:70%;opacity:0;' data-start-degree=\"90\" data-divert=\"\" data-info-circle-angle=\"full\" data-responsive-circle=\"on\" data-responsive-breakpoint=\"800\" data-launch=\"linear\" data-launch-duration=\"1\" data-launch-delay=\"0.2\" data-slide-true=\"on\" data-slide-duration=\"5\" data-icon-size=\"28\" data-icon-show=\"not-show\" data-icon-show-size=\"\" data-highlight-style=\"info-circle-pop\" data-focus-on=\"hover\"><div  class=\"icon-circle-list\"><div class=\"info-circle-icons \" style=\"background:#f9f9f9;color:#000000;border-style:solid;border-width:1px;border-color:#d1d1d1;\"><i class=\"Defaults-thumbs-o-up\" ><\/i><\/div><div class=\"info-details\" data-icon-class=\"ult-info-circle-icon\"><div class=\"info-circle-def\"><div  class=\"info-circle-sub-def\"><i class=\"Defaults-thumbs-o-up\" ><\/i><div class=\"responsive-font-class ult-responsive\" ><h3  data-ultimate-target='#info-cirlce-wrap-1599 .responsive-font-class h3.new-cust-responsive-class'  data-responsive-json-new='{\"font-size\":\"desktop:20px;\",\"line-height\":\"\"}'  class=\"info-circle-heading ult-responsive new-cust-responsive-class\" style=\"font-family:'Raleway';font-weight:normal;\">Calidad<\/h3><div  class=\"info-circle-text \" style=\"font-family:'Raleway';font-weight:normal;font-style:normal;\"><\/div><\/div><\/div><\/div><\/div><div class=\"info-circle-icons \" style=\"background:#f9f9f9;color:#000000;border-style:solid;border-width:1px;border-color:#d1d1d1;\"><i class=\"Defaults-group users\" ><\/i><\/div><div class=\"info-details\" data-icon-class=\"ult-info-circle-icon\"><div class=\"info-circle-def\"><div  class=\"info-circle-sub-def\"><i class=\"Defaults-group users\" ><\/i><div class=\"responsive-font-class ult-responsive\" ><h3  data-ultimate-target='#info-cirlce-wrap-1599 .responsive-font-class h3.new-cust-responsive-class'  data-responsive-json-new='{\"font-size\":\"desktop:20px;\",\"line-height\":\"\"}'  class=\"info-circle-heading ult-responsive new-cust-responsive-class\" style=\"font-family:'Raleway';font-weight:normal;\">Profesionalidad<\/h3><div  class=\"info-circle-text \" style=\"font-family:'Raleway';font-weight:normal;font-style:normal;\"><\/div><\/div><\/div><\/div><\/div><div class=\"info-circle-icons \" style=\"background:#f9f9f9;color:#000000;border-style:solid;border-width:1px;border-color:#d1d1d1;\"><i class=\"Defaults-comments\" ><\/i><\/div><div class=\"info-details\" data-icon-class=\"ult-info-circle-icon\"><div class=\"info-circle-def\"><div  class=\"info-circle-sub-def\"><i class=\"Defaults-comments\" ><\/i><div class=\"responsive-font-class ult-responsive\" ><h3  data-ultimate-target='#info-cirlce-wrap-1599 .responsive-font-class h3.new-cust-responsive-class'  data-responsive-json-new='{\"font-size\":\"desktop:20px;\",\"line-height\":\"\"}'  class=\"info-circle-heading ult-responsive new-cust-responsive-class\" style=\"font-family:'Raleway';font-weight:normal;\">Entusiasmo<\/h3><div  class=\"info-circle-text \" style=\"font-family:'Raleway';font-weight:normal;font-style:normal;\"><\/div><\/div><\/div><\/div><\/div><div class=\"info-circle-icons \" style=\"background:#f9f9f9;color:#000000;border-style:solid;border-width:1px;border-color:#d1d1d1;\"><i class=\"Defaults-cog gear\" ><\/i><\/div><div class=\"info-details\" data-icon-class=\"ult-info-circle-icon\"><div class=\"info-circle-def\"><div  class=\"info-circle-sub-def\"><i class=\"Defaults-cog gear\" ><\/i><div class=\"responsive-font-class ult-responsive\" ><h3  data-ultimate-target='#info-cirlce-wrap-1599 .responsive-font-class h3.new-cust-responsive-class'  data-responsive-json-new='{\"font-size\":\"desktop:20px;\",\"line-height\":\"\"}'  class=\"info-circle-heading ult-responsive new-cust-responsive-class\" style=\"font-family:'Raleway';font-weight:normal;\">Eficiencia<\/h3><div  class=\"info-circle-text \" style=\"font-family:'Raleway';font-weight:normal;font-style:normal;\"><\/div><\/div><\/div><\/div><\/div><div class=\"info-circle-icons \" style=\"background:#f9f9f9;color:#000000;border-style:solid;border-width:1px;border-color:#d1d1d1;\"><i class=\"Defaults-book\" ><\/i><\/div><div class=\"info-details\" data-icon-class=\"ult-info-circle-icon\"><div class=\"info-circle-def\"><div  class=\"info-circle-sub-def\"><i class=\"Defaults-book\" ><\/i><div class=\"responsive-font-class ult-responsive\" ><h3  data-ultimate-target='#info-cirlce-wrap-1599 .responsive-font-class h3.new-cust-responsive-class'  data-responsive-json-new='{\"font-size\":\"desktop:20px;\",\"line-height\":\"\"}'  class=\"info-circle-heading ult-responsive new-cust-responsive-class\" style=\"font-family:'Raleway';font-weight:normal;\">Experiencia<\/h3><div  class=\"info-circle-text \" style=\"font-family:'Raleway';font-weight:normal;font-style:normal;\"><\/div><\/div><\/div><\/div><\/div><\/div><div id=\"info-cirlce-wrap-1599\" class=\"info-c-full\" style=\"background-color:#ffffff;color:#000000;width:80%;height:80%;margin:10%;\"><div class=\"info-c-full-wrap\"><\/div><\/div><\/div><div class=\"smile_icon_list_wrap \" data-content_bg=\"#ffffff\" data-content_color=\"#000000\">\r\n\t\t\t\t\t\t\t<ul id=\"info-cirlce-wrap-1599\" class=\"smile_icon_list left circle with_bg\">\r\n\t\t\t\t\t\t\t\t<li class=\"icon_list_item\" style=\"font-size:96px;\">\r\n\t\t\t\t\t\t\t\t\t<div class=\"icon_list_icon\" style=\"font-size:32px;\">\r\n\t\t\t\t\t\t\t\t\t\t<i class=\"smt-pencil\"><\/i>\r\n\t\t\t\t\t\t\t\t\t<\/div>\r\n\t\t\t\t\t\t\t\t\t<div  class=\"icon_description\" >\r\n\t\t\t\t\t\t\t\t\t\t<div class=\"responsive-font-class ult-responsive\"  data-ultimate-target='#info-cirlce-wrap-1599 .responsive-font-class *'  data-responsive-json-new='{\"font-size\":\"desktop:13px;\",\"line-height\":\"\"}'  style=\"font-family:'Raleway';font-weight:normal;font-style:normal;\">\r\n\t\t\t\t\t\t\t\t\t\t\t<h3  data-ultimate-target='#info-cirlce-wrap-1599 .responsive-font-class h3.new-cust-responsive-class'  data-responsive-json-new='{\"font-size\":\"desktop:20px;\",\"line-height\":\"\"}'  class=\"ult-responsive new-cust-responsive-class\" style=\"font-family:'Raleway';font-weight:normal;\"><\/h3>\r\n\t\t\t\t\t\t\t\t\t\t\t<p><\/p>\r\n\t\t\t\t\t\t\t\t\t\t<\/div>\r\n\t\t\t\t\t\t\t\t\t<\/div>\r\n\t\t\t\t\t\t\t\t\t<div class=\"icon_list_connector\" style=\"border-style:dashed;border-color:#e1e1e1\">\r\n\t\t\t\t\t\t\t\t\t<\/div>\r\n\t\t\t\t\t\t\t\t<\/li>\r\n\t\t\t\t\t\t\t<\/ul>\r\n\t\t\t\t\t\t<\/div><\/div><\/div>[\/vc_column][vc_column width=\u00bb1\/2&#8243;]<div id=\"ultimate-heading-433769e42919d6ba3\" class=\"uvc-heading ult-adjust-bottom-margin ultimate-heading-433769e42919d6ba3 uvc-153 \" data-hspacer=\"no_spacer\"  data-halign=\"left\" style=\"text-align:left\"><div class=\"uvc-heading-spacer no_spacer\" style=\"top\"><\/div><div class=\"uvc-main-heading ult-responsive\"  data-ultimate-target='.uvc-heading.ultimate-heading-433769e42919d6ba3 h2'  data-responsive-json-new='{\"font-size\":\"\",\"line-height\":\"\"}' ><h2 style=\"font-weight:normal;color:#353535;\">La estructura de la empresa<\/h2><\/div><\/div><div class=\"bizspeak-title bizspeak-title-style1 titolo-sopra\" style=\"text-align:left\"><h2 class=\"title-border\" style=\"text-transform:uppercase;padding:0;margin:0 0 0 0;font-weight:300;font-size:26px;color:#333333;\"> <\/h2><\/div>[vc_empty_space height=\u00bb30px\u00bb][vc_column_text]<\/p>\n<p class=\"p1\">Adem\u00e1s fidelizar a los antiguos clientes, con el paso de los a\u00f1os <strong>FARM BRASS<\/strong> ha incrementado significativamente su base de clientes, conquistando su confianza gracias a una oferta de servicios a la medida y marcados por la <strong>m\u00e1xima excelencia y calidad.<\/strong><\/p>\n<p><strong>EL COMPROMISO QUE ASUMIMOS ES GARANTIZAR LA CONTINUIDAD, PERSIGUIENDO LA M\u00c1XIMA EFICACIA Y CALIDAD.<\/strong><\/p>\n<p>Nuestros clientes<strong> nunca est\u00e1n solos.<\/strong><\/p>\n<p>Garantizamos<strong> intervenciones oportunas y respuestas inmediatas.<\/strong> Programamos el mantenimiento de la maquinaria y disponemos de un importante almacenamiento de todas las piezas de repuesto para todas las m\u00e1quinas.<\/p>\n<p>Los clientes son el n\u00facleo alrededor del cual se mueve todo el proceso de producci\u00f3n de <strong>FARM BRASS<\/strong>, cuyo objetivo es la<strong> plena satisfacci\u00f3n<\/strong> de sus clientes, respondiendo en todos los sentidos a los altos est\u00e1ndares de calidad requeridos.<\/p>\n<p>La empresa garantiza un respaldo constante a sus clientes, ofreciendo todas las posibles soluciones de acuerdo con las variadas necesidades y requerimientos all\u00ed donde surgen, demostrando una gran orientaci\u00f3n a la resoluci\u00f3n de problemas.<\/p>\n<p>[\/vc_column_text][\/vc_column][\/vc_row][vc_row el_class=\u00bbhidden\u00bb][vc_column]<div id=\"ultimate-heading-991969e42919d6bed\" class=\"uvc-heading ult-adjust-bottom-margin ultimate-heading-991969e42919d6bed uvc-8712 \" data-hspacer=\"no_spacer\"  data-halign=\"left\" style=\"text-align:left\"><div class=\"uvc-heading-spacer no_spacer\" style=\"top\"><\/div><div class=\"uvc-main-heading ult-responsive\"  data-ultimate-target='.uvc-heading.ultimate-heading-991969e42919d6bed h2'  data-responsive-json-new='{\"font-size\":\"\",\"line-height\":\"\"}' ><h2 style=\"font-weight:normal;color:#353535;\">Leadership Team<\/h2><\/div><\/div><div class=\"bizspeak-title bizspeak-title-style1 titolo-sopra\" style=\"text-align:left\"><h2 class=\"title-border\" style=\"text-transform:uppercase;padding:0;margin:0 0 0 0;font-weight:300;font-size:26px;color:#333333;\"> <\/h2><\/div>[vc_empty_space height=\u00bb30px\u00bb]<div class=\"teams \"><div class=\"row\"><div class=\"col-sm-12\"><div class=\"owl-controls client-course-control\"><a class=\"owl-control clientPrev\"><span><i class=\"fa fa-angle-left\"><\/i><\/span><\/a><a class=\"owl-control clientNext\"><span><i class=\"fa fa-angle-right\"><\/i><\/span><\/a><\/div><div id=\"team-carousel\" class=\"owl-carousel owl-theme text-center team-carousel\"><div class=\"item\"><div class=\"team-wrapper\"><div class=\"team-img-wrapper\"><img loading=\"lazy\" decoding=\"async\" width=\"258\" height=\"245\" src=\"https:\/\/www.farmbrass.com\/wp-content\/uploads\/2015\/08\/team4.jpg\" class=\"img-responsive wp-post-image\" alt=\"\" \/><\/div><div class=\"team-content\"><h3 class=\"ts-name\">Florence Angel<\/h3><p class=\"ts-designation\">Manager<\/p><div class=\"team-social\"><a href=\"#\"><i class=\"fa fa-facebook\"><\/i><\/a><a href=\"#\"><i class=\"fa fa-twitter\"><\/i><\/a><a href=\"#\"><i class=\"fa fa-google-plus\"><\/i><\/a><a href=\"#\"><i class=\"fa fa-linkedin\"><\/i><\/a><\/div><\/div><\/div><\/div><div class=\"item\"><div class=\"team-wrapper\"><div class=\"team-img-wrapper\"><img loading=\"lazy\" decoding=\"async\" width=\"258\" height=\"245\" src=\"https:\/\/www.farmbrass.com\/wp-content\/uploads\/2015\/08\/team2.jpg\" class=\"img-responsive wp-post-image\" alt=\"\" \/><\/div><div class=\"team-content\"><h3 class=\"ts-name\">James Andorson<\/h3><p class=\"ts-designation\">Developer<\/p><div class=\"team-social\"><a href=\"#\"><i class=\"fa fa-facebook\"><\/i><\/a><a href=\"#\"><i class=\"fa fa-twitter\"><\/i><\/a><a href=\"#\"><i class=\"fa fa-google-plus\"><\/i><\/a><a href=\"#\"><i class=\"fa fa-linkedin\"><\/i><\/a><\/div><\/div><\/div><\/div><div class=\"item\"><div class=\"team-wrapper\"><div class=\"team-img-wrapper\"><img loading=\"lazy\" decoding=\"async\" width=\"258\" height=\"245\" src=\"https:\/\/www.farmbrass.com\/wp-content\/uploads\/2015\/08\/team5.jpg\" class=\"img-responsive wp-post-image\" alt=\"\" \/><\/div><div class=\"team-content\"><h3 class=\"ts-name\">Angel Josy<\/h3><p class=\"ts-designation\">Designer<\/p><div class=\"team-social\"><a href=\"#\"><i class=\"fa fa-facebook\"><\/i><\/a><a href=\"#\"><i class=\"fa fa-pinterest\"><\/i><\/a><a href=\"#\"><i class=\"fa fa-instagram\"><\/i><\/a><a href=\"#\"><i class=\"fa fa-flickr\"><\/i><\/a><a href=\"#\"><i class=\"fa fa-youtube\"><\/i><\/a><\/div><\/div><\/div><\/div><div class=\"item\"><div class=\"team-wrapper\"><div class=\"team-img-wrapper\"><img loading=\"lazy\" decoding=\"async\" width=\"258\" height=\"245\" src=\"https:\/\/www.farmbrass.com\/wp-content\/uploads\/2015\/08\/team6.jpg\" class=\"img-responsive wp-post-image\" alt=\"\" \/><\/div><div class=\"team-content\"><h3 class=\"ts-name\">Michel Congue<\/h3><p class=\"ts-designation\">Founder<\/p><div class=\"team-social\"><a href=\"#\"><i class=\"fa fa-facebook\"><\/i><\/a><a href=\"#\"><i class=\"fa fa-twitter\"><\/i><\/a><a href=\"#\"><i class=\"fa fa-google-plus\"><\/i><\/a><a href=\"#\"><i class=\"fa fa-linkedin\"><\/i><\/a><\/div><\/div><\/div><\/div><div class=\"item\"><div class=\"team-wrapper\"><div class=\"team-img-wrapper\"><img loading=\"lazy\" decoding=\"async\" width=\"258\" height=\"245\" src=\"https:\/\/www.farmbrass.com\/wp-content\/uploads\/2015\/08\/team1.jpg\" class=\"img-responsive wp-post-image\" alt=\"\" \/><\/div><div class=\"team-content\"><h3 class=\"ts-name\">Jepher Lorance<\/h3><p class=\"ts-designation\">CEO<\/p><div class=\"team-social\"><a href=\"#\"><i class=\"fa fa-facebook\"><\/i><\/a><a href=\"#\"><i class=\"fa fa-twitter\"><\/i><\/a><a href=\"#\"><i class=\"fa fa-google-plus\"><\/i><\/a><a href=\"#\"><i class=\"fa fa-linkedin\"><\/i><\/a><a href=\"#\"><i class=\"fa fa-pinterest\"><\/i><\/a><a href=\"#\"><i class=\"fa fa-instagram\"><\/i><\/a><a href=\"#\"><i class=\"fa fa-flickr\"><\/i><\/a><a href=\"#\"><i class=\"fa fa-youtube\"><\/i><\/a><\/div><\/div><\/div><\/div><\/div><\/div><\/div><\/div><script type=\"text\/javascript\">\n\t\tjQuery(document).ready(function($){\n\t\t\t\tvar $teamcarousel = $(\"#team-carousel\")\n\t\t\t\t$teamcarousel.owlCarousel({\n\t\t\t    loop:true,\n\t\t\t    margin:20,\n\t\t\t    autoplay:false,\n\t\t\t    animateOut:true,\n\t\t\t    dots:false,\n\t\t\t    responsiveClass:true,\n\t\t\t    responsive:{\n\t\t\t        0:{\n\t\t\t            items:1,\n\t\t\t        },\n\t\t\t        600:{\n\t\t\t            items:3,\n\t\t\t        },\n\t\t\t        1000:{\n\t\t\t            items:4,\n\t\t\t            loop:false\n\t\t\t        }\n\t\t\t    }\n\t\t\t})\t\n\t\t\t$(\".clientPrev\").click(function(){\n\t\t\t\t$teamcarousel.trigger(\"prev.owl.carousel\", [400]);\n\t\t\t});\n\n\t\t\t$(\".clientNext\").click(function(){\n\t\t\t\t$teamcarousel.trigger(\"next.owl.carousel\",[400]);\n\t\t\t});\n\t\t});\n\t<\/script>[vc_empty_space height=\u00bb30px\u00bb][\/vc_column][\/vc_row]<\/p>","protected":false},"excerpt":{"rendered":"<p>[vc_row full_width=\u00bbstretch_row_content_no_spaces\u00bb content_placement=\u00bbtop\u00bb bg_type=\u00bbimage\u00bb parallax_style=\u00bbvcpb-default\u00bb bg_image_new=\u00bbid^1911|url^http:\/\/kelevrabetatest.it\/farmbrass\/wp-content\/uploads\/2015\/09\/DSC_6768-come-oggetto-avanzato-11920.jpg|caption^null|alt^null|title^DSC_6768 come oggetto avanzato-11920|description^null\u00bb bg_image_repeat=\u00bbno-repeat\u00bb parallax_content=\u00bbparallax_content_value\u00bb el_class=\u00bbvideo-pagine\u00bb][vc_column][vc_raw_html]JTNDZGl2JTIwY2xhc3MlM0QlMjJvcGFjaXR5JTIyJTNFJTNDJTJGZGl2JTNF[\/vc_raw_html][\/vc_column][\/vc_row][vc_row][vc_column][vc_empty_space height=\u00bb30px\u00bb][vc_row_inner el_class=\u00bbmobile-no tablet-no\u00bb][vc_column_inner width=\u00bb1\/6&#8243;][\/vc_column_inner][vc_column_inner width=\u00bb2\/3&#8243;][\/vc_column_inner][vc_column_inner width=\u00bb1\/6&#8243;][\/vc_column_inner][\/vc_row_inner][vc_row_inner el_class=\u00bbdesktop-no\u00bb][vc_column_inner][\/vc_column_inner][\/vc_row_inner][vc_empty_space height=\u00bb30px\u00bb][vc_row_inner][vc_column_inner width=\u00bb1\/2&#8243;][vc_column_text]Farm Brass es l\u00edder desde hace m\u00e1s de cuarenta a\u00f1os en el sector del recalentamiento de metales. Nuestra tecnolog\u00eda mejora constantemente para satisfacer las variadas necesidades de los clientes. En todos estos a\u00f1os, la empresa [&hellip;]<\/p>\n","protected":false},"author":1,"featured_media":0,"parent":0,"menu_order":0,"comment_status":"open","ping_status":"closed","template":"","meta":{"footnotes":""},"_links":{"self":[{"href":"https:\/\/www.farmbrass.com\/es\/wp-json\/wp\/v2\/pages\/248"}],"collection":[{"href":"https:\/\/www.farmbrass.com\/es\/wp-json\/wp\/v2\/pages"}],"about":[{"href":"https:\/\/www.farmbrass.com\/es\/wp-json\/wp\/v2\/types\/page"}],"author":[{"embeddable":true,"href":"https:\/\/www.farmbrass.com\/es\/wp-json\/wp\/v2\/users\/1"}],"replies":[{"embeddable":true,"href":"https:\/\/www.farmbrass.com\/es\/wp-json\/wp\/v2\/comments?post=248"}],"version-history":[{"count":136,"href":"https:\/\/www.farmbrass.com\/es\/wp-json\/wp\/v2\/pages\/248\/revisions"}],"predecessor-version":[{"id":2699,"href":"https:\/\/www.farmbrass.com\/es\/wp-json\/wp\/v2\/pages\/248\/revisions\/2699"}],"wp:attachment":[{"href":"https:\/\/www.farmbrass.com\/es\/wp-json\/wp\/v2\/media?parent=248"}],"curies":[{"name":"wp","href":"https:\/\/api.w.org\/{rel}","templated":true}]}}