{"id":405,"date":"2015-09-05T04:28:45","date_gmt":"2015-09-05T02:28:45","guid":{"rendered":"http:\/\/themewinter.com\/WP\/bizspeak\/?page_id=405"},"modified":"2025-06-13T10:07:03","modified_gmt":"2025-06-13T08:07:03","slug":"team","status":"publish","type":"page","link":"https:\/\/www.farmbrass.com\/es\/team\/","title":{"rendered":"Equipo"},"content":{"rendered":"<p>[vc_row full_width=\u00bbstretch_row_content_no_spaces\u00bb content_placement=\u00bbtop\u00bb bg_type=\u00bbimage\u00bb parallax_style=\u00bbvcpb-default\u00bb bg_image_new=\u00bbid^1820|url^http:\/\/kelevrabetatest.it\/farmbrass\/wp-content\/uploads\/2015\/09\/DSC_6851low.jpg|caption^null|alt^null|title^DSC_6851low|description^null\u00bb bg_image_repeat=\u00bbno-repeat\u00bb parallax_content=\u00bbparallax_content_value\u00bb el_class=\u00bbvideo-pagine\u00bb][vc_column]<div class=\"ult-animation  ult-animate-viewport  ult-no-mobile \" data-animate=\"fadeIn\" data-animation-delay=\"0\" data-animation-duration=\"3\" data-animation-iteration=\"1\" style=\"opacity:0;\" data-opacity_start_effect=\"\"><div class=\"bizspeak-title bizspeak-title-style3 titolo-video\" style=\"text-align:left\"><h2 style=\"text-transform:uppercase;padding:0px 0px 50px 0px;margin:25px auto 0px;font-weight:300;font-size:32px;color:#000000;\">Equipo<\/h2><\/div><\/div>[vc_raw_html]JTNDZGl2JTIwY2xhc3MlM0QlMjJvcGFjaXR5JTIyJTNFJTNDJTJGZGl2JTNF[\/vc_raw_html][\/vc_column][\/vc_row][vc_row][vc_column][vc_empty_space height=\u00bb30px\u00bb][\/vc_column][\/vc_row][vc_row][vc_column width=\u00bb2\/3&#8243;]<div id=\"ultimate-heading-12736a0299b51e690\" class=\"uvc-heading ult-adjust-bottom-margin ultimate-heading-12736a0299b51e690 uvc-5087 \" data-hspacer=\"no_spacer\"  data-halign=\"left\" style=\"text-align:left\"><div class=\"uvc-heading-spacer no_spacer\" style=\"top\"><\/div><div class=\"uvc-main-heading ult-responsive\"  data-ultimate-target='.uvc-heading.ultimate-heading-12736a0299b51e690 h2'  data-responsive-json-new='{\"font-size\":\"\",\"line-height\":\"\"}' ><h2 style=\"font-weight:normal;color:#353535;\">Nuestro equipo<\/h2><\/div><\/div><div class=\"bizspeak-title bizspeak-title-style1 titolo-sopra\" style=\"text-align:left\"><h2 class=\"title-border\" style=\"text-transform:uppercase;padding:0;margin:0 0 0 0;font-weight:300;font-size:26px;color:#333333;\"> <\/h2><\/div>[vc_empty_space height=\u00bb30px\u00bb][vc_single_image image=\u00bb1904&#8243; img_size=\u00bbfull\u00bb alignment=\u00bbcenter\u00bb style=\u00bbvc_box_shadow\u00bb][vc_column_text]<\/p>\n<div class=\"page\" title=\"Page 1\">\n<div class=\"layoutArea\">\n<div class=\"column\">\n<p>Contamos con un<strong> equipo de gran dinamismo<\/strong>, listo para afrontar nuevos retos que, como filosof\u00eda, ha decidido poner al cliente en el centro del proyecto, consiguiendo que se sienta parte importante del proceso integral de fabricaci\u00f3n, involucr\u00e1ndolo y proporcion\u00e1ndole apoyo en cada fase.<\/p>\n<p>Eugenio <strong>Faini<\/strong> y Ruggero <strong>Zobbio<\/strong> son los dos Administradores.<\/p>\n<p>Ezio <strong>Arbezzano<\/strong> es el Responsable de Planta y de Producci\u00f3n en la sede operativa de Ciri\u00e8.<\/p>\n<p>Junto con el responsable de nuestro departamento t\u00e9cnico, Gianni <strong>Palermo<\/strong>, est\u00e1 tambi\u00e9n al cargo de la gesti\u00f3n de dise\u00f1o de instalacione en funci\u00f3n de los pedidos.<\/p>\n<p>Por \u00faltimo, pero no menos importante, nuestro Director T\u00e9cnico\u00a0est\u00e1 disponible para cualquier aclaraci\u00f3n al cliente, ofreciendo su experiencia para resolver cualquier tipo de problema pueda surgir, proporcionando asistencia t\u00e9cnica las<strong> 24 horas.<\/strong><\/p>\n<\/div>\n<\/div>\n<\/div>\n<p>[\/vc_column_text][\/vc_column][vc_column width=\u00bb1\/3&#8243;][vc_column_text css=\u00bb.vc_custom_1504858454310{padding-top: 25px !important;padding-right: 25px !important;padding-bottom: 25px !important;padding-left: 25px !important;background-color: #d8d8d8 !important;}\u00bb]<\/p>\n<h3 class=\"box-title\">Nuestros datos de contacto<\/h3>\n<p><strong>Direcci\u00f3n<\/strong><\/p>\n<p><a href=\"mailto:faini@farmbrass.com\">faini@farmbrass.com<\/a><\/p>\n<p><a href=\"mailto:zobbio@farmbrass.com\">zobbio@farmbrass.com<\/a><\/p>\n<p><strong>Asistencia<\/strong><\/p>\n<p><a href=\"mailto:arbezzano@farmbrass.com\">arbezzano@farmbrass.com<\/a><\/p>\n<p><strong>Comercial\u00a0<\/strong><\/p>\n<p><a href=\"mailto:commerciale@farmbrass.com\">commerciale@farmbrass.com<\/a><\/p>\n<p><strong>Administraci\u00f3n <\/strong><\/p>\n<p><a href=\"mailto:bollea@farmbrass.com\">bollea@farmbrass.com<\/a><\/p>\n<p><a href=\"mailto:colombo@farmbrass.com\">colombo@farmbrass.com<\/a><\/p>\n<p><strong>Departamento t\u00e9cnico<\/strong><\/p>\n<p><a href=\"mailto:ufficiotecnico@farmbrass.com\">ufficiotecnico@farmbrass.com<\/a><\/p>\n<p><a href=\"mailto:palermo@farmbrass.com\">palermo@farmbrass.com<\/a><\/p>\n<p><strong>Departamento de compras<\/strong><\/p>\n<p><a href=\"mailto:acquisti@farmbrass.com\">acquisti@farmbrass.com<\/a><\/p>\n<p><a href=\"mailto:caruso@farmbrass.com\">caruso@farmbrass.com<\/a><\/p>\n<p><strong>Informaci\u00f3n general<\/strong><\/p>\n<p><a href=\"mailto:info@farmbrass.com\">info@farmbrass.com<\/a>[\/vc_column_text][\/vc_column][\/vc_row]<\/p>","protected":false},"excerpt":{"rendered":"<p>[vc_row full_width=\u00bbstretch_row_content_no_spaces\u00bb content_placement=\u00bbtop\u00bb bg_type=\u00bbimage\u00bb parallax_style=\u00bbvcpb-default\u00bb bg_image_new=\u00bbid^1820|url^http:\/\/kelevrabetatest.it\/farmbrass\/wp-content\/uploads\/2015\/09\/DSC_6851low.jpg|caption^null|alt^null|title^DSC_6851low|description^null\u00bb bg_image_repeat=\u00bbno-repeat\u00bb parallax_content=\u00bbparallax_content_value\u00bb el_class=\u00bbvideo-pagine\u00bb][vc_column][vc_raw_html]JTNDZGl2JTIwY2xhc3MlM0QlMjJvcGFjaXR5JTIyJTNFJTNDJTJGZGl2JTNF[\/vc_raw_html][\/vc_column][\/vc_row][vc_row][vc_column][vc_empty_space height=\u00bb30px\u00bb][\/vc_column][\/vc_row][vc_row][vc_column width=\u00bb2\/3&#8243;][vc_empty_space height=\u00bb30px\u00bb][vc_single_image image=\u00bb1904&#8243; img_size=\u00bbfull\u00bb alignment=\u00bbcenter\u00bb style=\u00bbvc_box_shadow\u00bb][vc_column_text] Contamos con un equipo de gran dinamismo, listo para afrontar nuevos retos que, como filosof\u00eda, ha decidido poner al cliente en el centro del proyecto, consiguiendo que se sienta parte importante del proceso integral de fabricaci\u00f3n, involucr\u00e1ndolo y proporcion\u00e1ndole [&hellip;]<\/p>\n","protected":false},"author":1,"featured_media":0,"parent":0,"menu_order":0,"comment_status":"open","ping_status":"closed","template":"","meta":{"footnotes":""},"_links":{"self":[{"href":"https:\/\/www.farmbrass.com\/es\/wp-json\/wp\/v2\/pages\/405"}],"collection":[{"href":"https:\/\/www.farmbrass.com\/es\/wp-json\/wp\/v2\/pages"}],"about":[{"href":"https:\/\/www.farmbrass.com\/es\/wp-json\/wp\/v2\/types\/page"}],"author":[{"embeddable":true,"href":"https:\/\/www.farmbrass.com\/es\/wp-json\/wp\/v2\/users\/1"}],"replies":[{"embeddable":true,"href":"https:\/\/www.farmbrass.com\/es\/wp-json\/wp\/v2\/comments?post=405"}],"version-history":[{"count":66,"href":"https:\/\/www.farmbrass.com\/es\/wp-json\/wp\/v2\/pages\/405\/revisions"}],"predecessor-version":[{"id":2989,"href":"https:\/\/www.farmbrass.com\/es\/wp-json\/wp\/v2\/pages\/405\/revisions\/2989"}],"wp:attachment":[{"href":"https:\/\/www.farmbrass.com\/es\/wp-json\/wp\/v2\/media?parent=405"}],"curies":[{"name":"wp","href":"https:\/\/api.w.org\/{rel}","templated":true}]}}