{"id":661,"date":"2016-07-26T14:46:58","date_gmt":"2016-07-26T12:46:58","guid":{"rendered":"http:\/\/kelevrabetatest.it\/farmbrass\/?page_id=661"},"modified":"2017-09-15T15:03:07","modified_gmt":"2017-09-15T13:03:07","slug":"prodotti","status":"publish","type":"page","link":"https:\/\/www.farmbrass.com\/es\/prodotti\/","title":{"rendered":"PRODUCTOS"},"content":{"rendered":"<p>[vc_row full_width=\u00bbstretch_row_content_no_spaces\u00bb content_placement=\u00bbtop\u00bb bg_type=\u00bbimage\u00bb parallax_style=\u00bbvcpb-default\u00bb bg_image_new=\u00bbid^1900|url^http:\/\/kelevrabetatest.it\/farmbrass\/wp-content\/uploads\/2016\/07\/DSC_7000low.jpg|caption^null|alt^null|title^DSC_7000low|description^null\u00bb parallax_content=\u00bbparallax_content_value\u00bb el_class=\u00bbvideo-pagine\u00bb][vc_column]<div class=\"ult-animation  ult-animate-viewport  ult-no-mobile \" data-animate=\"fadeIn\" data-animation-delay=\"0\" data-animation-duration=\"3\" data-animation-iteration=\"1\" style=\"opacity:0;\" data-opacity_start_effect=\"\"><div class=\"bizspeak-title bizspeak-title-style3 titolo-video\" style=\"text-align:left\"><h2 style=\"text-transform:uppercase;padding:0px 0px 50px 0px;margin:25px auto 0px;font-weight:300;font-size:32px;color:#000000;\">PRODUCTOS<\/h2><\/div><\/div>[vc_raw_html]JTNDZGl2JTIwY2xhc3MlM0QlMjJvcGFjaXR5JTIyJTNFJTNDJTJGZGl2JTNF[\/vc_raw_html][\/vc_column][\/vc_row][vc_row][vc_column][vc_empty_space height=\u00bb30px\u00bb][\/vc_column][\/vc_row][vc_row][vc_column width=\u00bb2\/3&#8243;][vc_row_inner][vc_column_inner]<div id=\"ultimate-heading-720069e64f7a62ebc\" class=\"uvc-heading ult-adjust-bottom-margin ultimate-heading-720069e64f7a62ebc uvc-6248 \" data-hspacer=\"no_spacer\"  data-halign=\"left\" style=\"text-align:left\"><div class=\"uvc-heading-spacer no_spacer\" style=\"top\"><\/div><div class=\"uvc-main-heading ult-responsive\"  data-ultimate-target='.uvc-heading.ultimate-heading-720069e64f7a62ebc h2'  data-responsive-json-new='{\"font-size\":\"\",\"line-height\":\"\"}' ><h2 style=\"font-weight:normal;color:#353535;\">Hornos autom\u00e1ticas para el recalentamiento de metales<\/h2><\/div><\/div><div class=\"bizspeak-title bizspeak-title-style1 titolo-sopra\" style=\"text-align:left\"><h2 class=\"title-border\" style=\"text-transform:uppercase;padding:0;margin:0 0 0 0;font-weight:300;font-size:26px;color:#333333;\"> <\/h2><\/div>[vc_empty_space height=\u00bb30px\u00bb][\/vc_column_inner][\/vc_row_inner][vc_column_text]<\/p>\n<p class=\"p1\">Los hornos <strong>FARM BRASS<\/strong> tienen funciones totalmente automatizadas para la carga, manipulaci\u00f3n interna y descarga a la presa.<\/p>\n<p>Se distinguen por la extrema <strong>versatilidad<\/strong> de uso en relaci\u00f3n con las diferentes formas y dimensiones de las piezas a calentar y por su alta productividad en unas dimensiones extremadamente contenidas.<\/p>\n<p>La regulaci\u00f3n de la temperatura es de acci\u00f3n proporcional modulada, con identificaci\u00f3n de diferentes \u00e1reas de la c\u00e1mara de combusti\u00f3n; esta modulaci\u00f3n continua optimiza los consumos, de por s\u00ed ya muy contenidos gracias al uso de gas como combustible, produciendo una uniformidad de temperatura que permite la estampaci\u00f3n de hasta cuatro piezas por ciclo en molde cerrado.<\/p>\n<p>El uso de piezas estampadas es ahora de uso corriente en todos los sectores industriales; para <strong>FARM BRASS ESTO SIGNIFICA OFRECER LA M\u00c1S AMPLIA GAMA<\/strong> del mercado de hornos de empuje y de cinta, equipados con m\u00faltiples accesorios \u00fatiles.<\/p>\n<p>[\/vc_column_text][vc_row_inner][vc_column_inner]<div class=\" ubtn-ctn-center \"><a class=\"ubtn-link ult-adjust-bottom-margin ubtn-center ubtn-block \" href = \"http:\/\/www.farmbrass.com\/catalogo-prodotti\/\" target='' ><button type=\"button\" id=\"ubtn-9700\" class=\"ubtn ult-adjust-bottom-margin ult-responsive ubtn-block ubtn-no-hover-bg  ulta-pulse  ubtn-sep-icon ubtn-sep-icon-at-left  ubtn-shd  ubtn-center  shd-bottom tooltip-69e64f7a62f8b ubtn-block\"  data-hover=\"#333333\" data-border-color=\"\" data-bg=\"#dd3333\" data-hover-bg=\"#dd0000\" data-border-hover=\"\" data-shadow-hover=\"0 3px #eaeaea;\" data-shadow-click=\"\" data-shadow=\"0 5px #f2f2f2;\" data-shd-shadow=\"5\"  data-ultimate-target='#ubtn-9700'  data-responsive-json-new='{\"font-size\":\"desktop:18px;\",\"line-height\":\"\"}'  style=\"font-weight:bold;border:none;box-shadow: 0 5px #f2f2f2;background: #dd3333;color: #ffffff;\"><span class=\"ubtn-data ubtn-icon\"><i class=\"Defaults-list\" style=\"font-size:20px;color:#ffffff;\"><\/i><\/span><span class=\"ubtn-hover\" style=\"background-color:#dd0000\"><\/span><span class=\"ubtn-data ubtn-text \" >Descubre nuestro cat\u00e1logo<\/span><\/button><\/a><\/div>[\/vc_column_inner][\/vc_row_inner][vc_row_inner][vc_column_inner width=\u00bb1\/2&#8243;]<div id=\"ultimate-heading-225169e64f7a62fb3\" class=\"uvc-heading ult-adjust-bottom-margin ultimate-heading-225169e64f7a62fb3 uvc-1564 \" data-hspacer=\"no_spacer\"  data-halign=\"left\" style=\"text-align:left\"><div class=\"uvc-heading-spacer no_spacer\" style=\"top\"><\/div><div class=\"uvc-main-heading ult-responsive\"  data-ultimate-target='.uvc-heading.ultimate-heading-225169e64f7a62fb3 h2'  data-responsive-json-new='{\"font-size\":\"\",\"line-height\":\"\"}' ><h2 style=\"font-weight:normal;color:#353535;\">Experiencia y trabajo en equipo<\/h2><\/div><\/div><div class=\"bizspeak-title bizspeak-title-style1 titolo-sopra\" style=\"text-align:left\"><h2 class=\"title-border\" style=\"text-transform:uppercase;padding:0;margin:0 0 0 0;font-weight:300;font-size:26px;color:#333333;\"> <\/h2><\/div>[vc_empty_space height=\u00bb30px\u00bb][vc_column_text]<\/p>\n<p class=\"p1\" style=\"text-align: justify;\">Desde las primeras m\u00e1quinas rotativas de <strong>1975<\/strong> hasta la actualidad, hemos acumulado una experiencia \u00fanica en el sector de la estampaci\u00f3n en caliente.<\/p>\n<p>Desde entonces, la empresa ha <strong>crecido de manera constante<\/strong>, buscando siempre las soluciones m\u00e1s innovadoras y tecnol\u00f3gicas para responder a las necesidades del cliente, ofreciendo un servicio cada vez m\u00e1s completo y eficiente.<\/p>\n<p>Todos los hornos que salen de nuestro establecimiento son el resultado de un trabajo de equipo en el que dise\u00f1adores, mec\u00e1nicos y t\u00e9cnicos est\u00e1n permanentemente comprometidos en la realizaci\u00f3n de un producto<strong> FIABLE, ROBUSTO y de LARGA VIDA \u00daTIL.<\/strong><\/p>\n<p>Nuestro trabajo no es solo la creaci\u00f3n de hornos autom\u00e1ticos, sino tambi\u00e9n aportar <strong>SOLUCIONES PERSONALIZADAS<\/strong> para problemas productivos concretos. El personal de FARM BRASS opera todos los d\u00edas con perseverancia y profesionalidad, habiendo hecho de su trabajo una pasi\u00f3n genuina.<\/p>\n<p>[\/vc_column_text][\/vc_column_inner][vc_column_inner width=\u00bb1\/2&#8243;]<div id=\"ultimate-heading-492069e64f7a63025\" class=\"uvc-heading ult-adjust-bottom-margin ultimate-heading-492069e64f7a63025 uvc-3937 \" data-hspacer=\"no_spacer\"  data-halign=\"left\" style=\"text-align:left\"><div class=\"uvc-heading-spacer no_spacer\" style=\"top\"><\/div><div class=\"uvc-main-heading ult-responsive\"  data-ultimate-target='.uvc-heading.ultimate-heading-492069e64f7a63025 h2'  data-responsive-json-new='{\"font-size\":\"\",\"line-height\":\"\"}' ><h2 style=\"font-weight:normal;color:#353535;\">El mundo en evoluci\u00f3n<\/h2><\/div><\/div><div class=\"bizspeak-title bizspeak-title-style1 titolo-sopra\" style=\"text-align:left\"><h2 class=\"title-border\" style=\"text-transform:uppercase;padding:0;margin:0 0 0 0;font-weight:300;font-size:26px;color:#333333;\"> <\/h2><\/div>[vc_empty_space height=\u00bb30px\u00bb][vc_column_text]<\/p>\n<p class=\"p1\" style=\"text-align: justify;\">La aceleraci\u00f3n que la electr\u00f3nica y la inform\u00e1tica han supuesto para el estampado ha encontrado a <strong>FARM BRASS<\/strong> siempre dispuesta a aceptar el reto.<\/p>\n<p>La alta calidad y los vol\u00famenes de producci\u00f3n cada vez mayores exigen una alimentaci\u00f3n continua de piezas, temperaturas homog\u00e9neas y precisas, interfaz con las prensas mas sofisticadas, un control constante de los datos de producci\u00f3n: todo esto se realiza alrededor de la c\u00e1mara de combusti\u00f3n, coraz\u00f3n indestructible de nuestros hornos.<\/p>\n<p>En <strong>FARM BRASS,<\/strong> cada nuevo pedido se convierte en una oportunidad para mejorar la tecnolog\u00eda y ofrecer nuevas soluciones.<\/p>\n<p>Por esta raz\u00f3n, <strong>FARM BRASS<\/strong> colabora desde hace varios a\u00f1os con importantes socios nacionales e internacionales, y con el paso del tiempo ha logrado fidelizar a un n\u00famero siempre creciente de clientes satisfechos con el servicio recibido.<\/p>\n<p>[\/vc_column_text][\/vc_column_inner][\/vc_row_inner][\/vc_column][vc_column width=\u00bb1\/3&#8243;][vc_row_inner][vc_column_inner]<div id=\"ultimate-heading-476869e64f7a63090\" class=\"uvc-heading ult-adjust-bottom-margin ultimate-heading-476869e64f7a63090 uvc-3769 \" data-hspacer=\"no_spacer\"  data-halign=\"left\" style=\"text-align:left\"><div class=\"uvc-heading-spacer no_spacer\" style=\"top\"><\/div><div class=\"uvc-main-heading ult-responsive\"  data-ultimate-target='.uvc-heading.ultimate-heading-476869e64f7a63090 h2'  data-responsive-json-new='{\"font-size\":\"\",\"line-height\":\"\"}' ><h2 style=\"font-weight:normal;color:#353535;\">Tipos de productos<\/h2><\/div><\/div><div class=\"bizspeak-title bizspeak-title-style1 titolo-sopra\" style=\"text-align:left\"><h2 class=\"title-border\" style=\"text-transform:uppercase;padding:0;margin:0 0 0 0;font-weight:300;font-size:26px;color:#333333;\"> <\/h2><\/div>[vc_empty_space height=\u00bb30px\u00bb][\/vc_column_inner][\/vc_row_inner][vc_tta_accordion][vc_tta_section title=\u00bbHornos de empuje\u00bb tab_id=\u00bb1476114028968-022df8db-870c\u00bb add_icon=\u00bbtrue\u00bb][vc_row_inner][vc_column_inner][vc_single_image image=\u00bb1205&#8243; img_size=\u00bb\u00bb][vc_column_text]<\/p>\n<p class=\"p1\"><strong>Lat\u00f3n, cobre, bronce y aluminio<\/strong><\/p>\n<p class=\"p1\"><span class=\"s2\">Los hornos de empuje<strong> FARM BRASS<\/strong> se dividen en dos series: la serie S y la IG.<\/span><\/p>\n<p>Ambos est\u00e1n dedicados al recalentamiento del lat\u00f3n, si bien pueden utilizarse tambi\u00e9n para el recalentamiento de otros metales no ferrosos, incluido el aluminio. El sistema de combusti\u00f3n se divide en una o m\u00e1s zonas, dependiendo de la longitud de la c\u00e1mara de calentamiento (1Z-2Z-3Z).<\/p>\n<p class=\"p1\">El n\u00famero de pistas (o gu\u00edas) var\u00eda dependiendo de los requisitos de producci\u00f3n (2G-3G-4G). Entre las piezas realizadas por <strong>FARM BRASS<\/strong> en esta producci\u00f3n en concreto, se encuentran las barras, las piezas de fundici\u00f3n, la fundici\u00f3n en hierro y acero, los carriles y gu\u00edas, los tubos y los sinterizados.<\/p>\n<p class=\"p1\">La heterogeneidad y la extensa gama de productos producidos por <strong>FARM BRASS<\/strong> proporcionan un abanico muy amplio de ofertas para el cliente, que tambi\u00e9n puede solicitar a la empresa piezas a la medida y personalizados para sus necesidades<\/p>\n<p>[\/vc_column_text][\/vc_column_inner][\/vc_row_inner][\/vc_tta_section][vc_tta_section title=\u00bbHornos de cinta\u00bb tab_id=\u00bb1476115449143-3cefb64f-5493&#8243; add_icon=\u00bbtrue\u00bb][vc_row_inner][vc_column_inner][vc_single_image image=\u00bb1168&#8243; img_size=\u00bb\u00bb][vc_column_text]<\/p>\n<p class=\"p1\"><strong>Lat\u00f3n, aluminio<\/strong><\/p>\n<p class=\"p1\">Los hornos de cinta<strong> FARM BRASS<\/strong> se dividen en tres series: la serie IGR, la serie NO y la serie NA.<\/p>\n<p class=\"p1\">Las dos primeras est\u00e1n dedicadas al recalentamiento del lat\u00f3n, aunque pueden emplearse tambi\u00e9n para el recalentamiento de otros metales no ferrosos; la tercera, por su parte, es espec\u00edfica para el recalentamiento del aluminio. En el caso de los hornos de cinta, el sistema de combusti\u00f3n tambi\u00e9n se divide en una o m\u00e1s zonas, dependiendo de la longitud de la c\u00e1mara de calentamiento (1Z-2Z-3Z).<\/p>\n<p class=\"p1\">Dependiendo de la composici\u00f3n de la cinta (cinta OI) se pueden cargar una o m\u00e1s columnas de piezas. Tambi\u00e9n en el caso de los hornos de cinta,<strong> FARM BRASS<\/strong> garantiza la producci\u00f3n de piezas como las barras, las piezas de fundici\u00f3n, la fundici\u00f3n en hierro y acero, los carriles y gu\u00edas, los tubos y los sinterizados.<\/p>\n<p>[\/vc_column_text][\/vc_column_inner][\/vc_row_inner][\/vc_tta_section][vc_tta_section title=\u00bbHornos de tratamiento t\u00e9rmico \u00bb tab_id=\u00bb1476115447187-bc637183-bf1c\u00bb add_icon=\u00bbtrue\u00bb][vc_row_inner][vc_column_inner][vc_single_image image=\u00bb2383&#8243; img_size=\u00bb\u00bb][vc_column_text]<\/p>\n<p class=\"p1\"><strong>Lat\u00f3n, aluminio<\/strong><\/p>\n<p class=\"p1\">Gracias a la tecnolog\u00eda de recalentamiento indirecto mediante circulaci\u00f3n forzada de aire caliente y a la posibilidad de trabajar a temperaturas comprendidas entre los 150 \u00b0C y los 600 \u00b0C, las instalaciones para el tratamiento t\u00e9rmico de la serie IGT dise\u00f1ados por <strong>FARM BRASS<\/strong> suponen una soluci\u00f3n \u00f3ptima para sus necesidades.<\/p>\n<p><strong>Farm Brass<\/strong> la capacidad de ofrecer soluciones t\u00e9cnicas y funcionales aplicadas tambi\u00e9n a la construcci\u00f3n de instalaciones personalizadas, destinadas a cualquier tipo de tratamiento t\u00e9rmico.<\/p>\n<p>Entre ellos, cabe destacar: cajones sobre rodillos o rieles, piezas sobre cinta o alfombra, atm\u00f3sfera controlada, envejecimiento, recocido, temple, revenido, etc. Todo esto se traduce en un resultado final de alta calidad del tratamiento t\u00e9rmico en el coraz\u00f3n de la pieza, lo que asegura al cliente un producto a la medida que <strong>respeta los mayores est\u00e1ndares de calidad requeridos.<\/strong><\/p>\n<p>[\/vc_column_text][\/vc_column_inner][\/vc_row_inner][\/vc_tta_section][\/vc_tta_accordion][\/vc_column][\/vc_row][vc_row bg_type=\u00bbgrad\u00bb bg_override=\u00bbfull\u00bb bg_grad=\u00bbbackground: -webkit-gradient(linear, left top, left bottom, color-stop(0%, #E3E3E3), color-stop(100%, #BABABA));background: -moz-linear-gradient(top,#E3E3E3 0%,#BABABA 100%);background: -webkit-linear-gradient(top,#E3E3E3 0%,#BABABA 100%);background: -o-linear-gradient(top,#E3E3E3 0%,#BABABA 100%);background: -ms-linear-gradient(top,#E3E3E3 0%,#BABABA 100%);background: linear-gradient(top,#E3E3E3 0%,#BABABA 100%);\u00bb][vc_column width=\u00bb1\/2&#8243;][vc_row_inner][vc_column_inner width=\u00bb1\/4&#8243;][\/vc_column_inner][vc_column_inner width=\u00bb1\/2&#8243;][vc_round_chart type=\u00bbdoughnut\u00bb stroke_width=\u00bb2&#8243; legend=\u00bb\u00bb values=\u00bb%5B%7B%22title%22%3A%22Clienti%20Soddisfatti%22%2C%22value%22%3A%22100%22%2C%22color%22%3A%22juicy-pink%22%2C%22custom_color%22%3A%22%2300c1cf%22%7D%5D\u00bb][\/vc_column_inner][vc_column_inner width=\u00bb1\/4&#8243;][\/vc_column_inner][\/vc_row_inner][vc_row_inner][vc_column_inner]<div class=\"stats-block stats-top  \"><div class=\"aio-icon-top\"><div class=\"ult-just-icon-wrapper  \"><div class=\"align-icon\" style=\"text-align:center;\">\n<div class=\"aio-icon none \"  style=\"color:#333333;font-size:32px;display:inline-block;\">\n\t<i class=\"Defaults-group users\"><\/i>\n<\/div><\/div><\/div><\/div><div class=\"stats-desc\" id=\"counter-responsv-wrap-1980\"><div id=\"counter_78295106969e64f7a63183\" data-id=\"counter_78295106969e64f7a63183\"  data-ultimate-target='#counter-responsv-wrap-1980 .stats-number'  data-responsive-json-new='{\"font-size\":\"\",\"line-height\":\"\"}'  class=\"stats-number ult-responsive\" style=\"font-size:28px;  \" data-speed=\"3\" data-counter-value=\"100\" data-separator=\",\" data-decimal=\".\">0<\/div><div class=\"counter_suffix mycust ult-responsive\"  data-ultimate-target='#counter-responsv-wrap-1980 .mycust'  data-responsive-json-new='{\"font-size\":\"\",\"line-height\":\"\"}'  style=\"font-size:28px; color:\">%<\/div><div counter-responsv-wrap-1980  data-ultimate-target='#counter-responsv-wrap-1980 .stats-text'  data-responsive-json-new='{\"font-size\":\"\",\"line-height\":\"\"}'  class=\"stats-text ult-responsive\" style=\"font-size:18px;  \">Clientes satisfechos<\/div><\/div><\/div>[\/vc_column_inner][\/vc_row_inner][\/vc_column][vc_column width=\u00bb1\/2&#8243;][vc_row_inner][vc_column_inner]<div id=\"ultimate-heading-871469e64f7a6319b\" class=\"uvc-heading ult-adjust-bottom-margin ultimate-heading-871469e64f7a6319b uvc-4779 \" data-hspacer=\"no_spacer\"  data-halign=\"left\" style=\"text-align:left\"><div class=\"uvc-heading-spacer no_spacer\" style=\"top\"><\/div><div class=\"uvc-main-heading ult-responsive\"  data-ultimate-target='.uvc-heading.ultimate-heading-871469e64f7a6319b h2'  data-responsive-json-new='{\"font-size\":\"\",\"line-height\":\"\"}' ><h2 style=\"font-weight:normal;color:#353535;\">Fiabilidad y servicios<\/h2><\/div><\/div><div class=\"bizspeak-title bizspeak-title-style1 titolo-sopra\" style=\"text-align:left\"><h2 class=\"title-border\" style=\"text-transform:uppercase;padding:0;margin:0 0 0 0;font-weight:300;font-size:26px;color:#333333;\"> <\/h2><\/div>[vc_empty_space height=\u00bb30px\u00bb][\/vc_column_inner][\/vc_row_inner][vc_column_text]<\/p>\n<p class=\"p1\">El control proviene de un m\u00e9todo de trabajo refinado y consolidado con el paso del tiempo y de un compromiso continuo con la mejora d\u00eda a d\u00eda de productos y servicios. De esta manera, la empresa tiene la capacidad de ofrecer al cliente un producto a medida acabado, <strong>realizado en funci\u00f3n de sus necesidades y requisitos.<\/strong><\/p>\n<p>Nuestro trabajo no es solo la creaci\u00f3n de hornos autom\u00e1ticos, sino tambi\u00e9n aportar <strong>SOLUCIONES PERSONALIZADAS<\/strong> para problemas productivos concretos. Nuestro equipo cuenta con una fuerte orientaci\u00f3n hacia la resoluci\u00f3n de problemas, siendo siempre capaz de encontrar la soluci\u00f3n m\u00e1s apropiada y personalizada para cada necesidad del cliente.<\/p>\n<hr \/>\n<p class=\"p1\">Todos nuestros hornos son el resultado de un <strong>trabajo en equipo<\/strong> donde dise\u00f1adores, mec\u00e1nicos y t\u00e9cnicos est\u00e1n comprometidos con el logro de un producto fiable, robusto y de larga vida \u00fatil.<\/p>\n<p>La armon\u00eda de nuestro equipo, que trabaja y colabora codo con codo desde ya hace muchos a\u00f1os, asegura un producto acabado dentro de los plazos establecidos y acorde con los mayores est\u00e1ndares de calidad. La calidad, la profesionalidad y la eficiencia en los servicios ofrecidos han convertido a <strong>FARM BRASS<\/strong> en una de las principales empresas l\u00edderes del sector.<\/p>\n<p>[\/vc_column_text][\/vc_column][\/vc_row]<\/p>","protected":false},"excerpt":{"rendered":"<p>[vc_row full_width=\u00bbstretch_row_content_no_spaces\u00bb content_placement=\u00bbtop\u00bb bg_type=\u00bbimage\u00bb parallax_style=\u00bbvcpb-default\u00bb bg_image_new=\u00bbid^1900|url^http:\/\/kelevrabetatest.it\/farmbrass\/wp-content\/uploads\/2016\/07\/DSC_7000low.jpg|caption^null|alt^null|title^DSC_7000low|description^null\u00bb parallax_content=\u00bbparallax_content_value\u00bb el_class=\u00bbvideo-pagine\u00bb][vc_column][vc_raw_html]JTNDZGl2JTIwY2xhc3MlM0QlMjJvcGFjaXR5JTIyJTNFJTNDJTJGZGl2JTNF[\/vc_raw_html][\/vc_column][\/vc_row][vc_row][vc_column][vc_empty_space height=\u00bb30px\u00bb][\/vc_column][\/vc_row][vc_row][vc_column width=\u00bb2\/3&#8243;][vc_row_inner][vc_column_inner][vc_empty_space height=\u00bb30px\u00bb][\/vc_column_inner][\/vc_row_inner][vc_column_text] Los hornos FARM BRASS tienen funciones totalmente automatizadas para la carga, manipulaci\u00f3n interna y descarga a la presa. Se distinguen por la extrema versatilidad de uso en relaci\u00f3n con las diferentes formas y dimensiones de las piezas a calentar y por su alta productividad [&hellip;]<\/p>\n","protected":false},"author":1,"featured_media":0,"parent":0,"menu_order":0,"comment_status":"closed","ping_status":"closed","template":"","meta":{"footnotes":""},"_links":{"self":[{"href":"https:\/\/www.farmbrass.com\/es\/wp-json\/wp\/v2\/pages\/661"}],"collection":[{"href":"https:\/\/www.farmbrass.com\/es\/wp-json\/wp\/v2\/pages"}],"about":[{"href":"https:\/\/www.farmbrass.com\/es\/wp-json\/wp\/v2\/types\/page"}],"author":[{"embeddable":true,"href":"https:\/\/www.farmbrass.com\/es\/wp-json\/wp\/v2\/users\/1"}],"replies":[{"embeddable":true,"href":"https:\/\/www.farmbrass.com\/es\/wp-json\/wp\/v2\/comments?post=661"}],"version-history":[{"count":142,"href":"https:\/\/www.farmbrass.com\/es\/wp-json\/wp\/v2\/pages\/661\/revisions"}],"predecessor-version":[{"id":2432,"href":"https:\/\/www.farmbrass.com\/es\/wp-json\/wp\/v2\/pages\/661\/revisions\/2432"}],"wp:attachment":[{"href":"https:\/\/www.farmbrass.com\/es\/wp-json\/wp\/v2\/media?parent=661"}],"curies":[{"name":"wp","href":"https:\/\/api.w.org\/{rel}","templated":true}]}}