{"id":664,"date":"2016-07-26T14:47:25","date_gmt":"2016-07-26T12:47:25","guid":{"rendered":"http:\/\/kelevrabetatest.it\/farmbrass\/?page_id=664"},"modified":"2023-06-13T11:40:56","modified_gmt":"2023-06-13T09:40:56","slug":"heat-treatment-lines","status":"publish","type":"page","link":"https:\/\/www.farmbrass.com\/es\/heat-treatment-lines\/","title":{"rendered":"L\u00edneas de Tratamiento T\u00e9rmico"},"content":{"rendered":"<p>[vc_row full_width=\u00bbstretch_row_content_no_spaces\u00bb content_placement=\u00bbtop\u00bb bg_type=\u00bbimage\u00bb parallax_style=\u00bbvcpb-default\u00bb bg_image_new=\u00bbid^1826|url^http:\/\/kelevrabetatest.it\/farmbrass\/wp-content\/uploads\/2016\/07\/DSC_7049low.jpg|caption^null|alt^null|title^DSC_7049low|description^null\u00bb parallax_content=\u00bbparallax_content_value\u00bb el_class=\u00bbvideo-pagine\u00bb][vc_column][vc_empty_space height=\u00bb30px\u00bb]<div class=\"ult-animation  ult-animate-viewport  ult-no-mobile \" data-animate=\"fadeIn\" data-animation-delay=\"0\" data-animation-duration=\"3\" data-animation-iteration=\"1\" style=\"opacity:0;\" data-opacity_start_effect=\"\"><div class=\"bizspeak-title bizspeak-title-style3 titolo-video\" style=\"text-align:left\"><h2 style=\"text-transform:uppercase;padding:0px 0px 50px 0px;margin:25px auto 0px;font-weight:300;font-size:32px;color:#000000;\">L\u00edneas de Tratamiento T\u00e9rmico<\/h2><\/div><\/div>[vc_raw_html]JTNDZGl2JTIwY2xhc3MlM0QlMjJvcGFjaXR5JTIyJTNFJTNDJTJGZGl2JTNF[\/vc_raw_html][\/vc_column][\/vc_row][vc_row][vc_column width=\u00bb1\/2&#8243;][vc_empty_space height=\u00bb30px\u00bb][vc_row_inner][vc_column_inner]<div id=\"ultimate-heading-491269eb6de28489c\" class=\"uvc-heading ult-adjust-bottom-margin ultimate-heading-491269eb6de28489c uvc-8755 \" data-hspacer=\"no_spacer\"  data-halign=\"left\" style=\"text-align:left\"><div class=\"uvc-heading-spacer no_spacer\" style=\"top\"><\/div><div class=\"uvc-main-heading ult-responsive\"  data-ultimate-target='.uvc-heading.ultimate-heading-491269eb6de28489c h2'  data-responsive-json-new='{\"font-size\":\"\",\"line-height\":\"\"}' ><h2 style=\"font-weight:normal;color:#353535;\">Tecnolog\u00eda para todas las necesidades<\/h2><\/div><\/div><div class=\"bizspeak-title bizspeak-title-style1 titolo-sopra\" style=\"text-align:left\"><h2 class=\"title-border\" style=\"text-transform:uppercase;padding:0;margin:0 0 0 0;font-weight:300;font-size:26px;color:#333333;\"> <\/h2><\/div>[vc_empty_space height=\u00bb30px\u00bb][\/vc_column_inner][\/vc_row_inner][vc_column_text]<\/p>\n<p class=\"p1\" style=\"text-align: justify;\"><strong>FARM BRASS<\/strong> dispone de un Departamento T\u00e9cnico que act\u00faa como interfaz <strong>empresa-cliente<\/strong>, tanto si se trata de artesanos como de grandes industrias; tanto para peque\u00f1as instalaciones de prueba como para l\u00edneas con estampaci\u00f3n.<\/p>\n<p>De esta manera, se genera un continuo respaldo de la empresa, que puede ofrecer un<strong> servicio personalizado<\/strong> y estudiado a la medida de las necesidades que surgen en cualquier momento.<\/p>\n<p>Se revisa cada detalle de todas las aplicaciones en funci\u00f3n de las necesidades del <strong>cliente<\/strong>, empleando la maquinaria m\u00e1s moderna para todos los tipos posibles de <strong>soluci\u00f3n<\/strong>.<\/p>\n<p>La realizaci\u00f3n de una instalaci\u00f3n de recalentamiento o de un accesorio acoplado a la misma es para nosotros una acci\u00f3n cotidiana.<\/p>\n<p>Damos respuesta a las necesidades m\u00e1s variadas de cada uno de nuestros clientes, proporcionando soluciones personalizadas e innovadoras.<\/p>\n<p>Tenemos la capacidad no solo de ofrecer <strong>instalaciones est\u00e1ndar<\/strong> de nuestra amplia gama, sino tambi\u00e9n de construir instalaciones orientadas a un tratamiento concreto o a una l\u00ednea especial de estampaci\u00f3n, combinando m\u00e1quinas de nuestra producci\u00f3n o de nuestros socios de confianza, entre los que se encuentran <strong>F.P.M. Group y Zobbio Transfert.<\/strong><\/p>\n<p>[\/vc_column_text][\/vc_column][vc_column width=\u00bb1\/2&#8243;][vc_empty_space height=\u00bb100px\u00bb][vc_video link=\u00bbhttps:\/\/youtu.be\/gMPOotDPeTM\u00bb][\/vc_column][\/vc_row][vc_row full_width=\u00bbstretch_row\u00bb bg_type=\u00bbbg_color\u00bb css=\u00bb.vc_custom_1477053143466{background-color: #f3f3f3 !important;}\u00bb bg_color_value=\u00bb#e5e5e5&#8243;][vc_column width=\u00bb1\/2&#8243; css=\u00bb.vc_custom_1470318670207{padding-top: 50px !important;padding-right: 50px !important;padding-bottom: 50px !important;padding-left: 50px !important;}\u00bb][vc_column_text el_class=\u00bbimg-block-left\u00bb]<\/p>\n<h3 style=\"font-size: 26px;\"><img loading=\"lazy\" decoding=\"async\" class=\"alignnone wp-image-635\" src=\"https:\/\/www.farmbrass.com\/wp-content\/uploads\/2023\/06\/FARM-BRASS_Logo_positivo_orizzontale.png\" alt=\"logo_farm_red\" width=\"319\" height=\"94\" \/><\/h3>\n<h3 style=\"font-size: 26px;\">est\u00e1 permanentemente en busca de soluciones constructivas de vanguardia, a fin de poderlas aplicar a todos sus productos.<\/h3>\n<p>[\/vc_column_text][vc_column_text]<\/p>\n<p style=\"text-align: justify;\">Nada se deja al azar y el <strong>proyecto<\/strong> se gestiona como un todo: desde el dise\u00f1o del primer borrador hasta el transporte a las instalaciones del cliente, centr\u00e1ndose principalmente en el <strong>an\u00e1lisis de los materiales<\/strong>, <strong>los costes y las pruebas. <\/strong><\/p>\n<p>Nuestro Departamento T\u00e9cnico tiene la capacidad de dise\u00f1ar y desarrollar la correcta ejecuci\u00f3n del producto requerido en sinergia con el cliente. Experiencia, profesionalidad y excelente servicio de colaboraci\u00f3n garantizan la excelente calidad de nuestros productos, todos ellos certificados CE y de acuerdo con la normativa en vigor.<\/p>\n<p>Para el dise\u00f1o, el Departamento T\u00e9cnico se vale de potentes ordenadores con software dedicado al dimensionado del recalentamiento de metales. Tenemos la capacidad de incluir interfaz con los principales sistemas de dise\u00f1o CAD utilizados por los estudios de dise\u00f1o o por los departamentos t\u00e9cnicos de nuestros clientes, a fin de permitirles realizar un seguimiento y debatir las distintas fases de progreso del proyecto, mediante el env\u00edo de tablas actualizadas.<\/p>\n<p>Podemos proporcionar las <strong>mejores soluciones<\/strong>, gracias a un estudio a fondo del producto, haciendo que el dise\u00f1o vaya de la mano de la investigaci\u00f3n, <strong>sin dejar nada al azar<\/strong>, siempre en busca de la total y completa satisfacci\u00f3n del cliente.<\/p>\n<p>[\/vc_column_text][vc_empty_space height=\u00bb20px\u00bb][\/vc_column][vc_column width=\u00bb1\/2&#8243;][vc_empty_space height=\u00bb100px\u00bb][vc_empty_space height=\u00bb100px\u00bb]<div class=\"ult-animation  ult-animate-viewport  ult-no-mobile \" data-animate=\"fadeIn\" data-animation-delay=\"0\" data-animation-duration=\"3\" data-animation-iteration=\"1\" style=\"opacity:0;\" data-opacity_start_effect=\"\">[vc_single_image image=\u00bb1832&#8243; img_size=\u00bbfull\u00bb]<\/div>[\/vc_column][\/vc_row][vc_row full_width=\u00bbstretch_row\u00bb content_placement=\u00bbmiddle\u00bb bg_type=\u00bbimage\u00bb parallax_style=\u00bbvcpb-default\u00bb bg_image_new=\u00bbid^1829|url^http:\/\/kelevrabetatest.it\/farmbrass\/wp-content\/uploads\/2016\/07\/DSC_6839low.jpg|caption^null|alt^null|title^DSC_6839low|description^null\u00bb bg_image_repeat=\u00bbno-repeat\u00bb bg_img_attach=\u00bbfixed\u00bb parallax_content=\u00bbparallax_content_value\u00bb enable_overlay=\u00bbenable_overlay_value\u00bb overlay_color=\u00bbrgba(221,51,51,0.9)\u00bb overlay_pattern=\u00bb04.png\u00bb overlay_pattern_opacity=\u00bb80&#8243;][vc_column][vc_row_inner equal_height=\u00bbyes\u00bb][vc_column_inner][vc_empty_space height=\u00bb60px\u00bb]<div class=\"aio-icon-component    style_2\"><div id=\"Info-box-wrap-1183\" class=\"aio-icon-box top-icon\" style=\"\"  ><div class=\"aio-icon-top\"><div class=\"ult-just-icon-wrapper  \"><div class=\"align-icon\" style=\"text-align:center;\">\n<div class=\"aio-icon none \"  style=\"color:#ffffff;font-size:32px;display:inline-block;\">\n\t<i class=\"Defaults-cogs gears\"><\/i>\n<\/div><\/div><\/div><\/div><\/div> <!-- aio-icon-box --><\/div> <!-- aio-icon-component -->[vc_column_text el_class=\u00bbaction-title\u00bb]<\/p>\n<h2 style=\"text-align: center;\">PROYECTO + INVESTIGACI\u00d3N = SOLUCI\u00d3N<\/h2>\n<p style=\"text-align: center; color: #fff; font-size: 18px;\">\u00a1Esta es la ecuaci\u00f3n ganadora!<\/p>\n<p>[\/vc_column_text][vc_empty_space height=\u00bb60px\u00bb][\/vc_column_inner][\/vc_row_inner][\/vc_column][\/vc_row][vc_row][vc_column width=\u00bb1\/2&#8243;][vc_row_inner][vc_column_inner]<div id=\"ultimate-heading-595869eb6de284970\" class=\"uvc-heading ult-adjust-bottom-margin ultimate-heading-595869eb6de284970 uvc-6562 \" data-hspacer=\"no_spacer\"  data-halign=\"left\" style=\"text-align:left\"><div class=\"uvc-heading-spacer no_spacer\" style=\"top\"><\/div><div class=\"uvc-main-heading ult-responsive\"  data-ultimate-target='.uvc-heading.ultimate-heading-595869eb6de284970 h2'  data-responsive-json-new='{\"font-size\":\"\",\"line-height\":\"\"}' ><h2 style=\"font-weight:normal;color:#353535;\">A disposici\u00f3n del cliente<\/h2><\/div><\/div><div class=\"bizspeak-title bizspeak-title-style1 titolo-sopra\" style=\"text-align:left\"><h2 class=\"title-border\" style=\"text-transform:uppercase;padding:0;margin:0 0 0 0;font-weight:300;font-size:26px;color:#333333;\"> <\/h2><\/div>[vc_empty_space height=\u00bb30px\u00bb][\/vc_column_inner][\/vc_row_inner][vc_column_text]<\/p>\n<p style=\"text-align: justify;\" align=\"LEFT\">Dedicamos especial<strong> atenci\u00f3n al producto,<\/strong> persiguiendo constantemente la mejora y la diferenciaci\u00f3n, gracias a m\u00e1quinas de gran nivel<strong> tecnol\u00f3gico e innovador.<\/strong><\/p>\n<p>Nos distingue una especial <strong>sensibilidad a la hora de escuchar, comprender y transferir<\/strong> con diligencia las necesidades del cliente y del mercado sobre el producto. Ofrecemos a nuestros <strong>clientes<\/strong> un importante caudal de <strong>experiencia<\/strong> y problemas resueltos en una variedad de aplicaciones de recalentamiento en el \u00e1mbito de los procesos industriales.<\/p>\n<p><strong>Estamos a su disposici\u00f3n<\/strong> para la asistencia pre-venta (dise\u00f1o, asesoramiento, inspecciones, etc.) y post-venta.<\/p>\n<p>Durante la \u00faltima d\u00e9cada, una<strong> nueva direcci\u00f3n joven<\/strong>, \u00e1gil y consolidada est\u00e1 dirigiendo la empresa hacia nuevos y <strong>ambiciosos objetivos de crecimiento<\/strong> en el mercado <strong>nacional e internacional<\/strong>. Nuestro dinamismo y entusiasmo se han convertido en el buque insignia de nuestra empresa, que pone en el centro del proyecto al <strong>cliente<\/strong>, quien se ve flanqueado y respaldado por un equipo de expertos en todas las fases de elaboraci\u00f3n.<\/p>\n<p style=\"text-align: justify;\" align=\"LEFT\"><em>Tenemos la capacidad de ofrecer soluciones t\u00e9cnicas y funcionales aplicadas a instalaciones ya existentes, nuevas u obsoletas, incluso de nuestros competidores.<\/em><\/p>\n<p>[\/vc_column_text][\/vc_column][vc_column width=\u00bb1\/2&#8243;][vc_empty_space height=\u00bb30px\u00bb][vc_empty_space height=\u00bb30px\u00bb][vc_column_text]<\/p>\n<p style=\"text-align: justify;\" align=\"LEFT\"><strong>Dise\u00f1amos<\/strong> piezas o grupos enteros para su aplicaci\u00f3n en nuestras instalaciones ya construidas, persiguiendo la m\u00ednima modificaci\u00f3n de las m\u00e1quinas para limitar al m\u00e1ximo los costes relativos a las modificaciones (\u00a1a veces incluso inexistentes!).<\/p>\n<p>Las normativas de seguridad en el trabajo est\u00e1n en continua y frecuente actualizaci\u00f3n, las m\u00e1quinas obsoletas <strong>DEBEN<\/strong> ser revisadas en determinados puntos, dado que fueron construidas antes de las leyes actualmente en vigor.<\/p>\n<p>Intervenimos, por ejemplo, a\u00f1adiendo cabinas insonorizadas o componentes relativos a la instalaci\u00f3n de combusti\u00f3n; o bien a\u00f1adiendo, cuando es posible, accesorios que no estaban disponibles en el momento de la adquisici\u00f3n (dispositivo de vaciado, grupos para estampaci\u00f3n de discos o platos, dispositivos para separaci\u00f3n de discos calientes, etc.); e incluso transformamos las instalaciones con producci\u00f3n limitada, convirti\u00e9ndolas en nuevas instalaciones mejoradas a fin de satisfacer las nuevas necesidades de los clientes.<\/p>\n<p>Operamos de <strong>acuerdo<\/strong> con la<strong> normativa legal<\/strong> a fin de proporcionar un producto garantizado, poniendo toda nuestra profesionalidad y experiencia adquirida durante el paso de los a\u00f1os al servicio del cliente.<\/p>\n<p><strong>\u00a1Pero no solo eso!<\/strong> No tenemos inconveniente alguno en realizar proyectos o modificaciones incluso sobre instalaciones y m\u00e1quinas no fabricadas por <strong>FARM BRASS.<\/strong><\/p>\n<p>[\/vc_column_text][\/vc_column][\/vc_row][vc_row full_width=\u00bbstretch_row\u00bb bg_type=\u00bbimage\u00bb parallax_style=\u00bbvcpb-vz-jquery\u00bb bg_image_repeat=\u00bbno-repeat\u00bb][vc_column][vc_empty_space height=\u00bb60px\u00bb]<div id=\"ultimate-heading-134769eb6de2849cf\" class=\"uvc-heading ult-adjust-bottom-margin ultimate-heading-134769eb6de2849cf uvc-3613 \" data-hspacer=\"no_spacer\"  data-halign=\"left\" style=\"text-align:left\"><div class=\"uvc-heading-spacer no_spacer\" style=\"top\"><\/div><div class=\"uvc-main-heading ult-responsive\"  data-ultimate-target='.uvc-heading.ultimate-heading-134769eb6de2849cf h2'  data-responsive-json-new='{\"font-size\":\"\",\"line-height\":\"\"}' ><h2 style=\"font-weight:normal;color:#353535;\">Nuestros socios<\/h2><\/div><\/div><div class=\"bizspeak-title bizspeak-title-style1 titolo-sopra\" style=\"text-align:left\"><h2 class=\"title-border\" style=\"text-transform:uppercase;padding:0;margin:0 0 0 0;font-weight:300;font-size:26px;color:#333333;\"> <\/h2><\/div>[vc_empty_space height=\u00bb60px\u00bb][vc_row_inner][vc_column_inner width=\u00bb1\/2&#8243;][vc_single_image image=\u00bb1888&#8243; img_size=\u00bb\u00bb][vc_empty_space height=\u00bb40px\u00bb][vc_column_text]Especializada desde hace m\u00e1s de 30 a\u00f1os en la actividad de compraventa de m\u00e1quinas transfer usadas de unidad vertical u horizontal, con un n\u00famero variado de unidades adecuadas para la elaboraci\u00f3n de accesorios, v\u00e1lvulas, grifer\u00eda, automoci\u00f3n y mecanizados en general.<br \/>\nAdem\u00e1s, la empresa realiza revisiones de las m\u00e1quinas transfer.[\/vc_column_text][vc_btn title=\u00bbSaber m\u00e1s\u00bb style=\u00bb3d\u00bb color=\u00bbwhite\u00bb align=\u00bbcenter\u00bb el_class=\u00bbbtn-preset\u00bb css=\u00bb.vc_custom_1504864480807{margin-bottom: 30px !important;}\u00bb link=\u00bburl:http%3A%2F%2Fwww.zobbio.com%2F||target:%20_blank\u00bb][\/vc_column_inner][vc_column_inner width=\u00bb1\/2&#8243;][vc_single_image image=\u00bb1767&#8243; img_size=\u00bb\u00bb][vc_column_text]FPM es l\u00edder en la producci\u00f3n y revisi\u00f3n de prensas y plantas completas para el estampado de metales, tanto en caliente como en fr\u00edo. Desde 1986 ha crecido mediante la innovaci\u00f3n y el uso de las \u00faltimas tecnolog\u00edas, a fin de ofrecer soluciones productivas de alta calidad a sus clientes de todo el mundo.[\/vc_column_text][vc_btn title=\u00bbSaber m\u00e1s\u00bb style=\u00bb3d\u00bb color=\u00bbwhite\u00bb align=\u00bbcenter\u00bb el_class=\u00bbbtn-preset\u00bb css=\u00bb.vc_custom_1504864493079{margin-bottom: 30px !important;}\u00bb link=\u00bburl:http%3A%2F%2Fwww.fpmgroup.it||target:%20_blank\u00bb][\/vc_column_inner][vc_column_inner el_class=\u00bbhidden\u00bb][vc_single_image image=\u00bb1699&#8243;][vc_empty_space height=\u00bb10px\u00bb][vc_column_text]ZB, \u00e8 un\u2019 utensileria meccanica, specializzata nella costruzione di attrezzature per macchine Transfer e nella progettazione e realizzazione di sistemi presa pezzo. La specializzazione in tali attrezzature ha permesso a ZB di annoverare fra la sua clientela aziende leader nel settore della rubinetteria cromata, valvolame e raccorderie. [\/vc_column_text][vc_btn title=\u00bbScopri di pi\u00f9\u00bb style=\u00bb3d\u00bb color=\u00bbwhite\u00bb align=\u00bbcenter\u00bb el_class=\u00bbbtn-preset\u00bb css=\u00bb.vc_custom_1484323128117{margin-bottom: 30px !important;}\u00bb link=\u00bburl:http%3A%2F%2Fwww.zb-utensilerie.com%2F||target:%20_blank\u00bb][\/vc_column_inner][\/vc_row_inner][vc_empty_space height=\u00bb60px\u00bb][\/vc_column][\/vc_row]<\/p>","protected":false},"excerpt":{"rendered":"<p>[vc_row full_width=\u00bbstretch_row_content_no_spaces\u00bb content_placement=\u00bbtop\u00bb bg_type=\u00bbimage\u00bb parallax_style=\u00bbvcpb-default\u00bb bg_image_new=\u00bbid^1826|url^http:\/\/kelevrabetatest.it\/farmbrass\/wp-content\/uploads\/2016\/07\/DSC_7049low.jpg|caption^null|alt^null|title^DSC_7049low|description^null\u00bb parallax_content=\u00bbparallax_content_value\u00bb el_class=\u00bbvideo-pagine\u00bb][vc_column][vc_empty_space height=\u00bb30px\u00bb][vc_raw_html]JTNDZGl2JTIwY2xhc3MlM0QlMjJvcGFjaXR5JTIyJTNFJTNDJTJGZGl2JTNF[\/vc_raw_html][\/vc_column][\/vc_row][vc_row][vc_column width=\u00bb1\/2&#8243;][vc_empty_space height=\u00bb30px\u00bb][vc_row_inner][vc_column_inner][vc_empty_space height=\u00bb30px\u00bb][\/vc_column_inner][\/vc_row_inner][vc_column_text] FARM BRASS dispone de un Departamento T\u00e9cnico que act\u00faa como interfaz empresa-cliente, tanto si se trata de artesanos como de grandes industrias; tanto para peque\u00f1as instalaciones de prueba como para l\u00edneas con estampaci\u00f3n. De esta manera, se genera un continuo respaldo de la [&hellip;]<\/p>\n","protected":false},"author":1,"featured_media":0,"parent":0,"menu_order":0,"comment_status":"closed","ping_status":"closed","template":"","meta":{"footnotes":""},"_links":{"self":[{"href":"https:\/\/www.farmbrass.com\/es\/wp-json\/wp\/v2\/pages\/664"}],"collection":[{"href":"https:\/\/www.farmbrass.com\/es\/wp-json\/wp\/v2\/pages"}],"about":[{"href":"https:\/\/www.farmbrass.com\/es\/wp-json\/wp\/v2\/types\/page"}],"author":[{"embeddable":true,"href":"https:\/\/www.farmbrass.com\/es\/wp-json\/wp\/v2\/users\/1"}],"replies":[{"embeddable":true,"href":"https:\/\/www.farmbrass.com\/es\/wp-json\/wp\/v2\/comments?post=664"}],"version-history":[{"count":116,"href":"https:\/\/www.farmbrass.com\/es\/wp-json\/wp\/v2\/pages\/664\/revisions"}],"predecessor-version":[{"id":2957,"href":"https:\/\/www.farmbrass.com\/es\/wp-json\/wp\/v2\/pages\/664\/revisions\/2957"}],"wp:attachment":[{"href":"https:\/\/www.farmbrass.com\/es\/wp-json\/wp\/v2\/media?parent=664"}],"curies":[{"name":"wp","href":"https:\/\/api.w.org\/{rel}","templated":true}]}}