{"id":1997,"date":"2017-03-01T11:58:55","date_gmt":"2017-03-01T10:58:55","guid":{"rendered":"http:\/\/kelevrabetatest.it\/farmbrass\/?page_id=1997"},"modified":"2021-03-29T12:15:49","modified_gmt":"2021-03-29T10:15:49","slug":"documenti","status":"publish","type":"page","link":"https:\/\/www.farmbrass.com\/fr\/documenti\/","title":{"rendered":"Documents"},"content":{"rendered":"<p>[vc_row full_width=\u00a0\u00bbstretch_row_content_no_spaces\u00a0\u00bb content_placement=\u00a0\u00bbtop\u00a0\u00bb bg_type=\u00a0\u00bbimage\u00a0\u00bb parallax_style=\u00a0\u00bbvcpb-default\u00a0\u00bb bg_image_new=\u00a0\u00bbid^1911|url^http:\/\/kelevrabetatest.it\/farmbrass\/wp-content\/uploads\/2015\/09\/DSC_6768-come-oggetto-avanzato-11920.jpg|caption^null|alt^null|title^DSC_6768 come oggetto avanzato-11920|description^null\u00a0\u00bb bg_image_repeat=\u00a0\u00bbno-repeat\u00a0\u00bb parallax_content=\u00a0\u00bbparallax_content_value\u00a0\u00bb el_class=\u00a0\u00bbvideo-pagine\u00a0\u00bb][vc_column]<div class=\"ult-animation  ult-animate-viewport  ult-no-mobile \" data-animate=\"fadeIn\" data-animation-delay=\"0\" data-animation-duration=\"3\" data-animation-iteration=\"1\" style=\"opacity:0;\" data-opacity_start_effect=\"\"><div class=\"bizspeak-title bizspeak-title-style3 titolo-video\" style=\"text-align:left\"><h2 style=\"text-transform:uppercase;padding:0px 0px 50px 0px;margin:25px auto 0px;font-weight:300;font-size:32px;color:#000000;\">Documents<\/h2><\/div><\/div>[vc_raw_html]JTNDZGl2JTIwY2xhc3MlM0QlMjJvcGFjaXR5JTIyJTNFJTNDJTJGZGl2JTNF[\/vc_raw_html][\/vc_column][\/vc_row][vc_row][vc_column]<div class=\"bizspeak-title bizspeak-title-style3 \" style=\"text-align:left\"><h2 style=\"text-transform:uppercase;padding:0px 0px 50px 0px;margin:25px auto 0px;font-weight:300;font-size:32px;color:;\">S\u00c9LECTIONNEZ VOTRE DOCUMENT ET CLIQUEZ POUR LE T\u00c9L\u00c9CHARGER<\/h2><\/div>[\/vc_column][\/vc_row][vc_row][vc_column width=\u00a0\u00bb1\/4&Prime;]<div class=\"bizspeak-title bizspeak-title-style1 \" style=\"text-align:left\"><h2 class=\"title-border\" style=\"text-transform:uppercase;padding:0px 0px 50px 0px;margin:25px auto 0px;font-weight:300;font-size:32px;color:;\">DESCRIPTION<\/h2><\/div>[\/vc_column][vc_column width=\u00a0\u00bb1\/4&Prime;]<div class=\"bizspeak-title bizspeak-title-style1 \" style=\"text-align:left\"><h2 class=\"title-border\" style=\"text-transform:uppercase;padding:0px 0px 50px 0px;margin:25px auto 0px;font-weight:300;font-size:32px;color:;\">DETAILS<\/h2><\/div>[\/vc_column][vc_column width=\u00a0\u00bb1\/4&Prime;]<div class=\"bizspeak-title bizspeak-title-style1 \" style=\"text-align:left\"><h2 class=\"title-border\" style=\"text-transform:uppercase;padding:0px 0px 50px 0px;margin:25px auto 0px;font-weight:300;font-size:32px;color:;\">DOWNLOAD<\/h2><\/div>[\/vc_column][vc_column width=\u00a0\u00bb1\/4&Prime;]<div class=\"bizspeak-title bizspeak-title-style1 \" style=\"text-align:left\"><h2 class=\"title-border\" style=\"text-transform:uppercase;padding:0px 0px 50px 0px;margin:25px auto 0px;font-weight:300;font-size:32px;color:;\">Vid\u00e9o<\/h2><\/div>[\/vc_column][\/vc_row][vc_row][vc_column][vc_separator][\/vc_column][\/vc_row][vc_row][vc_column width=\u00a0\u00bb1\/4&Prime;][vc_column_text]<b>S.E. SERIES<\/b>[\/vc_column_text][\/vc_column][vc_column width=\u00a0\u00bb1\/4&Prime;][vc_column_text]GENERAL[\/vc_column_text][\/vc_column][vc_column width=\u00a0\u00bb1\/4&Prime;][vc_icon icon_fontawesome=\u00a0\u00bbfa fa-download\u00a0\u00bb color=\u00a0\u00bbcustom\u00a0\u00bb custom_color=\u00a0\u00bb#dd3333&Prime; css=\u00a0\u00bb.vc_custom_1617010591982{margin-top: -20px !important;}\u00a0\u00bb link=\u00a0\u00bburl:https%3A%2F%2Fwww.dropbox.com%2Fscl%2Ffi%2Fgob0c4idpbad5qtgokk4t%2FFARM_BRASS_SE.pdf%3Fdl%3D0%26oref%3De%26r%3DABU_HG7x7W_kDFtyIfNuT2GzHLTA_l6DFiw-2ONdxthCyxUIWuAfLyi_qGcAfRFAaBJnGhjkG3Xp0ZLGNt958iYUxj5PYn5qgnaeeZhAB4mnR4o-dxqqZgjBbWXhjGhYWzMPwGm74e_Q6zzd5-ty7FSqdA72o8-xVnfgUwGM-NRWz4vOxSg6q_W6qLwlN2SKHpjeQ1v1tur7ek7bscngJLPb%26sm%3D1||target:%20_blank\u00a0\u00bb][vc_icon][\/vc_column][vc_column width=\u00a0\u00bb1\/4&Prime;][\/vc_column][\/vc_row][vc_row][vc_column][vc_separator][\/vc_column][\/vc_row][vc_row][vc_column width=\u00a0\u00bb1\/4&Prime;][vc_column_text]<b>S.G. SERIES<\/b>[\/vc_column_text][\/vc_column][vc_column width=\u00a0\u00bb1\/4&Prime;][vc_column_text]GENERAL[\/vc_column_text][\/vc_column][vc_column width=\u00a0\u00bb1\/4&Prime;][\/vc_column][vc_column width=\u00a0\u00bb1\/4&Prime;][vc_icon icon_fontawesome=\u00a0\u00bbfa fa-youtube-play\u00a0\u00bb color=\u00a0\u00bbcustom\u00a0\u00bb custom_color=\u00a0\u00bb#dd3333&Prime; css=\u00a0\u00bb.vc_custom_1488385840153{margin-top: -20px !important;}\u00a0\u00bb link=\u00a0\u00bburl:https%3A%2F%2Fwww.youtube.com%2Fwatch%3Fv%3DoEZQ4qhgFAU||target:%20_blank\u00a0\u00bb][\/vc_column][\/vc_row][vc_row][vc_column][vc_separator][\/vc_column][\/vc_row][vc_row][vc_column width=\u00a0\u00bb1\/4&Prime;][vc_column_text]<b>S.M. SERIES<\/b>[\/vc_column_text][\/vc_column][vc_column width=\u00a0\u00bb1\/4&Prime;][vc_column_text]GENERAL[\/vc_column_text][\/vc_column][vc_column width=\u00a0\u00bb1\/4&Prime;][\/vc_column][vc_column width=\u00a0\u00bb1\/4&Prime;][vc_icon icon_fontawesome=\u00a0\u00bbfa fa-youtube-play\u00a0\u00bb color=\u00a0\u00bbcustom\u00a0\u00bb custom_color=\u00a0\u00bb#dd3333&Prime; css=\u00a0\u00bb.vc_custom_1488385885732{margin-top: -20px !important;}\u00a0\u00bb link=\u00a0\u00bburl:https%3A%2F%2Fwww.youtube.com%2Fwatch%3Fv%3DN3nFUR1EOMg||target:%20_blank\u00a0\u00bb][\/vc_column][\/vc_row][vc_row][vc_column][vc_separator][\/vc_column][\/vc_row][vc_row][vc_column width=\u00a0\u00bb1\/4&Prime;][vc_column_text]<b>S.O. SERIES<\/b>[\/vc_column_text][\/vc_column][vc_column width=\u00a0\u00bb1\/4&Prime;][vc_column_text]GENERAL[\/vc_column_text][\/vc_column][vc_column width=\u00a0\u00bb1\/4&Prime;][\/vc_column][vc_column width=\u00a0\u00bb1\/4&Prime;][vc_icon icon_fontawesome=\u00a0\u00bbfa fa-youtube-play\u00a0\u00bb color=\u00a0\u00bbcustom\u00a0\u00bb custom_color=\u00a0\u00bb#dd3333&Prime; css=\u00a0\u00bb.vc_custom_1488385919046{margin-top: -20px !important;}\u00a0\u00bb link=\u00a0\u00bburl:https%3A%2F%2Fwww.youtube.com%2Fwatch%3Fv%3D_jRnUBitiPU||target:%20_blank\u00a0\u00bb][\/vc_column][\/vc_row][vc_row][vc_column][vc_separator][\/vc_column][\/vc_row][vc_row][vc_column width=\u00a0\u00bb1\/4&Prime;][vc_column_text]<b>S.Q. SERIES<\/b>[\/vc_column_text][\/vc_column][vc_column width=\u00a0\u00bb1\/4&Prime;][vc_column_text]GENERAL[\/vc_column_text][\/vc_column][vc_column width=\u00a0\u00bb1\/4&Prime;][\/vc_column][vc_column width=\u00a0\u00bb1\/4&Prime;][vc_icon icon_fontawesome=\u00a0\u00bbfa fa-youtube-play\u00a0\u00bb color=\u00a0\u00bbcustom\u00a0\u00bb custom_color=\u00a0\u00bb#dd3333&Prime; css=\u00a0\u00bb.vc_custom_1488385944453{margin-top: -20px !important;}\u00a0\u00bb link=\u00a0\u00bburl:https%3A%2F%2Fwww.youtube.com%2Fwatch%3Fv%3D38E6DPkruB8||target:%20_blank\u00a0\u00bb][\/vc_column][\/vc_row][vc_row][vc_column][vc_separator][\/vc_column][\/vc_row][vc_row][vc_column width=\u00a0\u00bb1\/4&Prime;][vc_column_text]<b>N.A. SERIES<\/b>[\/vc_column_text][\/vc_column][vc_column width=\u00a0\u00bb1\/4&Prime;][vc_column_text]GENERAL[\/vc_column_text][\/vc_column][vc_column width=\u00a0\u00bb1\/4&Prime;][vc_icon icon_fontawesome=\u00a0\u00bbfa fa-download\u00a0\u00bb color=\u00a0\u00bbcustom\u00a0\u00bb custom_color=\u00a0\u00bb#dd3333&Prime; css=\u00a0\u00bb.vc_custom_1488385445953{margin-top: -20px !important;}\u00a0\u00bb link=\u00a0\u00bburl:https%3A%2F%2Fwww.dropbox.com%2Fsh%2F8dx7sypo5bhblvy%2FAAB7nM-xBTJmKIi-3uyY5RXua%3Fdl%3D0||target:%20_blank\u00a0\u00bb][\/vc_column][vc_column width=\u00a0\u00bb1\/4&Prime;][vc_row_inner][vc_column_inner width=\u00a0\u00bb1\/2&Prime;][vc_icon icon_fontawesome=\u00a0\u00bbfa fa-youtube-play\u00a0\u00bb color=\u00a0\u00bbcustom\u00a0\u00bb custom_color=\u00a0\u00bb#dd3333&Prime; css=\u00a0\u00bb.vc_custom_1488385970738{margin-top: -20px !important;}\u00a0\u00bb link=\u00a0\u00bburl:https%3A%2F%2Fwww.youtube.com%2Fwatch%3Fv%3DF7naEhp8L7o||target:%20_blank\u00a0\u00bb][\/vc_column_inner][vc_column_inner width=\u00a0\u00bb1\/2&Prime;][vc_icon icon_fontawesome=\u00a0\u00bbfa fa-youtube-play\u00a0\u00bb color=\u00a0\u00bbcustom\u00a0\u00bb custom_color=\u00a0\u00bb#dd3333&Prime; css=\u00a0\u00bb.vc_custom_1488385997330{margin-top: -20px !important;}\u00a0\u00bb link=\u00a0\u00bburl:https%3A%2F%2Fwww.youtube.com%2Fwatch%3Fv%3DmoPYwy9upco||target:%20_blank\u00a0\u00bb][\/vc_column_inner][\/vc_row_inner][\/vc_column][\/vc_row][vc_row][vc_column][vc_separator][\/vc_column][\/vc_row][vc_row][vc_column width=\u00a0\u00bb1\/4&Prime;][vc_column_text]<b>N.O. SERIES<\/b>[\/vc_column_text][\/vc_column][vc_column width=\u00a0\u00bb1\/4&Prime;][vc_column_text]GENERAL[\/vc_column_text][\/vc_column][vc_column width=\u00a0\u00bb1\/4&Prime;][vc_icon icon_fontawesome=\u00a0\u00bbfa fa-download\u00a0\u00bb color=\u00a0\u00bbcustom\u00a0\u00bb custom_color=\u00a0\u00bb#dd3333&Prime; css=\u00a0\u00bb.vc_custom_1488385535564{margin-top: -20px !important;}\u00a0\u00bb link=\u00a0\u00bburl:https%3A%2F%2Fwww.dropbox.com%2Fsh%2Fh5w6p84r9efnsjw%2FAAAU8Cv0omylT6ZPDmdWYlKba%3Fdl%3D0||\u00a0\u00bb][\/vc_column][vc_column width=\u00a0\u00bb1\/4&Prime;][vc_icon icon_fontawesome=\u00a0\u00bbfa fa-youtube-play\u00a0\u00bb color=\u00a0\u00bbcustom\u00a0\u00bb custom_color=\u00a0\u00bb#dd3333&Prime; css=\u00a0\u00bb.vc_custom_1488386038195{margin-top: -20px !important;}\u00a0\u00bb link=\u00a0\u00bburl:https%3A%2F%2Fwww.youtube.com%2Fwatch%3Fv%3DGAE4QXRx8fs||target:%20_blank\u00a0\u00bb][\/vc_column][\/vc_row][vc_row][vc_column width=\u00a0\u00bb1\/4&Prime;][\/vc_column][vc_column width=\u00a0\u00bb1\/4&Prime;][vc_column_text]NO500-3Z-4V95 Brochure[\/vc_column_text][\/vc_column][vc_column width=\u00a0\u00bb1\/4&Prime;][\/vc_column][vc_column width=\u00a0\u00bb1\/4&Prime;][\/vc_column][\/vc_row][vc_row][vc_column][vc_separator][\/vc_column][\/vc_row][vc_row][vc_column width=\u00a0\u00bb1\/4&Prime;][vc_column_text]<b>I.G.C. SERIES<\/b>[\/vc_column_text][\/vc_column][vc_column width=\u00a0\u00bb1\/4&Prime;][\/vc_column][vc_column width=\u00a0\u00bb1\/4&Prime;][\/vc_column][vc_column width=\u00a0\u00bb1\/4&Prime;][\/vc_column][\/vc_row][vc_row][vc_column][vc_separator][\/vc_column][\/vc_row][vc_row][vc_column width=\u00a0\u00bb1\/4&Prime;][vc_column_text]<b>I.G.M. SERIES<\/b>[\/vc_column_text][\/vc_column][vc_column width=\u00a0\u00bb1\/4&Prime;][\/vc_column][vc_column width=\u00a0\u00bb1\/4&Prime;][\/vc_column][vc_column width=\u00a0\u00bb1\/4&Prime;][\/vc_column][\/vc_row][vc_row][vc_column][vc_separator][\/vc_column][\/vc_row][vc_row][vc_column width=\u00a0\u00bb1\/4&Prime;][vc_column_text]<b>I.G.O. SERIES<\/b>[\/vc_column_text][\/vc_column][vc_column width=\u00a0\u00bb1\/4&Prime;][vc_column_text]GENERAL[\/vc_column_text][\/vc_column][vc_column width=\u00a0\u00bb1\/4&Prime;][vc_icon icon_fontawesome=\u00a0\u00bbfa fa-download\u00a0\u00bb color=\u00a0\u00bbcustom\u00a0\u00bb custom_color=\u00a0\u00bb#dd3333&Prime; css=\u00a0\u00bb.vc_custom_1488385169246{margin-top: -20px !important;}\u00a0\u00bb link=\u00a0\u00bburl:https%3A%2F%2Fwww.dropbox.com%2Fsh%2Flt9kak78133dsfw%2FAABTEjGDxFbvlWdG2M8As0K7a%3Fdl%3D0||target:%20_blank\u00a0\u00bb][\/vc_column][vc_column width=\u00a0\u00bb1\/4&Prime;][\/vc_column][\/vc_row][vc_row][vc_column][vc_separator][\/vc_column][\/vc_row][vc_row][vc_column width=\u00a0\u00bb1\/4&Prime;][vc_column_text]<b>I.G.Q. SERIES<\/b>[\/vc_column_text][\/vc_column][vc_column width=\u00a0\u00bb1\/4&Prime;][vc_column_text]GENERAL[\/vc_column_text][\/vc_column][vc_column width=\u00a0\u00bb1\/4&Prime;][vc_icon icon_fontawesome=\u00a0\u00bbfa fa-download\u00a0\u00bb color=\u00a0\u00bbcustom\u00a0\u00bb custom_color=\u00a0\u00bb#dd3333&Prime; css=\u00a0\u00bb.vc_custom_1488385312759{margin-top: -20px !important;}\u00a0\u00bb link=\u00a0\u00bburl:https%3A%2F%2Fwww.dropbox.com%2Fsh%2F2v1sv5ijnl06x7y%2FAADQ7ZJbdGGKr7LRgCOcokRLa%3Fdl%3D0||target:%20_blank\u00a0\u00bb][\/vc_column][vc_column width=\u00a0\u00bb1\/4&Prime;][\/vc_column][\/vc_row][vc_row][vc_column][vc_separator][\/vc_column][\/vc_row][vc_row][vc_column width=\u00a0\u00bb1\/4&Prime;][vc_column_text]<b>I.G.R. SERIES<\/b>[\/vc_column_text][\/vc_column][vc_column width=\u00a0\u00bb1\/4&Prime;][\/vc_column][vc_column width=\u00a0\u00bb1\/4&Prime;][\/vc_column][vc_column width=\u00a0\u00bb1\/4&Prime;][\/vc_column][\/vc_row][vc_row][vc_column][vc_separator][\/vc_column][\/vc_row][vc_row][vc_column width=\u00a0\u00bb1\/4&Prime;][vc_column_text]<b>I.G.T. T6 SERIES<\/b>[\/vc_column_text][\/vc_column][vc_column width=\u00a0\u00bb1\/4&Prime;][vc_column_text]GENERAL[\/vc_column_text][\/vc_column][vc_column width=\u00a0\u00bb1\/4&Prime;][vc_icon icon_fontawesome=\u00a0\u00bbfa fa-download\u00a0\u00bb color=\u00a0\u00bbcustom\u00a0\u00bb custom_color=\u00a0\u00bb#dd3333&Prime; css=\u00a0\u00bb.vc_custom_1488385382008{margin-top: -20px !important;}\u00a0\u00bb link=\u00a0\u00bburl:https%3A%2F%2Fwww.dropbox.com%2Fsh%2Fstlot2xfl7118zw%2FAADhLv8PEaqv_4pnWXHVa3maa%3Fdl%3D0||target:%20_blank\u00a0\u00bb][\/vc_column][vc_column width=\u00a0\u00bb1\/4&Prime;][\/vc_column][\/vc_row][vc_row][vc_column][vc_separator][\/vc_column][\/vc_row][vc_row][vc_column width=\u00a0\u00bb1\/4&Prime;][vc_column_text]<b>C.B.F. SERIES<\/b>[\/vc_column_text][\/vc_column][vc_column width=\u00a0\u00bb1\/4&Prime;][\/vc_column][vc_column width=\u00a0\u00bb1\/4&Prime;][\/vc_column][vc_column width=\u00a0\u00bb1\/4&Prime;][\/vc_column][\/vc_row][vc_row][vc_column][vc_separator][\/vc_column][\/vc_row][vc_row][vc_column width=\u00a0\u00bb1\/4&Prime;][vc_column_text]<b>OPTIONALS<\/b>[\/vc_column_text][\/vc_column][vc_column width=\u00a0\u00bb1\/4&Prime;][vc_column_text]GENERAL[\/vc_column_text][\/vc_column][vc_column width=\u00a0\u00bb1\/4&Prime;][vc_icon icon_fontawesome=\u00a0\u00bbfa fa-download\u00a0\u00bb color=\u00a0\u00bbcustom\u00a0\u00bb custom_color=\u00a0\u00bb#dd3333&Prime; css=\u00a0\u00bb.vc_custom_1488385667822{margin-top: -20px !important;}\u00a0\u00bb link=\u00a0\u00bburl:https%3A%2F%2Fwww.dropbox.com%2Fsh%2Fv3vk6yiy51g7qmd%2FAAAB6a1KbkXrysQ6hvULtE-Xa%3Fdl%3D0||target:%20_blank\u00a0\u00bb][\/vc_column][vc_column width=\u00a0\u00bb1\/4&Prime;][\/vc_column][\/vc_row][vc_row][vc_column width=\u00a0\u00bb1\/4&Prime;][\/vc_column][vc_column width=\u00a0\u00bb1\/4&Prime;][vc_column_text]EMPTYING DEVICE[\/vc_column_text][\/vc_column][vc_column width=\u00a0\u00bb1\/4&Prime;][\/vc_column][vc_column width=\u00a0\u00bb1\/4&Prime;][vc_icon icon_fontawesome=\u00a0\u00bbfa fa-youtube-play\u00a0\u00bb color=\u00a0\u00bbcustom\u00a0\u00bb custom_color=\u00a0\u00bb#dd3333&Prime; css=\u00a0\u00bb.vc_custom_1488386066808{margin-top: -20px !important;}\u00a0\u00bb link=\u00a0\u00bburl:https%3A%2F%2Fwww.youtube.com%2Fwatch%3Fv%3DrYvsSRRlVtc||target:%20_blank\u00a0\u00bb][\/vc_column][\/vc_row][vc_row][vc_column width=\u00a0\u00bb1\/4&Prime;][\/vc_column][vc_column width=\u00a0\u00bb1\/4&Prime;][vc_column_text]LOAD PIECEs MANIPULATOR[\/vc_column_text][\/vc_column][vc_column width=\u00a0\u00bb1\/4&Prime;][\/vc_column][vc_column width=\u00a0\u00bb1\/4&Prime;][vc_row_inner][vc_column_inner width=\u00a0\u00bb1\/2&Prime;][vc_icon icon_fontawesome=\u00a0\u00bbfa fa-youtube-play\u00a0\u00bb color=\u00a0\u00bbcustom\u00a0\u00bb custom_color=\u00a0\u00bb#dd3333&Prime; css=\u00a0\u00bb.vc_custom_1488386086808{margin-top: -20px !important;}\u00a0\u00bb link=\u00a0\u00bburl:https%3A%2F%2Fwww.youtube.com%2Fwatch%3Fv%3DzkJl5WrIUzo||target:%20_blank\u00a0\u00bb][\/vc_column_inner][vc_column_inner width=\u00a0\u00bb1\/2&Prime;][vc_icon icon_fontawesome=\u00a0\u00bbfa fa-youtube-play\u00a0\u00bb color=\u00a0\u00bbcustom\u00a0\u00bb custom_color=\u00a0\u00bb#dd3333&Prime; css=\u00a0\u00bb.vc_custom_1488386105880{margin-top: -20px !important;}\u00a0\u00bb link=\u00a0\u00bburl:https%3A%2F%2Fwww.youtube.com%2Fwatch%3Fv%3DuXK4kj2T9HQ||target:%20_blank\u00a0\u00bb][\/vc_column_inner][\/vc_row_inner][\/vc_column][\/vc_row][vc_row][vc_column width=\u00a0\u00bb1\/4&Prime;][\/vc_column][vc_column width=\u00a0\u00bb1\/4&Prime;][vc_column_text]FEEDER with RE-POSITIONER[\/vc_column_text][\/vc_column][vc_column width=\u00a0\u00bb1\/4&Prime;][\/vc_column][vc_column width=\u00a0\u00bb1\/4&Prime;][vc_icon icon_fontawesome=\u00a0\u00bbfa fa-youtube-play\u00a0\u00bb color=\u00a0\u00bbcustom\u00a0\u00bb custom_color=\u00a0\u00bb#dd3333&Prime; css=\u00a0\u00bb.vc_custom_1488386125379{margin-top: -20px !important;}\u00a0\u00bb link=\u00a0\u00bburl:https%3A%2F%2Fwww.youtube.com%2Fwatch%3Fv%3DdZqyUYMjYQ8||target:%20_blank\u00a0\u00bb][\/vc_column][\/vc_row][vc_row][vc_column width=\u00a0\u00bb1\/4&Prime;][\/vc_column][vc_column width=\u00a0\u00bb1\/4&Prime;][vc_column_text]PIECEs RE-POSITIONER (Transp.)[\/vc_column_text][\/vc_column][vc_column width=\u00a0\u00bb1\/4&Prime;][\/vc_column][vc_column width=\u00a0\u00bb1\/4&Prime;][vc_icon icon_fontawesome=\u00a0\u00bbfa fa-youtube-play\u00a0\u00bb color=\u00a0\u00bbcustom\u00a0\u00bb custom_color=\u00a0\u00bb#dd3333&Prime; css=\u00a0\u00bb.vc_custom_1488386153007{margin-top: -20px !important;}\u00a0\u00bb link=\u00a0\u00bburl:https%3A%2F%2Fwww.youtube.com%2Fwatch%3Fv%3DqlvTmZ1aeCk||target:%20_blank\u00a0\u00bb][\/vc_column][\/vc_row][vc_row][vc_column width=\u00a0\u00bb1\/4&Prime;][\/vc_column][vc_column width=\u00a0\u00bb1\/4&Prime;][vc_column_text]DISCs CHANNEL[\/vc_column_text][\/vc_column][vc_column width=\u00a0\u00bb1\/4&Prime;][\/vc_column][vc_column width=\u00a0\u00bb1\/4&Prime;][vc_icon icon_fontawesome=\u00a0\u00bbfa fa-youtube-play\u00a0\u00bb color=\u00a0\u00bbcustom\u00a0\u00bb custom_color=\u00a0\u00bb#dd3333&Prime; css=\u00a0\u00bb.vc_custom_1488386179202{margin-top: -20px !important;}\u00a0\u00bb link=\u00a0\u00bburl:https%3A%2F%2Fwww.youtube.com%2Fwatch%3Fv%3Dnm31fCpsX5c||target:%20_blank\u00a0\u00bb][\/vc_column][\/vc_row][vc_row][vc_column width=\u00a0\u00bb1\/4&Prime;][\/vc_column][vc_column width=\u00a0\u00bb1\/4&Prime;][vc_column_text]DISCs SEPARATOR DEVICE[\/vc_column_text][\/vc_column][vc_column width=\u00a0\u00bb1\/4&Prime;][\/vc_column][vc_column width=\u00a0\u00bb1\/4&Prime;][vc_icon icon_fontawesome=\u00a0\u00bbfa fa-youtube-play\u00a0\u00bb color=\u00a0\u00bbcustom\u00a0\u00bb custom_color=\u00a0\u00bb#dd3333&Prime; css=\u00a0\u00bb.vc_custom_1488386199742{margin-top: -20px !important;}\u00a0\u00bb link=\u00a0\u00bburl:https%3A%2F%2Fwww.youtube.com%2Fwatch%3Fv%3Dqc6hqhZ8i6o||target:%20_blank\u00a0\u00bb][\/vc_column][\/vc_row][vc_row][vc_column width=\u00a0\u00bb1\/4&Prime;][\/vc_column][vc_column width=\u00a0\u00bb1\/4&Prime;][vc_column_text]DISCs RE-POSITIONER (Device)[\/vc_column_text][\/vc_column][vc_column width=\u00a0\u00bb1\/4&Prime;][\/vc_column][vc_column width=\u00a0\u00bb1\/4&Prime;][vc_icon icon_fontawesome=\u00a0\u00bbfa fa-youtube-play\u00a0\u00bb color=\u00a0\u00bbcustom\u00a0\u00bb custom_color=\u00a0\u00bb#dd3333&Prime; css=\u00a0\u00bb.vc_custom_1488386224432{margin-top: -20px !important;}\u00a0\u00bb link=\u00a0\u00bburl:https%3A%2F%2Fwww.youtube.com%2Fwatch%3Fv%3Dqc6hqhZ8i6o||target:%20_blank\u00a0\u00bb][\/vc_column][\/vc_row][vc_row][vc_column width=\u00a0\u00bb1\/4&Prime;][\/vc_column][vc_column width=\u00a0\u00bb1\/4&Prime;][vc_column_text]UNLOAD PIECEs MANIPULATOR[\/vc_column_text][\/vc_column][vc_column width=\u00a0\u00bb1\/4&Prime;][\/vc_column][vc_column width=\u00a0\u00bb1\/4&Prime;][vc_icon icon_fontawesome=\u00a0\u00bbfa fa-youtube-play\u00a0\u00bb color=\u00a0\u00bbcustom\u00a0\u00bb custom_color=\u00a0\u00bb#dd3333&Prime; css=\u00a0\u00bb.vc_custom_1488386245591{margin-top: -20px !important;}\u00a0\u00bb link=\u00a0\u00bburl:https%3A%2F%2Fwww.youtube.com%2Fwatch%3Fv%3DapqvCCpeEHE||target:%20_blank\u00a0\u00bb][\/vc_column][\/vc_row][vc_row][vc_column width=\u00a0\u00bb1\/4&Prime;][\/vc_column][vc_column width=\u00a0\u00bb1\/4&Prime;][vc_column_text]PIECEs BENDER DEVICE[\/vc_column_text][\/vc_column][vc_column width=\u00a0\u00bb1\/4&Prime;][\/vc_column][vc_column width=\u00a0\u00bb1\/4&Prime;][vc_icon icon_fontawesome=\u00a0\u00bbfa fa-youtube-play\u00a0\u00bb color=\u00a0\u00bbcustom\u00a0\u00bb custom_color=\u00a0\u00bb#dd3333&Prime; css=\u00a0\u00bb.vc_custom_1488386262496{margin-top: -20px !important;}\u00a0\u00bb link=\u00a0\u00bburl:https%3A%2F%2Fwww.youtube.com%2Fwatch%3Fv%3D1TcHKJ9P8rc||target:%20_blank\u00a0\u00bb][\/vc_column][\/vc_row]<\/p>","protected":false},"excerpt":{"rendered":"<p>[vc_row full_width=\u00a0\u00bbstretch_row_content_no_spaces\u00a0\u00bb content_placement=\u00a0\u00bbtop\u00a0\u00bb bg_type=\u00a0\u00bbimage\u00a0\u00bb parallax_style=\u00a0\u00bbvcpb-default\u00a0\u00bb bg_image_new=\u00a0\u00bbid^1911|url^http:\/\/kelevrabetatest.it\/farmbrass\/wp-content\/uploads\/2015\/09\/DSC_6768-come-oggetto-avanzato-11920.jpg|caption^null|alt^null|title^DSC_6768 come oggetto avanzato-11920|description^null\u00a0\u00bb bg_image_repeat=\u00a0\u00bbno-repeat\u00a0\u00bb parallax_content=\u00a0\u00bbparallax_content_value\u00a0\u00bb el_class=\u00a0\u00bbvideo-pagine\u00a0\u00bb][vc_column][vc_raw_html]JTNDZGl2JTIwY2xhc3MlM0QlMjJvcGFjaXR5JTIyJTNFJTNDJTJGZGl2JTNF[\/vc_raw_html][\/vc_column][\/vc_row][vc_row][vc_column][\/vc_column][\/vc_row][vc_row][vc_column width=\u00a0\u00bb1\/4&Prime;][\/vc_column][vc_column width=\u00a0\u00bb1\/4&Prime;][\/vc_column][vc_column width=\u00a0\u00bb1\/4&Prime;][\/vc_column][vc_column width=\u00a0\u00bb1\/4&Prime;][\/vc_column][\/vc_row][vc_row][vc_column][vc_separator][\/vc_column][\/vc_row][vc_row][vc_column width=\u00a0\u00bb1\/4&Prime;][vc_column_text]S.E. SERIES[\/vc_column_text][\/vc_column][vc_column width=\u00a0\u00bb1\/4&Prime;][vc_column_text]GENERAL[\/vc_column_text][\/vc_column][vc_column width=\u00a0\u00bb1\/4&Prime;][vc_icon icon_fontawesome=\u00a0\u00bbfa fa-download\u00a0\u00bb color=\u00a0\u00bbcustom\u00a0\u00bb custom_color=\u00a0\u00bb#dd3333&Prime; css=\u00a0\u00bb.vc_custom_1617010591982{margin-top: -20px !important;}\u00a0\u00bb link=\u00a0\u00bburl:https%3A%2F%2Fwww.dropbox.com%2Fscl%2Ffi%2Fgob0c4idpbad5qtgokk4t%2FFARM_BRASS_SE.pdf%3Fdl%3D0%26oref%3De%26r%3DABU_HG7x7W_kDFtyIfNuT2GzHLTA_l6DFiw-2ONdxthCyxUIWuAfLyi_qGcAfRFAaBJnGhjkG3Xp0ZLGNt958iYUxj5PYn5qgnaeeZhAB4mnR4o-dxqqZgjBbWXhjGhYWzMPwGm74e_Q6zzd5-ty7FSqdA72o8-xVnfgUwGM-NRWz4vOxSg6q_W6qLwlN2SKHpjeQ1v1tur7ek7bscngJLPb%26sm%3D1||target:%20_blank\u00a0\u00bb][vc_icon][\/vc_column][vc_column width=\u00a0\u00bb1\/4&Prime;][\/vc_column][\/vc_row][vc_row][vc_column][vc_separator][\/vc_column][\/vc_row][vc_row][vc_column width=\u00a0\u00bb1\/4&Prime;][vc_column_text]S.G. SERIES[\/vc_column_text][\/vc_column][vc_column width=\u00a0\u00bb1\/4&Prime;][vc_column_text]GENERAL[\/vc_column_text][\/vc_column][vc_column width=\u00a0\u00bb1\/4&Prime;][\/vc_column][vc_column width=\u00a0\u00bb1\/4&Prime;][vc_icon icon_fontawesome=\u00a0\u00bbfa fa-youtube-play\u00a0\u00bb color=\u00a0\u00bbcustom\u00a0\u00bb custom_color=\u00a0\u00bb#dd3333&Prime; css=\u00a0\u00bb.vc_custom_1488385840153{margin-top: -20px !important;}\u00a0\u00bb link=\u00a0\u00bburl:https%3A%2F%2Fwww.youtube.com%2Fwatch%3Fv%3DoEZQ4qhgFAU||target:%20_blank\u00a0\u00bb][\/vc_column][\/vc_row][vc_row][vc_column][vc_separator][\/vc_column][\/vc_row][vc_row][vc_column width=\u00a0\u00bb1\/4&Prime;][vc_column_text]S.M. SERIES[\/vc_column_text][\/vc_column][vc_column width=\u00a0\u00bb1\/4&Prime;][vc_column_text]GENERAL[\/vc_column_text][\/vc_column][vc_column width=\u00a0\u00bb1\/4&Prime;][\/vc_column][vc_column width=\u00a0\u00bb1\/4&Prime;][vc_icon icon_fontawesome=\u00a0\u00bbfa fa-youtube-play\u00a0\u00bb color=\u00a0\u00bbcustom\u00a0\u00bb custom_color=\u00a0\u00bb#dd3333&Prime; css=\u00a0\u00bb.vc_custom_1488385885732{margin-top: -20px !important;}\u00a0\u00bb link=\u00a0\u00bburl:https%3A%2F%2Fwww.youtube.com%2Fwatch%3Fv%3DN3nFUR1EOMg||target:%20_blank\u00a0\u00bb][\/vc_column][\/vc_row][vc_row][vc_column][vc_separator][\/vc_column][\/vc_row][vc_row][vc_column [&hellip;]<\/p>\n","protected":false},"author":1,"featured_media":0,"parent":0,"menu_order":0,"comment_status":"closed","ping_status":"closed","template":"","meta":{"footnotes":""},"_links":{"self":[{"href":"https:\/\/www.farmbrass.com\/fr\/wp-json\/wp\/v2\/pages\/1997"}],"collection":[{"href":"https:\/\/www.farmbrass.com\/fr\/wp-json\/wp\/v2\/pages"}],"about":[{"href":"https:\/\/www.farmbrass.com\/fr\/wp-json\/wp\/v2\/types\/page"}],"author":[{"embeddable":true,"href":"https:\/\/www.farmbrass.com\/fr\/wp-json\/wp\/v2\/users\/1"}],"replies":[{"embeddable":true,"href":"https:\/\/www.farmbrass.com\/fr\/wp-json\/wp\/v2\/comments?post=1997"}],"version-history":[{"count":87,"href":"https:\/\/www.farmbrass.com\/fr\/wp-json\/wp\/v2\/pages\/1997\/revisions"}],"predecessor-version":[{"id":2783,"href":"https:\/\/www.farmbrass.com\/fr\/wp-json\/wp\/v2\/pages\/1997\/revisions\/2783"}],"wp:attachment":[{"href":"https:\/\/www.farmbrass.com\/fr\/wp-json\/wp\/v2\/media?parent=1997"}],"curies":[{"name":"wp","href":"https:\/\/api.w.org\/{rel}","templated":true}]}}