{"id":248,"date":"2015-08-28T05:28:45","date_gmt":"2015-08-28T03:28:45","guid":{"rendered":"http:\/\/themewinter.com\/WP\/bizspeak\/?page_id=248"},"modified":"2020-08-26T10:09:54","modified_gmt":"2020-08-26T08:09:54","slug":"azienda","status":"publish","type":"page","link":"https:\/\/www.farmbrass.com\/fr\/azienda\/","title":{"rendered":"ENTREPRISE"},"content":{"rendered":"<p>[vc_row full_width=\u00a0\u00bbstretch_row_content_no_spaces\u00a0\u00bb content_placement=\u00a0\u00bbtop\u00a0\u00bb bg_type=\u00a0\u00bbimage\u00a0\u00bb parallax_style=\u00a0\u00bbvcpb-default\u00a0\u00bb bg_image_new=\u00a0\u00bbid^1911|url^http:\/\/kelevrabetatest.it\/farmbrass\/wp-content\/uploads\/2015\/09\/DSC_6768-come-oggetto-avanzato-11920.jpg|caption^null|alt^null|title^DSC_6768 come oggetto avanzato-11920|description^null\u00a0\u00bb bg_image_repeat=\u00a0\u00bbno-repeat\u00a0\u00bb parallax_content=\u00a0\u00bbparallax_content_value\u00a0\u00bb el_class=\u00a0\u00bbvideo-pagine\u00a0\u00bb][vc_column]<div class=\"ult-animation  ult-animate-viewport  ult-no-mobile \" data-animate=\"fadeIn\" data-animation-delay=\"0\" data-animation-duration=\"3\" data-animation-iteration=\"1\" style=\"opacity:0;\" data-opacity_start_effect=\"\"><div class=\"bizspeak-title bizspeak-title-style3 titolo-video\" style=\"text-align:left\"><h2 style=\"text-transform:uppercase;padding:0px 0px 50px 0px;margin:25px auto 0px;font-weight:300;font-size:32px;color:#000000;\">Entreprise<\/h2><\/div><\/div>[vc_raw_html]JTNDZGl2JTIwY2xhc3MlM0QlMjJvcGFjaXR5JTIyJTNFJTNDJTJGZGl2JTNF[\/vc_raw_html][\/vc_column][\/vc_row][vc_row][vc_column][vc_empty_space height=\u00a0\u00bb30px\u00a0\u00bb][vc_row_inner el_class=\u00a0\u00bbmobile-no tablet-no\u00a0\u00bb][vc_column_inner width=\u00a0\u00bb1\/6&Prime;]<div id=\"ultimate-heading-553369fca666318b5\" class=\"uvc-heading ult-adjust-bottom-margin ultimate-heading-553369fca666318b5 uvc-4198 \" data-hspacer=\"no_spacer\"  data-halign=\"left\" style=\"text-align:left\"><div class=\"uvc-heading-spacer no_spacer\" style=\"top\"><\/div><div class=\"uvc-main-heading ult-responsive\"  data-ultimate-target='.uvc-heading.ultimate-heading-553369fca666318b5 h2'  data-responsive-json-new='{\"font-size\":\"desktop:28px;\",\"line-height\":\"desktop:28px;\"}' ><h2 style=\"font-family:'Archivo Black';font-style:italic;font-weight:bold;color:#d20000;\">farmbrass<\/h2><\/div><\/div>[\/vc_column_inner][vc_column_inner width=\u00a0\u00bb2\/3&Prime;]<div id=\"ultimate-heading-684369fca666318d1\" class=\"uvc-heading ult-adjust-bottom-margin ultimate-heading-684369fca666318d1 uvc-5633 \" data-hspacer=\"no_spacer\"  data-halign=\"left\" style=\"text-align:left\"><div class=\"uvc-heading-spacer no_spacer\" style=\"top\"><\/div><div class=\"uvc-main-heading ult-responsive\"  data-ultimate-target='.uvc-heading.ultimate-heading-684369fca666318d1 h2'  data-responsive-json-new='{\"font-size\":\"\",\"line-height\":\"\"}' ><h2 style=\"font-weight:normal;color:#353535;\">Une histoire \u00e0 succ\u00e8s.<\/h2><\/div><\/div>[\/vc_column_inner][vc_column_inner width=\u00a0\u00bb1\/6&Prime;][\/vc_column_inner][\/vc_row_inner][vc_row_inner el_class=\u00a0\u00bbdesktop-no\u00a0\u00bb][vc_column_inner]<div id=\"ultimate-heading-169569fca666318e7\" class=\"uvc-heading ult-adjust-bottom-margin ultimate-heading-169569fca666318e7 uvc-13 desktop-no\" data-hspacer=\"no_spacer\"  data-halign=\"left\" style=\"text-align:left\"><div class=\"uvc-heading-spacer no_spacer\" style=\"top\"><\/div><div class=\"uvc-main-heading ult-responsive\"  data-ultimate-target='.uvc-heading.ultimate-heading-169569fca666318e7 h2'  data-responsive-json-new='{\"font-size\":\"\",\"line-height\":\"\"}' ><h2 style=\"font-weight:normal;color:#353535;\">Farmbrass une histoire \u00e0 succ\u00e8s.<\/h2><\/div><\/div>[\/vc_column_inner][\/vc_row_inner]<div class=\"bizspeak-title bizspeak-title-style1 titolo-sopra\" style=\"text-align:left\"><h2 class=\"title-border\" style=\"text-transform:uppercase;padding:0;margin:0 0 0 0;font-weight:300;font-size:26px;color:#333333;\"> <\/h2><\/div>[vc_empty_space height=\u00a0\u00bb30px\u00a0\u00bb][vc_row_inner][vc_column_inner width=\u00a0\u00bb1\/2&Prime;][vc_column_text]La<strong> Farm Brass<\/strong> est leader depuis plus de quarante ans dans le secteur de l\u2019induction des m\u00e9taux. Notre <strong>technologie<\/strong> est en constante am\u00e9lioration afin de satisfaire les diff\u00e9rentes exigences du Client.<\/p>\n<p class=\"p1\"><span class=\"s1\">Pendant toutes ces ann\u00e9es notre entreprise a acquis une v\u00e9ritable expertise, en mettant \u00e0 disposition de la client\u00e8le, chaque jour plus exigeante, notre <strong>professionnalisme<\/strong> ainsi que notre connaissance.<\/span><\/p>\n<p>La <strong>FARM BRASS<\/strong> s\u2019impose comme partenaire du Client pour les plans de d\u00e9veloppement productif avec des solutions<strong> personnalis\u00e9es et innovantes,<\/strong> en essayant de r\u00e9pondre toujours aux souhaits du Client pour son enti\u00e8re satisfaction. Nous offrons gratuitement des services d\u2019assistance, maintenance, contr\u00f4le technique ainsi que la fourniture de pi\u00e8ces de rechange.<\/p>\n<p>La <strong>qualit\u00e9<\/strong>, <strong>l\u2019enthousiasme<\/strong>, le <strong>professionnalisme<\/strong> de nos techniciens sont nos points forts qui nous permettent une perp\u00e9tuelle innovation. La taille de notre entreprise permet d\u2019assurer un contact constant avec le Client et lui garantit enti\u00e8re satisfaction.[\/vc_column_text][\/vc_column_inner][vc_column_inner width=\u00a0\u00bb1\/2&Prime;]<div class=\"ult-animation  ult-animate-viewport  ult-no-mobile \" data-animate=\"fadeIn\" data-animation-delay=\"0\" data-animation-duration=\"3\" data-animation-iteration=\"1\" style=\"opacity:0;\" data-opacity_start_effect=\"\">[vc_single_image image=\u00a0\u00bb1547&Prime; img_size=\u00a0\u00bbfull\u00a0\u00bb]<\/div>[\/vc_column_inner][\/vc_row_inner][\/vc_column][\/vc_row][vc_row][vc_column width=\u00a0\u00bb1\/2&Prime;]<div class=\"info-wrapper ult-adjust-bottom-margin\"><div id=\"info-circle-wrapper-69fca66631972\" data-uniqid=\"69fca66631972\" class=\"info-circle-wrapper  info-circle-responsive \" data-half-percentage=\"70\" data-circle-type=\"full-circle\"><div class=\"info-c-full-br\" style='border:2px dashed #e1e1e1;width:70%;opacity:0;' data-start-degree=\"90\" data-divert=\"\" data-info-circle-angle=\"full\" data-responsive-circle=\"on\" data-responsive-breakpoint=\"800\" data-launch=\"linear\" data-launch-duration=\"1\" data-launch-delay=\"0.2\" data-slide-true=\"on\" data-slide-duration=\"5\" data-icon-size=\"28\" data-icon-show=\"not-show\" data-icon-show-size=\"\" data-highlight-style=\"info-circle-pop\" data-focus-on=\"hover\"><div  class=\"icon-circle-list\"><div class=\"info-circle-icons \" style=\"background:#f9f9f9;color:#000000;border-style:solid;border-width:1px;border-color:#d1d1d1;\"><i class=\"Defaults-thumbs-o-up\" ><\/i><\/div><div class=\"info-details\" data-icon-class=\"ult-info-circle-icon\"><div class=\"info-circle-def\"><div  class=\"info-circle-sub-def\"><i class=\"Defaults-thumbs-o-up\" ><\/i><div class=\"responsive-font-class ult-responsive\" ><h3  data-ultimate-target='#info-cirlce-wrap-1064 .responsive-font-class h3.new-cust-responsive-class'  data-responsive-json-new='{\"font-size\":\"desktop:20px;\",\"line-height\":\"\"}'  class=\"info-circle-heading ult-responsive new-cust-responsive-class\" style=\"font-family:'Raleway';font-weight:normal;\">Qualit\u00e9<\/h3><div  class=\"info-circle-text \" style=\"font-family:'Raleway';font-weight:normal;font-style:normal;\"><\/div><\/div><\/div><\/div><\/div><div class=\"info-circle-icons \" style=\"background:#f9f9f9;color:#000000;border-style:solid;border-width:1px;border-color:#d1d1d1;\"><i class=\"Defaults-group users\" ><\/i><\/div><div class=\"info-details\" data-icon-class=\"ult-info-circle-icon\"><div class=\"info-circle-def\"><div  class=\"info-circle-sub-def\"><i class=\"Defaults-group users\" ><\/i><div class=\"responsive-font-class ult-responsive\" ><h3  data-ultimate-target='#info-cirlce-wrap-1064 .responsive-font-class h3.new-cust-responsive-class'  data-responsive-json-new='{\"font-size\":\"desktop:20px;\",\"line-height\":\"\"}'  class=\"info-circle-heading ult-responsive new-cust-responsive-class\" style=\"font-family:'Raleway';font-weight:normal;\">Professionnalisme<\/h3><div  class=\"info-circle-text \" style=\"font-family:'Raleway';font-weight:normal;font-style:normal;\"><\/div><\/div><\/div><\/div><\/div><div class=\"info-circle-icons \" style=\"background:#f9f9f9;color:#000000;border-style:solid;border-width:1px;border-color:#d1d1d1;\"><i class=\"Defaults-comments\" ><\/i><\/div><div class=\"info-details\" data-icon-class=\"ult-info-circle-icon\"><div class=\"info-circle-def\"><div  class=\"info-circle-sub-def\"><i class=\"Defaults-comments\" ><\/i><div class=\"responsive-font-class ult-responsive\" ><h3  data-ultimate-target='#info-cirlce-wrap-1064 .responsive-font-class h3.new-cust-responsive-class'  data-responsive-json-new='{\"font-size\":\"desktop:20px;\",\"line-height\":\"\"}'  class=\"info-circle-heading ult-responsive new-cust-responsive-class\" style=\"font-family:'Raleway';font-weight:normal;\">Enthousiasme<\/h3><div  class=\"info-circle-text \" style=\"font-family:'Raleway';font-weight:normal;font-style:normal;\"><\/div><\/div><\/div><\/div><\/div><div class=\"info-circle-icons \" style=\"background:#f9f9f9;color:#000000;border-style:solid;border-width:1px;border-color:#d1d1d1;\"><i class=\"Defaults-cog gear\" ><\/i><\/div><div class=\"info-details\" data-icon-class=\"ult-info-circle-icon\"><div class=\"info-circle-def\"><div  class=\"info-circle-sub-def\"><i class=\"Defaults-cog gear\" ><\/i><div class=\"responsive-font-class ult-responsive\" ><h3  data-ultimate-target='#info-cirlce-wrap-1064 .responsive-font-class h3.new-cust-responsive-class'  data-responsive-json-new='{\"font-size\":\"desktop:20px;\",\"line-height\":\"\"}'  class=\"info-circle-heading ult-responsive new-cust-responsive-class\" style=\"font-family:'Raleway';font-weight:normal;\">Efficacit\u00e9<\/h3><div  class=\"info-circle-text \" style=\"font-family:'Raleway';font-weight:normal;font-style:normal;\"><\/div><\/div><\/div><\/div><\/div><div class=\"info-circle-icons \" style=\"background:#f9f9f9;color:#000000;border-style:solid;border-width:1px;border-color:#d1d1d1;\"><i class=\"Defaults-book\" ><\/i><\/div><div class=\"info-details\" data-icon-class=\"ult-info-circle-icon\"><div class=\"info-circle-def\"><div  class=\"info-circle-sub-def\"><i class=\"Defaults-book\" ><\/i><div class=\"responsive-font-class ult-responsive\" ><h3  data-ultimate-target='#info-cirlce-wrap-1064 .responsive-font-class h3.new-cust-responsive-class'  data-responsive-json-new='{\"font-size\":\"desktop:20px;\",\"line-height\":\"\"}'  class=\"info-circle-heading ult-responsive new-cust-responsive-class\" style=\"font-family:'Raleway';font-weight:normal;\">Exp\u00e9rience<\/h3><div  class=\"info-circle-text \" style=\"font-family:'Raleway';font-weight:normal;font-style:normal;\"><\/div><\/div><\/div><\/div><\/div><\/div><div id=\"info-cirlce-wrap-1064\" class=\"info-c-full\" style=\"background-color:#ffffff;color:#000000;width:80%;height:80%;margin:10%;\"><div class=\"info-c-full-wrap\"><\/div><\/div><\/div><div class=\"smile_icon_list_wrap \" data-content_bg=\"#ffffff\" data-content_color=\"#000000\">\r\n\t\t\t\t\t\t\t<ul id=\"info-cirlce-wrap-1064\" class=\"smile_icon_list left circle with_bg\">\r\n\t\t\t\t\t\t\t\t<li class=\"icon_list_item\" style=\"font-size:96px;\">\r\n\t\t\t\t\t\t\t\t\t<div class=\"icon_list_icon\" style=\"font-size:32px;\">\r\n\t\t\t\t\t\t\t\t\t\t<i class=\"smt-pencil\"><\/i>\r\n\t\t\t\t\t\t\t\t\t<\/div>\r\n\t\t\t\t\t\t\t\t\t<div  class=\"icon_description\" >\r\n\t\t\t\t\t\t\t\t\t\t<div class=\"responsive-font-class ult-responsive\"  data-ultimate-target='#info-cirlce-wrap-1064 .responsive-font-class *'  data-responsive-json-new='{\"font-size\":\"desktop:13px;\",\"line-height\":\"\"}'  style=\"font-family:'Raleway';font-weight:normal;font-style:normal;\">\r\n\t\t\t\t\t\t\t\t\t\t\t<h3  data-ultimate-target='#info-cirlce-wrap-1064 .responsive-font-class h3.new-cust-responsive-class'  data-responsive-json-new='{\"font-size\":\"desktop:20px;\",\"line-height\":\"\"}'  class=\"ult-responsive new-cust-responsive-class\" style=\"font-family:'Raleway';font-weight:normal;\"><\/h3>\r\n\t\t\t\t\t\t\t\t\t\t\t<p><\/p>\r\n\t\t\t\t\t\t\t\t\t\t<\/div>\r\n\t\t\t\t\t\t\t\t\t<\/div>\r\n\t\t\t\t\t\t\t\t\t<div class=\"icon_list_connector\" style=\"border-style:dashed;border-color:#e1e1e1\">\r\n\t\t\t\t\t\t\t\t\t<\/div>\r\n\t\t\t\t\t\t\t\t<\/li>\r\n\t\t\t\t\t\t\t<\/ul>\r\n\t\t\t\t\t\t<\/div><\/div><\/div>[\/vc_column][vc_column width=\u00a0\u00bb1\/2&Prime;]<div id=\"ultimate-heading-977969fca66631a0b\" class=\"uvc-heading ult-adjust-bottom-margin ultimate-heading-977969fca66631a0b uvc-2897 \" data-hspacer=\"no_spacer\"  data-halign=\"left\" style=\"text-align:left\"><div class=\"uvc-heading-spacer no_spacer\" style=\"top\"><\/div><div class=\"uvc-main-heading ult-responsive\"  data-ultimate-target='.uvc-heading.ultimate-heading-977969fca66631a0b h2'  data-responsive-json-new='{\"font-size\":\"\",\"line-height\":\"\"}' ><h2 style=\"font-weight:normal;color:#353535;\">La structure d\u2019entreprise<\/h2><\/div><\/div><div class=\"bizspeak-title bizspeak-title-style1 titolo-sopra\" style=\"text-align:left\"><h2 class=\"title-border\" style=\"text-transform:uppercase;padding:0;margin:0 0 0 0;font-weight:300;font-size:26px;color:#333333;\"> <\/h2><\/div>[vc_empty_space height=\u00a0\u00bb30px\u00a0\u00bb][vc_column_text]<\/p>\n<p class=\"p1\">Tout en cherchant \u00e0 fid\u00e9liser nos <strong>anciens clients<\/strong>, notre soci\u00e9t\u00e9 a consid\u00e9rablement acquis une nouvelle client\u00e8le et gagn\u00e9 sa confiance. Cela a \u00e9t\u00e9 possible gr\u00e2ce \u00e0 des services adapt\u00e9s sur mesure et \u00e0 notre <strong>professionnalisme<\/strong>.<\/p>\n<p class=\"p1\"><strong>NOUS NOUS ENGAGEONS A\u2019 GARANTIR LA CONTINUITE\u2019, AVEC UNE PARTICULIERE ATTENTION PORTEE SUR LE RENDEMENT ET SUR LA QUALITE.<\/strong><\/p>\n<p>Nos Clients ne <strong>sont jamais seuls. <\/strong><\/p>\n<p>Nous assurons des interventions rapides et des <strong>r\u00e9ponses imm\u00e9diates<\/strong>. Nous planifions les maintenances des installations. Nous poss\u00e9dons un r\u00e9seau d\u2019entrep\u00f4ts fournis de toutes les pi\u00e8ces de rechange afin de r\u00e9pondre aux probl\u00e8mes dans les d\u00e9lais les plus brefs.<\/p>\n<p class=\"p1\"><span class=\"s1\">Le Client repr\u00e9sente le pivot autour duquel se base l\u2019entier processus de production. Nous avons comme but l\u2019enti\u00e8re<strong> satisfaction du Client<\/strong> en lui offrant des standards de haute qualit\u00e9. <\/span><\/p>\n<p class=\"p1\">Notre entreprise garantit un support constant au Client, gr\u00e2ce \u00e0 notre aptitude en r\u00e9soudre les probl\u00e8mes, nous lui proposons <strong>toutes les solutions possibles<\/strong> selon ses n\u00e9cessit\u00e9s et ses exigences.<\/p>\n<p>[\/vc_column_text][\/vc_column][\/vc_row][vc_row el_class=\u00a0\u00bbhidden\u00a0\u00bb][vc_column]<div id=\"ultimate-heading-974969fca66631a5a\" class=\"uvc-heading ult-adjust-bottom-margin ultimate-heading-974969fca66631a5a uvc-5725 \" data-hspacer=\"no_spacer\"  data-halign=\"left\" style=\"text-align:left\"><div class=\"uvc-heading-spacer no_spacer\" style=\"top\"><\/div><div class=\"uvc-main-heading ult-responsive\"  data-ultimate-target='.uvc-heading.ultimate-heading-974969fca66631a5a h2'  data-responsive-json-new='{\"font-size\":\"\",\"line-height\":\"\"}' ><h2 style=\"font-weight:normal;color:#353535;\">Leadership Team<\/h2><\/div><\/div><div class=\"bizspeak-title bizspeak-title-style1 titolo-sopra\" style=\"text-align:left\"><h2 class=\"title-border\" style=\"text-transform:uppercase;padding:0;margin:0 0 0 0;font-weight:300;font-size:26px;color:#333333;\"> <\/h2><\/div>[vc_empty_space height=\u00a0\u00bb30px\u00a0\u00bb]<div class=\"teams \"><div class=\"row\"><div class=\"col-sm-12\"><div class=\"owl-controls client-course-control\"><a class=\"owl-control clientPrev\"><span><i class=\"fa fa-angle-left\"><\/i><\/span><\/a><a class=\"owl-control clientNext\"><span><i class=\"fa fa-angle-right\"><\/i><\/span><\/a><\/div><div id=\"team-carousel\" class=\"owl-carousel owl-theme text-center team-carousel\"><div class=\"item\"><div class=\"team-wrapper\"><div class=\"team-img-wrapper\"><img loading=\"lazy\" decoding=\"async\" width=\"258\" height=\"245\" src=\"https:\/\/www.farmbrass.com\/wp-content\/uploads\/2015\/08\/team4.jpg\" class=\"img-responsive wp-post-image\" alt=\"\" \/><\/div><div class=\"team-content\"><h3 class=\"ts-name\">Florence Angel<\/h3><p class=\"ts-designation\">Manager<\/p><div class=\"team-social\"><a href=\"#\"><i class=\"fa fa-facebook\"><\/i><\/a><a href=\"#\"><i class=\"fa fa-twitter\"><\/i><\/a><a href=\"#\"><i class=\"fa fa-google-plus\"><\/i><\/a><a href=\"#\"><i class=\"fa fa-linkedin\"><\/i><\/a><\/div><\/div><\/div><\/div><div class=\"item\"><div class=\"team-wrapper\"><div class=\"team-img-wrapper\"><img loading=\"lazy\" decoding=\"async\" width=\"258\" height=\"245\" src=\"https:\/\/www.farmbrass.com\/wp-content\/uploads\/2015\/08\/team2.jpg\" class=\"img-responsive wp-post-image\" alt=\"\" \/><\/div><div class=\"team-content\"><h3 class=\"ts-name\">James Andorson<\/h3><p class=\"ts-designation\">Developer<\/p><div class=\"team-social\"><a href=\"#\"><i class=\"fa fa-facebook\"><\/i><\/a><a href=\"#\"><i class=\"fa fa-twitter\"><\/i><\/a><a href=\"#\"><i class=\"fa fa-google-plus\"><\/i><\/a><a href=\"#\"><i class=\"fa fa-linkedin\"><\/i><\/a><\/div><\/div><\/div><\/div><div class=\"item\"><div class=\"team-wrapper\"><div class=\"team-img-wrapper\"><img loading=\"lazy\" decoding=\"async\" width=\"258\" height=\"245\" src=\"https:\/\/www.farmbrass.com\/wp-content\/uploads\/2015\/08\/team5.jpg\" class=\"img-responsive wp-post-image\" alt=\"\" \/><\/div><div class=\"team-content\"><h3 class=\"ts-name\">Angel Josy<\/h3><p class=\"ts-designation\">Designer<\/p><div class=\"team-social\"><a href=\"#\"><i class=\"fa fa-facebook\"><\/i><\/a><a href=\"#\"><i class=\"fa fa-pinterest\"><\/i><\/a><a href=\"#\"><i class=\"fa fa-instagram\"><\/i><\/a><a href=\"#\"><i class=\"fa fa-flickr\"><\/i><\/a><a href=\"#\"><i class=\"fa fa-youtube\"><\/i><\/a><\/div><\/div><\/div><\/div><div class=\"item\"><div class=\"team-wrapper\"><div class=\"team-img-wrapper\"><img loading=\"lazy\" decoding=\"async\" width=\"258\" height=\"245\" src=\"https:\/\/www.farmbrass.com\/wp-content\/uploads\/2015\/08\/team6.jpg\" class=\"img-responsive wp-post-image\" alt=\"\" \/><\/div><div class=\"team-content\"><h3 class=\"ts-name\">Michel Congue<\/h3><p class=\"ts-designation\">Founder<\/p><div class=\"team-social\"><a href=\"#\"><i class=\"fa fa-facebook\"><\/i><\/a><a href=\"#\"><i class=\"fa fa-twitter\"><\/i><\/a><a href=\"#\"><i class=\"fa fa-google-plus\"><\/i><\/a><a href=\"#\"><i class=\"fa fa-linkedin\"><\/i><\/a><\/div><\/div><\/div><\/div><div class=\"item\"><div class=\"team-wrapper\"><div class=\"team-img-wrapper\"><img loading=\"lazy\" decoding=\"async\" width=\"258\" height=\"245\" src=\"https:\/\/www.farmbrass.com\/wp-content\/uploads\/2015\/08\/team1.jpg\" class=\"img-responsive wp-post-image\" alt=\"\" \/><\/div><div class=\"team-content\"><h3 class=\"ts-name\">Jepher Lorance<\/h3><p class=\"ts-designation\">CEO<\/p><div class=\"team-social\"><a href=\"#\"><i class=\"fa fa-facebook\"><\/i><\/a><a href=\"#\"><i class=\"fa fa-twitter\"><\/i><\/a><a href=\"#\"><i class=\"fa fa-google-plus\"><\/i><\/a><a href=\"#\"><i class=\"fa fa-linkedin\"><\/i><\/a><a href=\"#\"><i class=\"fa fa-pinterest\"><\/i><\/a><a href=\"#\"><i class=\"fa fa-instagram\"><\/i><\/a><a href=\"#\"><i class=\"fa fa-flickr\"><\/i><\/a><a href=\"#\"><i class=\"fa fa-youtube\"><\/i><\/a><\/div><\/div><\/div><\/div><\/div><\/div><\/div><\/div><script type=\"text\/javascript\">\n\t\tjQuery(document).ready(function($){\n\t\t\t\tvar $teamcarousel = $(\"#team-carousel\")\n\t\t\t\t$teamcarousel.owlCarousel({\n\t\t\t    loop:true,\n\t\t\t    margin:20,\n\t\t\t    autoplay:false,\n\t\t\t    animateOut:true,\n\t\t\t    dots:false,\n\t\t\t    responsiveClass:true,\n\t\t\t    responsive:{\n\t\t\t        0:{\n\t\t\t            items:1,\n\t\t\t        },\n\t\t\t        600:{\n\t\t\t            items:3,\n\t\t\t        },\n\t\t\t        1000:{\n\t\t\t            items:4,\n\t\t\t            loop:false\n\t\t\t        }\n\t\t\t    }\n\t\t\t})\t\n\t\t\t$(\".clientPrev\").click(function(){\n\t\t\t\t$teamcarousel.trigger(\"prev.owl.carousel\", [400]);\n\t\t\t});\n\n\t\t\t$(\".clientNext\").click(function(){\n\t\t\t\t$teamcarousel.trigger(\"next.owl.carousel\",[400]);\n\t\t\t});\n\t\t});\n\t<\/script>[vc_empty_space height=\u00a0\u00bb30px\u00a0\u00bb][\/vc_column][\/vc_row]<\/p>","protected":false},"excerpt":{"rendered":"<p>[vc_row full_width=\u00a0\u00bbstretch_row_content_no_spaces\u00a0\u00bb content_placement=\u00a0\u00bbtop\u00a0\u00bb bg_type=\u00a0\u00bbimage\u00a0\u00bb parallax_style=\u00a0\u00bbvcpb-default\u00a0\u00bb bg_image_new=\u00a0\u00bbid^1911|url^http:\/\/kelevrabetatest.it\/farmbrass\/wp-content\/uploads\/2015\/09\/DSC_6768-come-oggetto-avanzato-11920.jpg|caption^null|alt^null|title^DSC_6768 come oggetto avanzato-11920|description^null\u00a0\u00bb bg_image_repeat=\u00a0\u00bbno-repeat\u00a0\u00bb parallax_content=\u00a0\u00bbparallax_content_value\u00a0\u00bb el_class=\u00a0\u00bbvideo-pagine\u00a0\u00bb][vc_column][vc_raw_html]JTNDZGl2JTIwY2xhc3MlM0QlMjJvcGFjaXR5JTIyJTNFJTNDJTJGZGl2JTNF[\/vc_raw_html][\/vc_column][\/vc_row][vc_row][vc_column][vc_empty_space height=\u00a0\u00bb30px\u00a0\u00bb][vc_row_inner el_class=\u00a0\u00bbmobile-no tablet-no\u00a0\u00bb][vc_column_inner width=\u00a0\u00bb1\/6&Prime;][\/vc_column_inner][vc_column_inner width=\u00a0\u00bb2\/3&Prime;][\/vc_column_inner][vc_column_inner width=\u00a0\u00bb1\/6&Prime;][\/vc_column_inner][\/vc_row_inner][vc_row_inner el_class=\u00a0\u00bbdesktop-no\u00a0\u00bb][vc_column_inner][\/vc_column_inner][\/vc_row_inner][vc_empty_space height=\u00a0\u00bb30px\u00a0\u00bb][vc_row_inner][vc_column_inner width=\u00a0\u00bb1\/2&Prime;][vc_column_text]La Farm Brass est leader depuis plus de quarante ans dans le secteur de l\u2019induction des m\u00e9taux. Notre technologie est en constante am\u00e9lioration afin de satisfaire les diff\u00e9rentes exigences du Client. Pendant toutes ces ann\u00e9es [&hellip;]<\/p>\n","protected":false},"author":1,"featured_media":0,"parent":0,"menu_order":0,"comment_status":"open","ping_status":"closed","template":"","meta":{"footnotes":""},"_links":{"self":[{"href":"https:\/\/www.farmbrass.com\/fr\/wp-json\/wp\/v2\/pages\/248"}],"collection":[{"href":"https:\/\/www.farmbrass.com\/fr\/wp-json\/wp\/v2\/pages"}],"about":[{"href":"https:\/\/www.farmbrass.com\/fr\/wp-json\/wp\/v2\/types\/page"}],"author":[{"embeddable":true,"href":"https:\/\/www.farmbrass.com\/fr\/wp-json\/wp\/v2\/users\/1"}],"replies":[{"embeddable":true,"href":"https:\/\/www.farmbrass.com\/fr\/wp-json\/wp\/v2\/comments?post=248"}],"version-history":[{"count":136,"href":"https:\/\/www.farmbrass.com\/fr\/wp-json\/wp\/v2\/pages\/248\/revisions"}],"predecessor-version":[{"id":2699,"href":"https:\/\/www.farmbrass.com\/fr\/wp-json\/wp\/v2\/pages\/248\/revisions\/2699"}],"wp:attachment":[{"href":"https:\/\/www.farmbrass.com\/fr\/wp-json\/wp\/v2\/media?parent=248"}],"curies":[{"name":"wp","href":"https:\/\/api.w.org\/{rel}","templated":true}]}}