{"id":661,"date":"2016-07-26T14:46:58","date_gmt":"2016-07-26T12:46:58","guid":{"rendered":"http:\/\/kelevrabetatest.it\/farmbrass\/?page_id=661"},"modified":"2017-09-15T15:03:07","modified_gmt":"2017-09-15T13:03:07","slug":"prodotti","status":"publish","type":"page","link":"https:\/\/www.farmbrass.com\/fr\/prodotti\/","title":{"rendered":"Produits"},"content":{"rendered":"<p>[vc_row full_width=\u00a0\u00bbstretch_row_content_no_spaces\u00a0\u00bb content_placement=\u00a0\u00bbtop\u00a0\u00bb bg_type=\u00a0\u00bbimage\u00a0\u00bb parallax_style=\u00a0\u00bbvcpb-default\u00a0\u00bb bg_image_new=\u00a0\u00bbid^1900|url^http:\/\/kelevrabetatest.it\/farmbrass\/wp-content\/uploads\/2016\/07\/DSC_7000low.jpg|caption^null|alt^null|title^DSC_7000low|description^null\u00a0\u00bb parallax_content=\u00a0\u00bbparallax_content_value\u00a0\u00bb el_class=\u00a0\u00bbvideo-pagine\u00a0\u00bb][vc_column]<div class=\"ult-animation  ult-animate-viewport  ult-no-mobile \" data-animate=\"fadeIn\" data-animation-delay=\"0\" data-animation-duration=\"3\" data-animation-iteration=\"1\" style=\"opacity:0;\" data-opacity_start_effect=\"\"><div class=\"bizspeak-title bizspeak-title-style3 titolo-video\" style=\"text-align:left\"><h2 style=\"text-transform:uppercase;padding:0px 0px 50px 0px;margin:25px auto 0px;font-weight:300;font-size:32px;color:#000000;\">PRODUITS<\/h2><\/div><\/div>[vc_raw_html]JTNDZGl2JTIwY2xhc3MlM0QlMjJvcGFjaXR5JTIyJTNFJTNDJTJGZGl2JTNF[\/vc_raw_html][\/vc_column][\/vc_row][vc_row][vc_column][vc_empty_space height=\u00a0\u00bb30px\u00a0\u00bb][\/vc_column][\/vc_row][vc_row][vc_column width=\u00a0\u00bb2\/3&Prime;][vc_row_inner][vc_column_inner]<div id=\"ultimate-heading-89869ebe173c7251\" class=\"uvc-heading ult-adjust-bottom-margin ultimate-heading-89869ebe173c7251 uvc-2519 \" data-hspacer=\"no_spacer\"  data-halign=\"left\" style=\"text-align:left\"><div class=\"uvc-heading-spacer no_spacer\" style=\"top\"><\/div><div class=\"uvc-main-heading ult-responsive\"  data-ultimate-target='.uvc-heading.ultimate-heading-89869ebe173c7251 h2'  data-responsive-json-new='{\"font-size\":\"\",\"line-height\":\"\"}' ><h2 style=\"font-weight:normal;color:#353535;\">Fours automatiques pour la thermo induction des m\u00e9taux<\/h2><\/div><\/div><div class=\"bizspeak-title bizspeak-title-style1 titolo-sopra\" style=\"text-align:left\"><h2 class=\"title-border\" style=\"text-transform:uppercase;padding:0;margin:0 0 0 0;font-weight:300;font-size:26px;color:#333333;\"> <\/h2><\/div>[vc_empty_space height=\u00a0\u00bb30px\u00a0\u00bb][\/vc_column_inner][\/vc_row_inner][vc_column_text]<\/p>\n<p class=\"p1\">Les fours <strong>FARM BRASS<\/strong> sont compl\u00e8tement automatiques dans leurs fonctions de chargement, manutention interne et d\u00e9chargement dans la presse.<\/p>\n<p class=\"p1\">Notre soci\u00e9t\u00e9 se distingue par son<strong> extr\u00eame versatilit\u00e9<\/strong> dans l\u2019utilisation de diff\u00e9rentes formes \u00e0 induire ainsi que par son importante productivit\u00e9 m\u00eame dans un espace r\u00e9duit.<\/p>\n<p class=\"p1\">La r\u00e9gulation \u00e0 action proportionnelle permet de d\u00e9tecter la temp\u00e9rature dans diff\u00e9rents endroits de la chambre de combustion, cette modulation continue optimise les consommations, d\u00e9j\u00e0 faibles, gr\u00e2ce \u00e0 l\u2019utilisation du gaz comme combustible. Elle produit uniformit\u00e9 de temp\u00e9rature et permet l\u2019impression jusqu\u2019\u00e0 4 pi\u00e8ces par cycle d\u2019estampage en circuits ferm\u00e9s<\/p>\n<p class=\"p1\">L\u2019utilisation d\u2019imprimantes sp\u00e9cifiques est d\u00e9sormais d\u2019usage courant dans tous les secteurs industriels\u00a0; ceci signifie que nous pouvons vous OFFRIR LE <strong>PLUS LARGE CHOIX<\/strong> sur le march\u00e9 de fours poussants et \u00e0 tunnel avec accessoires.<\/p>\n<p>[\/vc_column_text][vc_row_inner][vc_column_inner]<div class=\" ubtn-ctn-center \"><a class=\"ubtn-link ult-adjust-bottom-margin ubtn-center ubtn-block \" href = \"http:\/\/www.farmbrass.com\/catalogo-prodotti\/\" target='' ><button type=\"button\" id=\"ubtn-9695\" class=\"ubtn ult-adjust-bottom-margin ult-responsive ubtn-block ubtn-no-hover-bg  ulta-pulse  ubtn-sep-icon ubtn-sep-icon-at-left  ubtn-shd  ubtn-center  shd-bottom tooltip-69ebe173c73ad ubtn-block\"  data-hover=\"#333333\" data-border-color=\"\" data-bg=\"#dd3333\" data-hover-bg=\"#dd0000\" data-border-hover=\"\" data-shadow-hover=\"0 3px #eaeaea;\" data-shadow-click=\"\" data-shadow=\"0 5px #f2f2f2;\" data-shd-shadow=\"5\"  data-ultimate-target='#ubtn-9695'  data-responsive-json-new='{\"font-size\":\"desktop:18px;\",\"line-height\":\"\"}'  style=\"font-weight:bold;border:none;box-shadow: 0 5px #f2f2f2;background: #dd3333;color: #ffffff;\"><span class=\"ubtn-data ubtn-icon\"><i class=\"Defaults-list\" style=\"font-size:20px;color:#ffffff;\"><\/i><\/span><span class=\"ubtn-hover\" style=\"background-color:#dd0000\"><\/span><span class=\"ubtn-data ubtn-text \" >D\u00e9couvrez notre catalogue<\/span><\/button><\/a><\/div>[\/vc_column_inner][\/vc_row_inner][vc_row_inner][vc_column_inner width=\u00a0\u00bb1\/2&Prime;]<div id=\"ultimate-heading-923169ebe173c73ff\" class=\"uvc-heading ult-adjust-bottom-margin ultimate-heading-923169ebe173c73ff uvc-1220 \" data-hspacer=\"no_spacer\"  data-halign=\"left\" style=\"text-align:left\"><div class=\"uvc-heading-spacer no_spacer\" style=\"top\"><\/div><div class=\"uvc-main-heading ult-responsive\"  data-ultimate-target='.uvc-heading.ultimate-heading-923169ebe173c73ff h2'  data-responsive-json-new='{\"font-size\":\"\",\"line-height\":\"\"}' ><h2 style=\"font-weight:normal;color:#353535;\">Exp\u00e9rience et travail d\u2019\u00e9quipe<\/h2><\/div><\/div><div class=\"bizspeak-title bizspeak-title-style1 titolo-sopra\" style=\"text-align:left\"><h2 class=\"title-border\" style=\"text-transform:uppercase;padding:0;margin:0 0 0 0;font-weight:300;font-size:26px;color:#333333;\"> <\/h2><\/div>[vc_empty_space height=\u00a0\u00bb30px\u00a0\u00bb][vc_column_text]<\/p>\n<p class=\"p1\" style=\"text-align: justify;\">Depuis les premi\u00e8res machines rotatives en <strong>1975<\/strong> \u00e0 aujourd\u2019hui, nous avons consolid\u00e9 notre exp\u00e9rience dans le secteur du moulage \u00e0 chaud. Depuis lors notre entreprise \u00e9volue sans cesse, toujours \u00e0 la recherche des solutions les plus <strong>innovantes<\/strong> et <strong>performantes<\/strong> pour r\u00e9pondre aux exigences du Client.<\/p>\n<p>Chaque four r\u00e9alis\u00e9 dans nos \u00e9tablissements est le r\u00e9sultat d\u2019un travail d\u2019\u00e9quipe ou\u2019 concepteurs, m\u00e9caniciens et techniciens sont constamment occup\u00e9s dans la r\u00e9alisation d\u2019un produit <strong>FIABLE, SOLIDE ET DE LONGUE DUREE.<\/strong><\/p>\n<p>Nous ne r\u00e9alisons pas seulement des fours automatiques, nous fournissons aussi des solutions personnalis\u00e9es \u00e0 des probl\u00e8mes concrets de production<br \/>\nNotre personnel travaille tous les jours avec constance et professionnalisme car notre m\u00e9tier est avant tout une vraie passion.<\/p>\n<p>[\/vc_column_text][\/vc_column_inner][vc_column_inner width=\u00a0\u00bb1\/2&Prime;]<div id=\"ultimate-heading-173269ebe173c74c5\" class=\"uvc-heading ult-adjust-bottom-margin ultimate-heading-173269ebe173c74c5 uvc-8060 \" data-hspacer=\"no_spacer\"  data-halign=\"left\" style=\"text-align:left\"><div class=\"uvc-heading-spacer no_spacer\" style=\"top\"><\/div><div class=\"uvc-main-heading ult-responsive\"  data-ultimate-target='.uvc-heading.ultimate-heading-173269ebe173c74c5 h2'  data-responsive-json-new='{\"font-size\":\"\",\"line-height\":\"\"}' ><h2 style=\"font-weight:normal;color:#353535;\"> Le monde \u00e9volue <\/h2><\/div><\/div><div class=\"bizspeak-title bizspeak-title-style1 titolo-sopra\" style=\"text-align:left\"><h2 class=\"title-border\" style=\"text-transform:uppercase;padding:0;margin:0 0 0 0;font-weight:300;font-size:26px;color:#333333;\"> <\/h2><\/div>[vc_empty_space height=\u00a0\u00bb30px\u00a0\u00bb][vc_column_text]<\/p>\n<p class=\"p1\" style=\"text-align: justify;\">La rapide <strong>\u00e9volution<\/strong> des techniques d\u2019impression d\u2019estampage de l\u2019\u00e9lectronique et de l\u2019informatique a trouv\u00e9 notre soci\u00e9t\u00e9 pr\u00eate \u00e0 relever le d\u00e9fi.<\/p>\n<p>La haute qualit\u00e9 et les volumes de productions croissants demandent une alimentation continue, des temp\u00e9ratures homog\u00e8nes et pr\u00e9cises, des interfaces avec les presses les plus sophistiqu\u00e9es, un contr\u00f4le constant des donn\u00e9es de production\u00a0: tout cela est r\u00e9alis\u00e9 pr\u00e8s de la chambre de combustion, le<strong> c\u0153ur de nos fours.<\/strong><\/p>\n<p>Au sein de notre soci\u00e9t\u00e9 chaque nouvelle demande fournit l\u2019occasion d\u2019am\u00e9liorer notre technologie et de proposer des solutions nouvelles et innovantes. C\u2019est pour cela que notre soci\u00e9t\u00e9 coop\u00e8re depuis plusieurs ann\u00e9es avec d\u2019importants partenaires au niveau national et international, et elle r\u00e9ussit \u00e0 fid\u00e9liser un nombre toujours croissant de <strong>clients satisfaits.<\/strong><\/p>\n<p>[\/vc_column_text][\/vc_column_inner][\/vc_row_inner][\/vc_column][vc_column width=\u00a0\u00bb1\/3&Prime;][vc_row_inner][vc_column_inner]<div id=\"ultimate-heading-619869ebe173c7589\" class=\"uvc-heading ult-adjust-bottom-margin ultimate-heading-619869ebe173c7589 uvc-5448 \" data-hspacer=\"no_spacer\"  data-halign=\"left\" style=\"text-align:left\"><div class=\"uvc-heading-spacer no_spacer\" style=\"top\"><\/div><div class=\"uvc-main-heading ult-responsive\"  data-ultimate-target='.uvc-heading.ultimate-heading-619869ebe173c7589 h2'  data-responsive-json-new='{\"font-size\":\"\",\"line-height\":\"\"}' ><h2 style=\"font-weight:normal;color:#353535;\">Typologies de produits<\/h2><\/div><\/div><div class=\"bizspeak-title bizspeak-title-style1 titolo-sopra\" style=\"text-align:left\"><h2 class=\"title-border\" style=\"text-transform:uppercase;padding:0;margin:0 0 0 0;font-weight:300;font-size:26px;color:#333333;\"> <\/h2><\/div>[vc_empty_space height=\u00a0\u00bb30px\u00a0\u00bb][\/vc_column_inner][\/vc_row_inner][vc_tta_accordion][vc_tta_section title=\u00a0\u00bbFours poussants \u00a0\u00bb tab_id=\u00a0\u00bb1476114028968-022df8db-870c\u00a0\u00bb add_icon=\u00a0\u00bbtrue\u00a0\u00bb][vc_row_inner][vc_column_inner][vc_single_image image=\u00a0\u00bb1205&Prime; img_size=\u00a0\u00bb\u00a0\u00bb][vc_column_text]<\/p>\n<p class=\"p1\"><strong>Laiton, cuivre, bronze et aluminium<\/strong><\/p>\n<p class=\"p1\">Les fours poussants de la <strong>FARM BRASS<\/strong> se divisent en deux s\u00e9ries\u00a0: s\u00e9rie S et s\u00e9rie IG<br \/>\nLes deux sont destin\u00e9es \u00e0 l\u2019induction du laiton mais elles peuvent \u00e9galement \u00eatre utilis\u00e9es pour l\u2019induction d\u2019autres m\u00e9taux non ferreux, comme l\u2019aluminium. L\u2019installation \u00e0 combustion est divis\u00e9e en un ou plusieurs compartiments selon la longueur de la Chambre d\u2019induction (1Z-2Z-3Z). Le nombre des pistes (ou Guides) peut varier selon les exigences de production (2G-3G-4G). Parmi les productions de la Farm Brass on peut compter des barreaux, des composants forg\u00e9s, des fusions en fonte et en acier, des rails, des tuyaux et des agglom\u00e9r\u00e9s. L\u2019h\u00e9t\u00e9rog\u00e9n\u00e9it\u00e9 et l\u2019ampleur des produits r\u00e9alis\u00e9s offrent un large \u00e9ventail. Le Client peut \u00e9galement demander des pi\u00e8ces sur mesure et personnalis\u00e9es.<\/p>\n<p>[\/vc_column_text][\/vc_column_inner][\/vc_row_inner][\/vc_tta_section][vc_tta_section title=\u00a0\u00bbFours \u00e0 tunnel\u00a0\u00bb tab_id=\u00a0\u00bb1476115449143-3cefb64f-5493&Prime; add_icon=\u00a0\u00bbtrue\u00a0\u00bb][vc_row_inner][vc_column_inner][vc_single_image image=\u00a0\u00bb1168&Prime; img_size=\u00a0\u00bb\u00a0\u00bb][vc_column_text]<\/p>\n<p class=\"p1\"><strong>Laiton, Aluminium<\/strong><\/p>\n<p class=\"p1\">Les fours \u00e0 tunnel de la <strong>FARM BRASS<\/strong> se divisent en trois s\u00e9ries: la s\u00e9rie IGR, la s\u00e9rie NO et la s\u00e9rie NA.<br \/>\nLes deux premi\u00e8res ont \u00e9t\u00e9 destin\u00e9es \u00e0 l\u2019induction du laiton mais elles peuvent \u00eatre \u00e9galement utilis\u00e9es dans l\u2019induction d\u2019autres m\u00e9taux non ferreux. La troisi\u00e8me, en revanche, est destin\u00e9e \u00e0 l\u2019induction de l\u2019aluminium. L\u2019installation \u00e0 combustion des fours \u00e0 tunnel est divis\u00e9e en un ou plusieurs compartiments selon la longueur de la Chambre d\u2019induction (1Z-2Z-3Z). Selon la composition de la bande (ou du Tapis) peuvent \u00eatre charg\u00e9es une ou plusieurs colonnes de pi\u00e8ces. Pour les fours \u00e0 tunnel la FARM BRASS garantit la production de pi\u00e8ces comme les barreaux, les composants forg\u00e9s, les fusions en fonte et acier, les rails, les tuyaux et les agglom\u00e9r\u00e9s.<\/p>\n<p>[\/vc_column_text][\/vc_column_inner][\/vc_row_inner][\/vc_tta_section][vc_tta_section title=\u00a0\u00bbFour de traitement thermique des m\u00e9taux\u00a0\u00bb tab_id=\u00a0\u00bb1476115447187-bc637183-bf1c\u00a0\u00bb add_icon=\u00a0\u00bbtrue\u00a0\u00bb][vc_row_inner][vc_column_inner][vc_single_image image=\u00a0\u00bb2383&Prime; img_size=\u00a0\u00bb\u00a0\u00bb][vc_column_text]<\/p>\n<p class=\"p1\"><strong>Laiton, Aluminium<\/strong><\/p>\n<p class=\"p1\">Gr\u00e2ce \u00e0 la technologie de l\u2019induction indirecte avec circulation forc\u00e9e de l\u2019air chaud et \u00e0 la possibilit\u00e9 de travailler avec des temp\u00e9ratures qui vont de 150\u00b0 \u00e0 600\u00b0C, nos installations pour le traitement thermique s\u00e9rie IGT repr\u00e9sentent la solution la plus performante pour les exigences du Client.<br \/>\nNous vous proposons \u00e9galement des solutions techniques et fonctionnelles pour la r\u00e9alisation d\u2019installations destin\u00e9es \u00e0 tout type de Traitement Thermique. Des soles mobiles \u00e0 entrainement \u00e0 chaine ou \u00e0 rails, pi\u00e8ces sur tapis, atmosph\u00e8re contr\u00f4l\u00e9e, vieillissement, solubilisation, trempage etc. Tout cela se traduit par un r\u00e9sultat final de tr\u00e8s haute qualit\u00e9 pour le traitement thermique. Nous garantissons un produit sur mesure du Client qui respecte les plus hauts standards de qualit\u00e9.<\/p>\n<p>[\/vc_column_text][\/vc_column_inner][\/vc_row_inner][\/vc_tta_section][\/vc_tta_accordion][\/vc_column][\/vc_row][vc_row bg_type=\u00a0\u00bbgrad\u00a0\u00bb bg_override=\u00a0\u00bbfull\u00a0\u00bb bg_grad=\u00a0\u00bbbackground: -webkit-gradient(linear, left top, left bottom, color-stop(0%, #E3E3E3), color-stop(100%, #BABABA));background: -moz-linear-gradient(top,#E3E3E3 0%,#BABABA 100%);background: -webkit-linear-gradient(top,#E3E3E3 0%,#BABABA 100%);background: -o-linear-gradient(top,#E3E3E3 0%,#BABABA 100%);background: -ms-linear-gradient(top,#E3E3E3 0%,#BABABA 100%);background: linear-gradient(top,#E3E3E3 0%,#BABABA 100%);\u00a0\u00bb][vc_column width=\u00a0\u00bb1\/2&Prime;][vc_row_inner][vc_column_inner width=\u00a0\u00bb1\/4&Prime;][\/vc_column_inner][vc_column_inner width=\u00a0\u00bb1\/2&Prime;][vc_round_chart type=\u00a0\u00bbdoughnut\u00a0\u00bb stroke_width=\u00a0\u00bb2&Prime; legend=\u00a0\u00bb\u00a0\u00bb values=\u00a0\u00bb%5B%7B%22title%22%3A%22Clienti%20Soddisfatti%22%2C%22value%22%3A%22100%22%2C%22color%22%3A%22juicy-pink%22%2C%22custom_color%22%3A%22%2300c1cf%22%7D%5D\u00a0\u00bb][\/vc_column_inner][vc_column_inner width=\u00a0\u00bb1\/4&Prime;][\/vc_column_inner][\/vc_row_inner][vc_row_inner][vc_column_inner]<div class=\"stats-block stats-top  \"><div class=\"aio-icon-top\"><div class=\"ult-just-icon-wrapper  \"><div class=\"align-icon\" style=\"text-align:center;\">\n<div class=\"aio-icon none \"  style=\"color:#333333;font-size:32px;display:inline-block;\">\n\t<i class=\"Defaults-group users\"><\/i>\n<\/div><\/div><\/div><\/div><div class=\"stats-desc\" id=\"counter-responsv-wrap-1668\"><div id=\"counter_137268541769ebe173c7731\" data-id=\"counter_137268541769ebe173c7731\"  data-ultimate-target='#counter-responsv-wrap-1668 .stats-number'  data-responsive-json-new='{\"font-size\":\"\",\"line-height\":\"\"}'  class=\"stats-number ult-responsive\" style=\"font-size:28px;  \" data-speed=\"3\" data-counter-value=\"100\" data-separator=\",\" data-decimal=\".\">0<\/div><div class=\"counter_suffix mycust ult-responsive\"  data-ultimate-target='#counter-responsv-wrap-1668 .mycust'  data-responsive-json-new='{\"font-size\":\"\",\"line-height\":\"\"}'  style=\"font-size:28px; color:\">%<\/div><div counter-responsv-wrap-1668  data-ultimate-target='#counter-responsv-wrap-1668 .stats-text'  data-responsive-json-new='{\"font-size\":\"\",\"line-height\":\"\"}'  class=\"stats-text ult-responsive\" style=\"font-size:18px;  \">Clients Satisfaits<\/div><\/div><\/div>[\/vc_column_inner][\/vc_row_inner][\/vc_column][vc_column width=\u00a0\u00bb1\/2&Prime;][vc_row_inner][vc_column_inner]<div id=\"ultimate-heading-646869ebe173c7761\" class=\"uvc-heading ult-adjust-bottom-margin ultimate-heading-646869ebe173c7761 uvc-9713 \" data-hspacer=\"no_spacer\"  data-halign=\"left\" style=\"text-align:left\"><div class=\"uvc-heading-spacer no_spacer\" style=\"top\"><\/div><div class=\"uvc-main-heading ult-responsive\"  data-ultimate-target='.uvc-heading.ultimate-heading-646869ebe173c7761 h2'  data-responsive-json-new='{\"font-size\":\"\",\"line-height\":\"\"}' ><h2 style=\"font-weight:normal;color:#353535;\">Fiabilit\u00e9 et services.<\/h2><\/div><\/div><div class=\"bizspeak-title bizspeak-title-style1 titolo-sopra\" style=\"text-align:left\"><h2 class=\"title-border\" style=\"text-transform:uppercase;padding:0;margin:0 0 0 0;font-weight:300;font-size:26px;color:#333333;\"> <\/h2><\/div>[vc_empty_space height=\u00a0\u00bb30px\u00a0\u00bb][\/vc_column_inner][\/vc_row_inner][vc_column_text]<\/p>\n<p class=\"p1\">Notre expertise est le produit d\u2019ann\u00e9es de travail m\u00e9ticuleux. Notre engagement \u00e0 nous am\u00e9liorer jour apr\u00e8s jour nous donne la possibilit\u00e9 d\u2019offrir au Client un<strong> produit fini r\u00e9alis\u00e9 sur mesure<\/strong> selon ses besoins et exigences.<\/p>\n<p>Nous ne r\u00e9alisons pas seulement des fours automatiques, nous fournissons aussi des<strong> SOLUTIONS PERSONNALISEES<\/strong> \u00e0 des probl\u00e8mes concrets de production; Notre entreprise garantit un support constant au Client, gr\u00e2ce \u00e0 notre aptitude \u00e0 r\u00e9soudre les probl\u00e8mes, nous lui proposons toutes les solutions possibles selon ses n\u00e9cessit\u00e9s et ses exigences<br \/>\nTous nos fours sont le produit d\u2019un minutieux travail d\u2019\u00e9quipe. Tous nos concepteurs, m\u00e9caniciens et techniciens se consacrent \u00e0 r\u00e9aliser des produits fiables, solides et de longue dur\u00e9e.<\/p>\n<p>Notre \u00e9quipe travaille et coop\u00e8re ensemble de fa\u00e7on soud\u00e9e depuis de longues ann\u00e9es, cela nous permet de vous garantir constamment un produit fini dans les temps pr\u00e9\u00e9tablis tout en respectant les plus hauts standards de qualit\u00e9.<br \/>\nLa qualit\u00e9, le professionnalisme et la ponctualit\u00e9 de nos services font de la <strong>FARM BRASS<\/strong> une des principales entreprises leader dans le secteur.<\/p>\n<p>[\/vc_column_text][\/vc_column][\/vc_row]<\/p>","protected":false},"excerpt":{"rendered":"<p>[vc_row full_width=\u00a0\u00bbstretch_row_content_no_spaces\u00a0\u00bb content_placement=\u00a0\u00bbtop\u00a0\u00bb bg_type=\u00a0\u00bbimage\u00a0\u00bb parallax_style=\u00a0\u00bbvcpb-default\u00a0\u00bb bg_image_new=\u00a0\u00bbid^1900|url^http:\/\/kelevrabetatest.it\/farmbrass\/wp-content\/uploads\/2016\/07\/DSC_7000low.jpg|caption^null|alt^null|title^DSC_7000low|description^null\u00a0\u00bb parallax_content=\u00a0\u00bbparallax_content_value\u00a0\u00bb el_class=\u00a0\u00bbvideo-pagine\u00a0\u00bb][vc_column][vc_raw_html]JTNDZGl2JTIwY2xhc3MlM0QlMjJvcGFjaXR5JTIyJTNFJTNDJTJGZGl2JTNF[\/vc_raw_html][\/vc_column][\/vc_row][vc_row][vc_column][vc_empty_space height=\u00a0\u00bb30px\u00a0\u00bb][\/vc_column][\/vc_row][vc_row][vc_column width=\u00a0\u00bb2\/3&Prime;][vc_row_inner][vc_column_inner][vc_empty_space height=\u00a0\u00bb30px\u00a0\u00bb][\/vc_column_inner][\/vc_row_inner][vc_column_text] Les fours FARM BRASS sont compl\u00e8tement automatiques dans leurs fonctions de chargement, manutention interne et d\u00e9chargement dans la presse. Notre soci\u00e9t\u00e9 se distingue par son extr\u00eame versatilit\u00e9 dans l\u2019utilisation de diff\u00e9rentes formes \u00e0 induire ainsi que par son importante productivit\u00e9 m\u00eame dans un espace [&hellip;]<\/p>\n","protected":false},"author":1,"featured_media":0,"parent":0,"menu_order":0,"comment_status":"closed","ping_status":"closed","template":"","meta":{"footnotes":""},"_links":{"self":[{"href":"https:\/\/www.farmbrass.com\/fr\/wp-json\/wp\/v2\/pages\/661"}],"collection":[{"href":"https:\/\/www.farmbrass.com\/fr\/wp-json\/wp\/v2\/pages"}],"about":[{"href":"https:\/\/www.farmbrass.com\/fr\/wp-json\/wp\/v2\/types\/page"}],"author":[{"embeddable":true,"href":"https:\/\/www.farmbrass.com\/fr\/wp-json\/wp\/v2\/users\/1"}],"replies":[{"embeddable":true,"href":"https:\/\/www.farmbrass.com\/fr\/wp-json\/wp\/v2\/comments?post=661"}],"version-history":[{"count":142,"href":"https:\/\/www.farmbrass.com\/fr\/wp-json\/wp\/v2\/pages\/661\/revisions"}],"predecessor-version":[{"id":2432,"href":"https:\/\/www.farmbrass.com\/fr\/wp-json\/wp\/v2\/pages\/661\/revisions\/2432"}],"wp:attachment":[{"href":"https:\/\/www.farmbrass.com\/fr\/wp-json\/wp\/v2\/media?parent=661"}],"curies":[{"name":"wp","href":"https:\/\/api.w.org\/{rel}","templated":true}]}}