{"id":664,"date":"2016-07-26T14:47:25","date_gmt":"2016-07-26T12:47:25","guid":{"rendered":"http:\/\/kelevrabetatest.it\/farmbrass\/?page_id=664"},"modified":"2023-06-13T11:40:56","modified_gmt":"2023-06-13T09:40:56","slug":"heat-treatment-lines","status":"publish","type":"page","link":"https:\/\/www.farmbrass.com\/fr\/heat-treatment-lines\/","title":{"rendered":"Lignes de Traitement Thermique"},"content":{"rendered":"<p>[vc_row full_width=\u00a0\u00bbstretch_row_content_no_spaces\u00a0\u00bb content_placement=\u00a0\u00bbtop\u00a0\u00bb bg_type=\u00a0\u00bbimage\u00a0\u00bb parallax_style=\u00a0\u00bbvcpb-default\u00a0\u00bb bg_image_new=\u00a0\u00bbid^1826|url^http:\/\/kelevrabetatest.it\/farmbrass\/wp-content\/uploads\/2016\/07\/DSC_7049low.jpg|caption^null|alt^null|title^DSC_7049low|description^null\u00a0\u00bb parallax_content=\u00a0\u00bbparallax_content_value\u00a0\u00bb el_class=\u00a0\u00bbvideo-pagine\u00a0\u00bb][vc_column][vc_empty_space height=\u00a0\u00bb30px\u00a0\u00bb]<div class=\"ult-animation  ult-animate-viewport  ult-no-mobile \" data-animate=\"fadeIn\" data-animation-delay=\"0\" data-animation-duration=\"3\" data-animation-iteration=\"1\" style=\"opacity:0;\" data-opacity_start_effect=\"\"><div class=\"bizspeak-title bizspeak-title-style3 titolo-video\" style=\"text-align:left\"><h2 style=\"text-transform:uppercase;padding:0px 0px 50px 0px;margin:25px auto 0px;font-weight:300;font-size:32px;color:#000000;\">Lignes de Traitement Thermique<\/h2><\/div><\/div>[vc_raw_html]JTNDZGl2JTIwY2xhc3MlM0QlMjJvcGFjaXR5JTIyJTNFJTNDJTJGZGl2JTNF[\/vc_raw_html][\/vc_column][\/vc_row][vc_row][vc_column width=\u00a0\u00bb1\/2&Prime;][vc_empty_space height=\u00a0\u00bb30px\u00a0\u00bb][vc_row_inner][vc_column_inner]<div id=\"ultimate-heading-457069eb563f67b36\" class=\"uvc-heading ult-adjust-bottom-margin ultimate-heading-457069eb563f67b36 uvc-3351 \" data-hspacer=\"no_spacer\"  data-halign=\"left\" style=\"text-align:left\"><div class=\"uvc-heading-spacer no_spacer\" style=\"top\"><\/div><div class=\"uvc-main-heading ult-responsive\"  data-ultimate-target='.uvc-heading.ultimate-heading-457069eb563f67b36 h2'  data-responsive-json-new='{\"font-size\":\"\",\"line-height\":\"\"}' ><h2 style=\"font-weight:normal;color:#353535;\">Technologie pour chaque exigence<\/h2><\/div><\/div><div class=\"bizspeak-title bizspeak-title-style1 titolo-sopra\" style=\"text-align:left\"><h2 class=\"title-border\" style=\"text-transform:uppercase;padding:0;margin:0 0 0 0;font-weight:300;font-size:26px;color:#333333;\"> <\/h2><\/div>[vc_empty_space height=\u00a0\u00bb30px\u00a0\u00bb][\/vc_column_inner][\/vc_row_inner][vc_column_text]<\/p>\n<p class=\"p1\" style=\"text-align: justify;\">Le bureau technique de la <strong>FARM BRASS<\/strong> dispose \u00e9galement d\u2019une interface utilisateur, pour les professionnels ainsi que les particuliers. Les collaborateurs de notre support technique vous proposeront un service sur mesure.<\/p>\n<p>Chaque application est trait\u00e9e de fa\u00e7on approfondie, nous utilisons les installations\u00a0les <strong>plus modernes<\/strong> pour garantir une compl\u00e8te satisfaction du Client<br \/>\nLa r\u00e9alisation d\u2019installations de r\u00e9chauffement ou d\u2019accessoires assortis, c\u2019est notre pain quotidien.<\/p>\n<p>Nous proposons plusieurs installations standards de haute gamme ainsi que des installations destin\u00e9es \u00e0 de transformations sp\u00e9cifiques, nous disposons de nos installations ou de celles de nos partenaires de confiance comme <strong>F.P.M. Group<\/strong> et <strong>Zobbio Transfert<\/strong>.<\/p>\n<p>[\/vc_column_text][\/vc_column][vc_column width=\u00a0\u00bb1\/2&Prime;][vc_empty_space height=\u00a0\u00bb100px\u00a0\u00bb][vc_video link=\u00a0\u00bbhttps:\/\/youtu.be\/gMPOotDPeTM\u00a0\u00bb][\/vc_column][\/vc_row][vc_row full_width=\u00a0\u00bbstretch_row\u00a0\u00bb bg_type=\u00a0\u00bbbg_color\u00a0\u00bb css=\u00a0\u00bb.vc_custom_1477053143466{background-color: #f3f3f3 !important;}\u00a0\u00bb bg_color_value=\u00a0\u00bb#e5e5e5&Prime;][vc_column width=\u00a0\u00bb1\/2&Prime; css=\u00a0\u00bb.vc_custom_1470318670207{padding-top: 50px !important;padding-right: 50px !important;padding-bottom: 50px !important;padding-left: 50px !important;}\u00a0\u00bb][vc_column_text el_class=\u00a0\u00bbimg-block-left\u00a0\u00bb]<\/p>\n<h3 style=\"font-size: 26px;\"><img loading=\"lazy\" decoding=\"async\" class=\"alignnone wp-image-635\" src=\"https:\/\/www.farmbrass.com\/wp-content\/uploads\/2023\/06\/FARM-BRASS_Logo_positivo_orizzontale.png\" alt=\"logo_farm_red\" width=\"319\" height=\"94\" \/><\/h3>\n<h3 style=\"font-size: 26px;\">Nous sommes toujours \u00e0 la recherche de solutions avant-gardistes afin de pouvoir les appliquer \u00e0 nos produits.<\/h3>\n<p>[\/vc_column_text][vc_column_text]<\/p>\n<p style=\"text-align: justify;\">Nous portons une <strong>attention particuli\u00e8re au Client,<\/strong> tous les projets sont suivis de la r\u00e9alisation jusqu\u2019au transport chez le Client, nous portons une grande attention aux analyses des mat\u00e9riaux, aux co\u00fbts de production et aux tests des technologies.<br \/>\nNotre Bureau Technique r\u00e9alise et d\u00e9veloppe des installations en <strong>compl\u00e8te synergie avec le Client.<\/strong> Exp\u00e9rience, professionnalisme ainsi qu\u2019un excellent service de coop\u00e9ration garantissent des produits de tr\u00e8s haute qualit\u00e9, tous certifi\u00e9s CE et conformes aux lois en vigueur. Nous utilisons des ordinateurs et des logiciels tr\u00e8s performants sp\u00e9cifiquement con\u00e7us pour les r\u00e9glages de la thermo induction. Nous utilisons et ma\u00eetrisons tous les diff\u00e9rents logiciels CAO pour que le Client puisse plus facilement suivre chaque phase de la r\u00e9alisation.<\/p>\n<p>Nous offrons les meilleures solutions gr\u00e2ce \u00e0 une incessante recherche et \u00e0 une <strong>\u00e9tude approfondie du produit,<\/strong> rien n\u2019est laiss\u00e9 au hasard pour une enti\u00e8re satisfaction du Client.<\/p>\n<p>[\/vc_column_text][vc_empty_space height=\u00a0\u00bb20px\u00a0\u00bb][\/vc_column][vc_column width=\u00a0\u00bb1\/2&Prime;][vc_empty_space height=\u00a0\u00bb100px\u00a0\u00bb][vc_empty_space height=\u00a0\u00bb100px\u00a0\u00bb]<div class=\"ult-animation  ult-animate-viewport  ult-no-mobile \" data-animate=\"fadeIn\" data-animation-delay=\"0\" data-animation-duration=\"3\" data-animation-iteration=\"1\" style=\"opacity:0;\" data-opacity_start_effect=\"\">[vc_single_image image=\u00a0\u00bb1832&Prime; img_size=\u00a0\u00bbfull\u00a0\u00bb]<\/div>[\/vc_column][\/vc_row][vc_row full_width=\u00a0\u00bbstretch_row\u00a0\u00bb content_placement=\u00a0\u00bbmiddle\u00a0\u00bb bg_type=\u00a0\u00bbimage\u00a0\u00bb parallax_style=\u00a0\u00bbvcpb-default\u00a0\u00bb bg_image_new=\u00a0\u00bbid^1829|url^http:\/\/kelevrabetatest.it\/farmbrass\/wp-content\/uploads\/2016\/07\/DSC_6839low.jpg|caption^null|alt^null|title^DSC_6839low|description^null\u00a0\u00bb bg_image_repeat=\u00a0\u00bbno-repeat\u00a0\u00bb bg_img_attach=\u00a0\u00bbfixed\u00a0\u00bb parallax_content=\u00a0\u00bbparallax_content_value\u00a0\u00bb enable_overlay=\u00a0\u00bbenable_overlay_value\u00a0\u00bb overlay_color=\u00a0\u00bbrgba(221,51,51,0.9)\u00a0\u00bb overlay_pattern=\u00a0\u00bb04.png\u00a0\u00bb overlay_pattern_opacity=\u00a0\u00bb80&Prime;][vc_column][vc_row_inner equal_height=\u00a0\u00bbyes\u00a0\u00bb][vc_column_inner][vc_empty_space height=\u00a0\u00bb60px\u00a0\u00bb]<div class=\"aio-icon-component    style_2\"><div id=\"Info-box-wrap-2712\" class=\"aio-icon-box top-icon\" style=\"\"  ><div class=\"aio-icon-top\"><div class=\"ult-just-icon-wrapper  \"><div class=\"align-icon\" style=\"text-align:center;\">\n<div class=\"aio-icon none \"  style=\"color:#ffffff;font-size:32px;display:inline-block;\">\n\t<i class=\"Defaults-cogs gears\"><\/i>\n<\/div><\/div><\/div><\/div><\/div> <!-- aio-icon-box --><\/div> <!-- aio-icon-component -->[vc_column_text el_class=\u00a0\u00bbaction-title\u00a0\u00bb]<\/p>\n<h2 style=\"text-align: center;\">PROJET + RECERCHE = SOLUTION<\/h2>\n<p style=\"text-align: center; color: #fff; font-size: 18px;\">Voici notre atout!<\/p>\n<p>[\/vc_column_text][vc_empty_space height=\u00a0\u00bb60px\u00a0\u00bb][\/vc_column_inner][\/vc_row_inner][\/vc_column][\/vc_row][vc_row][vc_column width=\u00a0\u00bb1\/2&Prime;][vc_row_inner][vc_column_inner]<div id=\"ultimate-heading-507869eb563f67c25\" class=\"uvc-heading ult-adjust-bottom-margin ultimate-heading-507869eb563f67c25 uvc-1000 \" data-hspacer=\"no_spacer\"  data-halign=\"left\" style=\"text-align:left\"><div class=\"uvc-heading-spacer no_spacer\" style=\"top\"><\/div><div class=\"uvc-main-heading ult-responsive\"  data-ultimate-target='.uvc-heading.ultimate-heading-507869eb563f67c25 h2'  data-responsive-json-new='{\"font-size\":\"\",\"line-height\":\"\"}' ><h2 style=\"font-weight:normal;color:#353535;\">Nous sommes \u00e0 la compl\u00e8te disposition du Client<\/h2><\/div><\/div><div class=\"bizspeak-title bizspeak-title-style1 titolo-sopra\" style=\"text-align:left\"><h2 class=\"title-border\" style=\"text-transform:uppercase;padding:0;margin:0 0 0 0;font-weight:300;font-size:26px;color:#333333;\"> <\/h2><\/div>[vc_empty_space height=\u00a0\u00bb30px\u00a0\u00bb][\/vc_column_inner][\/vc_row_inner][vc_column_text]<\/p>\n<p style=\"text-align: justify;\" align=\"LEFT\">Nous portons beaucoup d\u2019attention au produit, nous ne cessons jamais de nous am\u00e9liorer et \u00e0 nous diff\u00e9rencier de la concurrence gr\u00e2ce \u00e0 des installations<strong> extr\u00eamement technologiques et innovantes.<\/strong><\/p>\n<p>Nous sommes toujours \u00e0 l\u2019\u00e9coute du Client, cela nous permet de r\u00e9pondre promptement \u00e0 Ses attentes et \u00e0 celles du march\u00e9. Nous mettons \u00e0 <strong>dispositions de nos Clients<\/strong> un important patrimoine d\u2019exp\u00e9rience concernant les diff\u00e9rentes applications de la thermo induction industrielle.<br \/>\nNous offrons un service pr\u00e9vente (conception de projets, avis professionnels, inspections, etc.) et apr\u00e8s-vente.<\/p>\n<p><strong>Depuis 10 ans,<\/strong> une plus jeune gestion de notre entreprise se donne de nouveaux objectifs de croissance dans le march\u00e9 national et international. Dynamisme et motivations sont les devises de notre soci\u00e9t\u00e9. Le Client est accompagn\u00e9 et support\u00e9 par notre \u00e9quipe dans chaque phase de r\u00e9alisation du produit.<\/p>\n<p>Nous proposons des<strong> solutions techniques et fonctionnelles<\/strong> \u00e0 appliquer \u00e0 toutes nos installations, neuves ou obsol\u00e8tes, ainsi qu\u2019\u00e0 celles de la concurrence<\/p>\n<p>[\/vc_column_text][\/vc_column][vc_column width=\u00a0\u00bb1\/2&Prime;][vc_empty_space height=\u00a0\u00bb30px\u00a0\u00bb][vc_empty_space height=\u00a0\u00bb30px\u00a0\u00bb][vc_column_text]<\/p>\n<p style=\"text-align: justify;\" align=\"LEFT\">Nous concevons les parties ou les groupes entiers, tout en essayant de modifier le moins possible les installations afin de limiter les co\u00fbts. Les normes de s\u00e9curit\u00e9 au travail ne cessent d\u2019\u00e9voluer et souvent les installations obsol\u00e8tes, construites avant les r\u00e8gles en vigueur, doivent \u00eatre misent \u00e0 jour.<\/p>\n<p>Nous intervenons, par exemple, en ajoutant des cabines insonoris\u00e9es, d\u2019autres composants relatifs aux installations de combustion, ou encore des accessoires qui n\u2019avaient pas \u00e9t\u00e9 pr\u00e9vus au moment de l\u2019achat ( dispositif de d\u00e9charge, groupes pour le moulage etc..). Nous transformons ainsi les anciennes installations en machines plus performantes afin de <strong>satisfaire les nouvelles exigences du Client.<\/strong><\/p>\n<p>Nous travaillons selon les normes en vigueur. Nous mettons au service du Client <strong>notre professionnalisme et exp\u00e9rience<\/strong> pour garantir un produit de haute qualit\u00e9.<\/p>\n<p><em>Nous effectuons \u00e9galement des modifications sur les installations de la concurrence.<\/em><\/p>\n<p>[\/vc_column_text][\/vc_column][\/vc_row][vc_row full_width=\u00a0\u00bbstretch_row\u00a0\u00bb bg_type=\u00a0\u00bbimage\u00a0\u00bb parallax_style=\u00a0\u00bbvcpb-vz-jquery\u00a0\u00bb bg_image_repeat=\u00a0\u00bbno-repeat\u00a0\u00bb][vc_column][vc_empty_space height=\u00a0\u00bb60px\u00a0\u00bb]<div id=\"ultimate-heading-888169eb563f67c91\" class=\"uvc-heading ult-adjust-bottom-margin ultimate-heading-888169eb563f67c91 uvc-5777 \" data-hspacer=\"no_spacer\"  data-halign=\"left\" style=\"text-align:left\"><div class=\"uvc-heading-spacer no_spacer\" style=\"top\"><\/div><div class=\"uvc-main-heading ult-responsive\"  data-ultimate-target='.uvc-heading.ultimate-heading-888169eb563f67c91 h2'  data-responsive-json-new='{\"font-size\":\"\",\"line-height\":\"\"}' ><h2 style=\"font-weight:normal;color:#353535;\">Nos partenaires <\/h2><\/div><\/div><div class=\"bizspeak-title bizspeak-title-style1 titolo-sopra\" style=\"text-align:left\"><h2 class=\"title-border\" style=\"text-transform:uppercase;padding:0;margin:0 0 0 0;font-weight:300;font-size:26px;color:#333333;\"> <\/h2><\/div>[vc_empty_space height=\u00a0\u00bb60px\u00a0\u00bb][vc_row_inner][vc_column_inner width=\u00a0\u00bb1\/2&Prime;][vc_single_image image=\u00a0\u00bb1888&Prime; img_size=\u00a0\u00bb\u00a0\u00bb][vc_empty_space height=\u00a0\u00bb40px\u00a0\u00bb][vc_column_text]Depuis plus de 30 ans nous sommes sp\u00e9cialis\u00e9s dans l\u2019achat-vente de machines \u00e0 transfert usag\u00e9es, \u00e0 unit\u00e9 verticale ou horizontale, qui permettent de travailler sur\u00a0: raccordements, soupapes, robinetterie, ing\u00e9nierie automobile, tous travaux m\u00e9caniques en g\u00e9n\u00e9ral.[\/vc_column_text][vc_btn title=\u00a0\u00bbD\u00e9couvrez plus\u00a0\u00bb style=\u00a0\u00bb3d\u00a0\u00bb color=\u00a0\u00bbwhite\u00a0\u00bb align=\u00a0\u00bbcenter\u00a0\u00bb el_class=\u00a0\u00bbbtn-preset\u00a0\u00bb css=\u00a0\u00bb.vc_custom_1504601647191{margin-bottom: 30px !important;}\u00a0\u00bb link=\u00a0\u00bburl:http%3A%2F%2Fwww.zobbio.com%2F||target:%20_blank\u00a0\u00bb][\/vc_column_inner][vc_column_inner width=\u00a0\u00bb1\/2&Prime;][vc_single_image image=\u00a0\u00bb1767&Prime; img_size=\u00a0\u00bb\u00a0\u00bb][vc_column_text]FPM est leader dans la production et dans le contr\u00f4le technique des presses ainsi que dans les syst\u00e8mes \u00e0 induction des m\u00e9taux (\u00e0 chaud et \u00e0 froid). Depuis 1986 nous ne cessons d\u2019\u00e9voluer en utilisant les technologies les plus modernes. Nous mettons \u00e0 disposition notre savoir faire pour offrir \u00e0 nos clients une production performante.[\/vc_column_text][vc_btn title=\u00a0\u00bbD\u00e9couvrez plus\u00a0\u00bb style=\u00a0\u00bb3d\u00a0\u00bb color=\u00a0\u00bbwhite\u00a0\u00bb align=\u00a0\u00bbcenter\u00a0\u00bb el_class=\u00a0\u00bbbtn-preset\u00a0\u00bb css=\u00a0\u00bb.vc_custom_1504601662094{margin-bottom: 30px !important;}\u00a0\u00bb link=\u00a0\u00bburl:http%3A%2F%2Fwww.fpmgroup.it||target:%20_blank\u00a0\u00bb][\/vc_column_inner][vc_column_inner el_class=\u00a0\u00bbhidden\u00a0\u00bb][vc_single_image image=\u00a0\u00bb1699&Prime;][vc_empty_space height=\u00a0\u00bb10px\u00a0\u00bb][vc_column_text]ZB, \u00e8 un\u2019 utensileria meccanica, specializzata nella costruzione di attrezzature per macchine Transfer e nella progettazione e realizzazione di sistemi presa pezzo. La specializzazione in tali attrezzature ha permesso a ZB di annoverare fra la sua clientela aziende leader nel settore della rubinetteria cromata, valvolame e raccorderie. [\/vc_column_text][vc_btn title=\u00a0\u00bbScopri di pi\u00f9\u00a0\u00bb style=\u00a0\u00bb3d\u00a0\u00bb color=\u00a0\u00bbwhite\u00a0\u00bb align=\u00a0\u00bbcenter\u00a0\u00bb el_class=\u00a0\u00bbbtn-preset\u00a0\u00bb css=\u00a0\u00bb.vc_custom_1484323128117{margin-bottom: 30px !important;}\u00a0\u00bb link=\u00a0\u00bburl:http%3A%2F%2Fwww.zb-utensilerie.com%2F||target:%20_blank\u00a0\u00bb][\/vc_column_inner][\/vc_row_inner][vc_empty_space height=\u00a0\u00bb60px\u00a0\u00bb][\/vc_column][\/vc_row]<\/p>","protected":false},"excerpt":{"rendered":"<p>[vc_row full_width=\u00a0\u00bbstretch_row_content_no_spaces\u00a0\u00bb content_placement=\u00a0\u00bbtop\u00a0\u00bb bg_type=\u00a0\u00bbimage\u00a0\u00bb parallax_style=\u00a0\u00bbvcpb-default\u00a0\u00bb bg_image_new=\u00a0\u00bbid^1826|url^http:\/\/kelevrabetatest.it\/farmbrass\/wp-content\/uploads\/2016\/07\/DSC_7049low.jpg|caption^null|alt^null|title^DSC_7049low|description^null\u00a0\u00bb parallax_content=\u00a0\u00bbparallax_content_value\u00a0\u00bb el_class=\u00a0\u00bbvideo-pagine\u00a0\u00bb][vc_column][vc_empty_space height=\u00a0\u00bb30px\u00a0\u00bb][vc_raw_html]JTNDZGl2JTIwY2xhc3MlM0QlMjJvcGFjaXR5JTIyJTNFJTNDJTJGZGl2JTNF[\/vc_raw_html][\/vc_column][\/vc_row][vc_row][vc_column width=\u00a0\u00bb1\/2&Prime;][vc_empty_space height=\u00a0\u00bb30px\u00a0\u00bb][vc_row_inner][vc_column_inner][vc_empty_space height=\u00a0\u00bb30px\u00a0\u00bb][\/vc_column_inner][\/vc_row_inner][vc_column_text] Le bureau technique de la FARM BRASS dispose \u00e9galement d\u2019une interface utilisateur, pour les professionnels ainsi que les particuliers. Les collaborateurs de notre support technique vous proposeront un service sur mesure. Chaque application est trait\u00e9e de fa\u00e7on approfondie, nous utilisons les installations\u00a0les plus [&hellip;]<\/p>\n","protected":false},"author":1,"featured_media":0,"parent":0,"menu_order":0,"comment_status":"closed","ping_status":"closed","template":"","meta":{"footnotes":""},"_links":{"self":[{"href":"https:\/\/www.farmbrass.com\/fr\/wp-json\/wp\/v2\/pages\/664"}],"collection":[{"href":"https:\/\/www.farmbrass.com\/fr\/wp-json\/wp\/v2\/pages"}],"about":[{"href":"https:\/\/www.farmbrass.com\/fr\/wp-json\/wp\/v2\/types\/page"}],"author":[{"embeddable":true,"href":"https:\/\/www.farmbrass.com\/fr\/wp-json\/wp\/v2\/users\/1"}],"replies":[{"embeddable":true,"href":"https:\/\/www.farmbrass.com\/fr\/wp-json\/wp\/v2\/comments?post=664"}],"version-history":[{"count":116,"href":"https:\/\/www.farmbrass.com\/fr\/wp-json\/wp\/v2\/pages\/664\/revisions"}],"predecessor-version":[{"id":2957,"href":"https:\/\/www.farmbrass.com\/fr\/wp-json\/wp\/v2\/pages\/664\/revisions\/2957"}],"wp:attachment":[{"href":"https:\/\/www.farmbrass.com\/fr\/wp-json\/wp\/v2\/media?parent=664"}],"curies":[{"name":"wp","href":"https:\/\/api.w.org\/{rel}","templated":true}]}}