{"id":248,"date":"2015-08-28T05:28:45","date_gmt":"2015-08-28T03:28:45","guid":{"rendered":"http:\/\/themewinter.com\/WP\/bizspeak\/?page_id=248"},"modified":"2020-08-26T10:09:54","modified_gmt":"2020-08-26T08:09:54","slug":"azienda","status":"publish","type":"page","link":"https:\/\/www.farmbrass.com\/pt\/azienda\/","title":{"rendered":"Empresa"},"content":{"rendered":"<p>[vc_row full_width=&#8221;stretch_row_content_no_spaces&#8221; content_placement=&#8221;top&#8221; bg_type=&#8221;image&#8221; parallax_style=&#8221;vcpb-default&#8221; bg_image_new=&#8221;id^1911|url^http:\/\/kelevrabetatest.it\/farmbrass\/wp-content\/uploads\/2015\/09\/DSC_6768-come-oggetto-avanzato-11920.jpg|caption^null|alt^null|title^DSC_6768 come oggetto avanzato-11920|description^null&#8221; bg_image_repeat=&#8221;no-repeat&#8221; parallax_content=&#8221;parallax_content_value&#8221; el_class=&#8221;video-pagine&#8221;][vc_column]<div class=\"ult-animation  ult-animate-viewport  ult-no-mobile \" data-animate=\"fadeIn\" data-animation-delay=\"0\" data-animation-duration=\"3\" data-animation-iteration=\"1\" style=\"opacity:0;\" data-opacity_start_effect=\"\"><div class=\"bizspeak-title bizspeak-title-style3 titolo-video\" style=\"text-align:left\"><h2 style=\"text-transform:uppercase;padding:0px 0px 50px 0px;margin:25px auto 0px;font-weight:300;font-size:32px;color:#000000;\">Empresa<\/h2><\/div><\/div>[vc_raw_html]JTNDZGl2JTIwY2xhc3MlM0QlMjJvcGFjaXR5JTIyJTNFJTNDJTJGZGl2JTNF[\/vc_raw_html][\/vc_column][\/vc_row][vc_row][vc_column][vc_empty_space height=&#8221;30px&#8221;][vc_row_inner el_class=&#8221;mobile-no tablet-no&#8221;][vc_column_inner width=&#8221;1\/6&#8243;]<div id=\"ultimate-heading-654769e6d6b4a276a\" class=\"uvc-heading ult-adjust-bottom-margin ultimate-heading-654769e6d6b4a276a uvc-74 \" data-hspacer=\"no_spacer\"  data-halign=\"left\" style=\"text-align:left\"><div class=\"uvc-heading-spacer no_spacer\" style=\"top\"><\/div><div class=\"uvc-main-heading ult-responsive\"  data-ultimate-target='.uvc-heading.ultimate-heading-654769e6d6b4a276a h2'  data-responsive-json-new='{\"font-size\":\"desktop:28px;\",\"line-height\":\"desktop:28px;\"}' ><h2 style=\"font-family:'Archivo Black';font-style:italic;font-weight:bold;color:#d20000;\">farmbrass<\/h2><\/div><\/div>[\/vc_column_inner][vc_column_inner width=&#8221;2\/3&#8243;]<div id=\"ultimate-heading-651669e6d6b4a2798\" class=\"uvc-heading ult-adjust-bottom-margin ultimate-heading-651669e6d6b4a2798 uvc-6791 \" data-hspacer=\"no_spacer\"  data-halign=\"left\" style=\"text-align:left\"><div class=\"uvc-heading-spacer no_spacer\" style=\"top\"><\/div><div class=\"uvc-main-heading ult-responsive\"  data-ultimate-target='.uvc-heading.ultimate-heading-651669e6d6b4a2798 h2'  data-responsive-json-new='{\"font-size\":\"\",\"line-height\":\"\"}' ><h2 style=\"font-weight:normal;color:#353535;\">uma hist\u00f3ria de grande sucesso<\/h2><\/div><\/div>[\/vc_column_inner][vc_column_inner width=&#8221;1\/6&#8243;][\/vc_column_inner][\/vc_row_inner][vc_row_inner el_class=&#8221;desktop-no&#8221;][vc_column_inner]<div id=\"ultimate-heading-535969e6d6b4a27bf\" class=\"uvc-heading ult-adjust-bottom-margin ultimate-heading-535969e6d6b4a27bf uvc-3505 desktop-no\" data-hspacer=\"no_spacer\"  data-halign=\"left\" style=\"text-align:left\"><div class=\"uvc-heading-spacer no_spacer\" style=\"top\"><\/div><div class=\"uvc-main-heading ult-responsive\"  data-ultimate-target='.uvc-heading.ultimate-heading-535969e6d6b4a27bf h2'  data-responsive-json-new='{\"font-size\":\"\",\"line-height\":\"\"}' ><h2 style=\"font-weight:normal;color:#353535;\">Farmbrass uma hist\u00f3ria de grande sucesso<\/h2><\/div><\/div>[\/vc_column_inner][\/vc_row_inner]<div class=\"bizspeak-title bizspeak-title-style1 titolo-sopra\" style=\"text-align:left\"><h2 class=\"title-border\" style=\"text-transform:uppercase;padding:0;margin:0 0 0 0;font-weight:300;font-size:26px;color:#333333;\"> <\/h2><\/div>[vc_empty_space height=&#8221;30px&#8221;][vc_row_inner][vc_column_inner width=&#8221;1\/2&#8243;][vc_column_text]A <strong>Farm Brass<\/strong> \u00e9 l\u00edder desde h\u00e1 mais de quarenta anos no setor de aquecimento de metais. A nossa tecnologia est\u00e1 constantemente a ser <strong>melhorada para satisfaze<\/strong>r as diversas necessidades dos nossos Clientes.<\/p>\n<p>Em todos estes anos, a empresa ganhou <strong>experi\u00eancia<\/strong> no setor, fornecendo a clientes cada vez mais exigentes o seu <strong>profissionalismo<\/strong> e os seus <strong>conhecimentos<\/strong>.<\/p>\n<p>A<strong> Farm Brass<\/strong> prop\u00f5e-se como parceira do Cliente nos planos de desenvolvimento de produtos com solu\u00e7\u00f5es personalizadas e inovadoras. O trabalho de assist\u00eancia, manuten\u00e7\u00e3o, revis\u00e3o e fornecimento de pe\u00e7as sobressalentes completa a gama de servi\u00e7os oferecidos.<\/p>\n<p><strong>A qualidade, o entusiasmo e o elevado profissionalismo<\/strong> dos nossos t\u00e9cnicos s\u00e3o os pontos fortes que permitem uma inova\u00e7\u00e3o cont\u00ednua. A dimens\u00e3o da empresa permite-nos manter um contacto constante com os Clientes e garantir-lhes a satisfa\u00e7\u00e3o completa das necessidades de cada um deles.[\/vc_column_text][\/vc_column_inner][vc_column_inner width=&#8221;1\/2&#8243;]<div class=\"ult-animation  ult-animate-viewport  ult-no-mobile \" data-animate=\"fadeIn\" data-animation-delay=\"0\" data-animation-duration=\"3\" data-animation-iteration=\"1\" style=\"opacity:0;\" data-opacity_start_effect=\"\">[vc_single_image image=&#8221;1547&#8243; img_size=&#8221;full&#8221;]<\/div>[\/vc_column_inner][\/vc_row_inner][\/vc_column][\/vc_row][vc_row][vc_column width=&#8221;1\/2&#8243;]<div class=\"info-wrapper ult-adjust-bottom-margin\"><div id=\"info-circle-wrapper-69e6d6b4a28af\" data-uniqid=\"69e6d6b4a28af\" class=\"info-circle-wrapper  info-circle-responsive \" data-half-percentage=\"70\" data-circle-type=\"full-circle\"><div class=\"info-c-full-br\" style='border:2px dashed #e1e1e1;width:70%;opacity:0;' data-start-degree=\"90\" data-divert=\"\" data-info-circle-angle=\"full\" data-responsive-circle=\"on\" data-responsive-breakpoint=\"800\" data-launch=\"linear\" data-launch-duration=\"1\" data-launch-delay=\"0.2\" data-slide-true=\"on\" data-slide-duration=\"5\" data-icon-size=\"28\" data-icon-show=\"not-show\" data-icon-show-size=\"\" data-highlight-style=\"info-circle-pop\" data-focus-on=\"hover\"><div  class=\"icon-circle-list\"><div class=\"info-circle-icons \" style=\"background:#f9f9f9;color:#000000;border-style:solid;border-width:1px;border-color:#d1d1d1;\"><i class=\"Defaults-thumbs-o-up\" ><\/i><\/div><div class=\"info-details\" data-icon-class=\"ult-info-circle-icon\"><div class=\"info-circle-def\"><div  class=\"info-circle-sub-def\"><i class=\"Defaults-thumbs-o-up\" ><\/i><div class=\"responsive-font-class ult-responsive\" ><h3  data-ultimate-target='#info-cirlce-wrap-9631 .responsive-font-class h3.new-cust-responsive-class'  data-responsive-json-new='{\"font-size\":\"desktop:20px;\",\"line-height\":\"\"}'  class=\"info-circle-heading ult-responsive new-cust-responsive-class\" style=\"font-family:'Raleway';font-weight:normal;\">Qualidade<\/h3><div  class=\"info-circle-text \" style=\"font-family:'Raleway';font-weight:normal;font-style:normal;\"><\/div><\/div><\/div><\/div><\/div><div class=\"info-circle-icons \" style=\"background:#f9f9f9;color:#000000;border-style:solid;border-width:1px;border-color:#d1d1d1;\"><i class=\"Defaults-group users\" ><\/i><\/div><div class=\"info-details\" data-icon-class=\"ult-info-circle-icon\"><div class=\"info-circle-def\"><div  class=\"info-circle-sub-def\"><i class=\"Defaults-group users\" ><\/i><div class=\"responsive-font-class ult-responsive\" ><h3  data-ultimate-target='#info-cirlce-wrap-9631 .responsive-font-class h3.new-cust-responsive-class'  data-responsive-json-new='{\"font-size\":\"desktop:20px;\",\"line-height\":\"\"}'  class=\"info-circle-heading ult-responsive new-cust-responsive-class\" style=\"font-family:'Raleway';font-weight:normal;\">Profissionalismo<\/h3><div  class=\"info-circle-text \" style=\"font-family:'Raleway';font-weight:normal;font-style:normal;\"><\/div><\/div><\/div><\/div><\/div><div class=\"info-circle-icons \" style=\"background:#f9f9f9;color:#000000;border-style:solid;border-width:1px;border-color:#d1d1d1;\"><i class=\"Defaults-comments\" ><\/i><\/div><div class=\"info-details\" data-icon-class=\"ult-info-circle-icon\"><div class=\"info-circle-def\"><div  class=\"info-circle-sub-def\"><i class=\"Defaults-comments\" ><\/i><div class=\"responsive-font-class ult-responsive\" ><h3  data-ultimate-target='#info-cirlce-wrap-9631 .responsive-font-class h3.new-cust-responsive-class'  data-responsive-json-new='{\"font-size\":\"desktop:20px;\",\"line-height\":\"\"}'  class=\"info-circle-heading ult-responsive new-cust-responsive-class\" style=\"font-family:'Raleway';font-weight:normal;\">Entusiasmo<\/h3><div  class=\"info-circle-text \" style=\"font-family:'Raleway';font-weight:normal;font-style:normal;\"><\/div><\/div><\/div><\/div><\/div><div class=\"info-circle-icons \" style=\"background:#f9f9f9;color:#000000;border-style:solid;border-width:1px;border-color:#d1d1d1;\"><i class=\"Defaults-cog gear\" ><\/i><\/div><div class=\"info-details\" data-icon-class=\"ult-info-circle-icon\"><div class=\"info-circle-def\"><div  class=\"info-circle-sub-def\"><i class=\"Defaults-cog gear\" ><\/i><div class=\"responsive-font-class ult-responsive\" ><h3  data-ultimate-target='#info-cirlce-wrap-9631 .responsive-font-class h3.new-cust-responsive-class'  data-responsive-json-new='{\"font-size\":\"desktop:20px;\",\"line-height\":\"\"}'  class=\"info-circle-heading ult-responsive new-cust-responsive-class\" style=\"font-family:'Raleway';font-weight:normal;\">Efici\u00eancia<\/h3><div  class=\"info-circle-text \" style=\"font-family:'Raleway';font-weight:normal;font-style:normal;\"><\/div><\/div><\/div><\/div><\/div><div class=\"info-circle-icons \" style=\"background:#f9f9f9;color:#000000;border-style:solid;border-width:1px;border-color:#d1d1d1;\"><i class=\"Defaults-book\" ><\/i><\/div><div class=\"info-details\" data-icon-class=\"ult-info-circle-icon\"><div class=\"info-circle-def\"><div  class=\"info-circle-sub-def\"><i class=\"Defaults-book\" ><\/i><div class=\"responsive-font-class ult-responsive\" ><h3  data-ultimate-target='#info-cirlce-wrap-9631 .responsive-font-class h3.new-cust-responsive-class'  data-responsive-json-new='{\"font-size\":\"desktop:20px;\",\"line-height\":\"\"}'  class=\"info-circle-heading ult-responsive new-cust-responsive-class\" style=\"font-family:'Raleway';font-weight:normal;\">Experi\u00eancia<\/h3><div  class=\"info-circle-text \" style=\"font-family:'Raleway';font-weight:normal;font-style:normal;\"><\/div><\/div><\/div><\/div><\/div><\/div><div id=\"info-cirlce-wrap-9631\" class=\"info-c-full\" style=\"background-color:#ffffff;color:#000000;width:80%;height:80%;margin:10%;\"><div class=\"info-c-full-wrap\"><\/div><\/div><\/div><div class=\"smile_icon_list_wrap \" data-content_bg=\"#ffffff\" data-content_color=\"#000000\">\r\n\t\t\t\t\t\t\t<ul id=\"info-cirlce-wrap-9631\" class=\"smile_icon_list left circle with_bg\">\r\n\t\t\t\t\t\t\t\t<li class=\"icon_list_item\" style=\"font-size:96px;\">\r\n\t\t\t\t\t\t\t\t\t<div class=\"icon_list_icon\" style=\"font-size:32px;\">\r\n\t\t\t\t\t\t\t\t\t\t<i class=\"smt-pencil\"><\/i>\r\n\t\t\t\t\t\t\t\t\t<\/div>\r\n\t\t\t\t\t\t\t\t\t<div  class=\"icon_description\" >\r\n\t\t\t\t\t\t\t\t\t\t<div class=\"responsive-font-class ult-responsive\"  data-ultimate-target='#info-cirlce-wrap-9631 .responsive-font-class *'  data-responsive-json-new='{\"font-size\":\"desktop:13px;\",\"line-height\":\"\"}'  style=\"font-family:'Raleway';font-weight:normal;font-style:normal;\">\r\n\t\t\t\t\t\t\t\t\t\t\t<h3  data-ultimate-target='#info-cirlce-wrap-9631 .responsive-font-class h3.new-cust-responsive-class'  data-responsive-json-new='{\"font-size\":\"desktop:20px;\",\"line-height\":\"\"}'  class=\"ult-responsive new-cust-responsive-class\" style=\"font-family:'Raleway';font-weight:normal;\"><\/h3>\r\n\t\t\t\t\t\t\t\t\t\t\t<p><\/p>\r\n\t\t\t\t\t\t\t\t\t\t<\/div>\r\n\t\t\t\t\t\t\t\t\t<\/div>\r\n\t\t\t\t\t\t\t\t\t<div class=\"icon_list_connector\" style=\"border-style:dashed;border-color:#e1e1e1\">\r\n\t\t\t\t\t\t\t\t\t<\/div>\r\n\t\t\t\t\t\t\t\t<\/li>\r\n\t\t\t\t\t\t\t<\/ul>\r\n\t\t\t\t\t\t<\/div><\/div><\/div>[\/vc_column][vc_column width=&#8221;1\/2&#8243;]<div id=\"ultimate-heading-607669e6d6b4a29c1\" class=\"uvc-heading ult-adjust-bottom-margin ultimate-heading-607669e6d6b4a29c1 uvc-2406 \" data-hspacer=\"no_spacer\"  data-halign=\"left\" style=\"text-align:left\"><div class=\"uvc-heading-spacer no_spacer\" style=\"top\"><\/div><div class=\"uvc-main-heading ult-responsive\"  data-ultimate-target='.uvc-heading.ultimate-heading-607669e6d6b4a29c1 h2'  data-responsive-json-new='{\"font-size\":\"\",\"line-height\":\"\"}' ><h2 style=\"font-weight:normal;color:#353535;\">A estrutura da empresa<\/h2><\/div><\/div><div class=\"bizspeak-title bizspeak-title-style1 titolo-sopra\" style=\"text-align:left\"><h2 class=\"title-border\" style=\"text-transform:uppercase;padding:0;margin:0 0 0 0;font-weight:300;font-size:26px;color:#333333;\"> <\/h2><\/div>[vc_empty_space height=&#8221;30px&#8221;][vc_column_text]<\/p>\n<p class=\"p1\">Al\u00e9m da fideliza\u00e7\u00e3o dos Clientes antigos, ao longo dos anos a FARM BRASS ganhou e aumentou consideravelmente a sua clientela, ganhando a sua confian\u00e7a gra\u00e7as \u00e0 oferta de servi\u00e7os \u00e0 medida e desempenhados com o <strong>m\u00e1ximo de excel\u00eancia e de qualidade.<\/strong><\/p>\n<p><strong>O COMPROMISSO POR N\u00d3S ASSUMIDO \u00c9 GARANTIR CONTINUIDADE, DANDO A MAIOR ATEN\u00c7\u00c3O \u00c0 EFICI\u00caNCIA E \u00c0 QUALIDADE.<\/strong><\/p>\n<p>Os nossos Clientes <strong>nunca est\u00e3o s\u00f3s.<\/strong><\/p>\n<p><strong>Garantimos interven\u00e7\u00f5es atempadas e respostas imediatas<\/strong>. Programamos manuten\u00e7\u00f5es nas m\u00e1quinas e temos mais de um armaz\u00e9m de pe\u00e7as completo com todas as pe\u00e7as sobressalentes para todas as m\u00e1quinas.<\/p>\n<p>Os Clientes s\u00e3o o fulcro em torno do qual se move todo o processo de produ\u00e7\u00e3o da <strong>FARM BRASS<\/strong>, cujo objetivo \u00e9 a plena satisfa\u00e7\u00e3o dos seus clientes, correspondendo em tudo e por tudo aos elevados padr\u00f5es de qualidade exigidos.<\/p>\n<p>A empresa fornece uma assist\u00eancia cont\u00ednua aos seus Clientes, oferecendo todas as solu\u00e7\u00f5es poss\u00edveis com base nas diferentes necessidades e exig\u00eancias que surgem em cada momento, demonstrando uma <strong>excelente atitude de &#8220;resolu\u00e7\u00e3o de problemas.&#8221;<\/strong><\/p>\n<p>[\/vc_column_text][\/vc_column][\/vc_row][vc_row el_class=&#8221;hidden&#8221;][vc_column]<div id=\"ultimate-heading-77569e6d6b4a2a3b\" class=\"uvc-heading ult-adjust-bottom-margin ultimate-heading-77569e6d6b4a2a3b uvc-9828 \" data-hspacer=\"no_spacer\"  data-halign=\"left\" style=\"text-align:left\"><div class=\"uvc-heading-spacer no_spacer\" style=\"top\"><\/div><div class=\"uvc-main-heading ult-responsive\"  data-ultimate-target='.uvc-heading.ultimate-heading-77569e6d6b4a2a3b h2'  data-responsive-json-new='{\"font-size\":\"\",\"line-height\":\"\"}' ><h2 style=\"font-weight:normal;color:#353535;\">Leadership Team<\/h2><\/div><\/div><div class=\"bizspeak-title bizspeak-title-style1 titolo-sopra\" style=\"text-align:left\"><h2 class=\"title-border\" style=\"text-transform:uppercase;padding:0;margin:0 0 0 0;font-weight:300;font-size:26px;color:#333333;\"> <\/h2><\/div>[vc_empty_space height=&#8221;30px&#8221;]<div class=\"teams \"><div class=\"row\"><div class=\"col-sm-12\"><div class=\"owl-controls client-course-control\"><a class=\"owl-control clientPrev\"><span><i class=\"fa fa-angle-left\"><\/i><\/span><\/a><a class=\"owl-control clientNext\"><span><i class=\"fa fa-angle-right\"><\/i><\/span><\/a><\/div><div id=\"team-carousel\" class=\"owl-carousel owl-theme text-center team-carousel\"><div class=\"item\"><div class=\"team-wrapper\"><div class=\"team-img-wrapper\"><img loading=\"lazy\" decoding=\"async\" width=\"258\" height=\"245\" src=\"https:\/\/www.farmbrass.com\/wp-content\/uploads\/2015\/08\/team4.jpg\" class=\"img-responsive wp-post-image\" alt=\"\" \/><\/div><div class=\"team-content\"><h3 class=\"ts-name\">Florence Angel<\/h3><p class=\"ts-designation\">Manager<\/p><div class=\"team-social\"><a href=\"#\"><i class=\"fa fa-facebook\"><\/i><\/a><a href=\"#\"><i class=\"fa fa-twitter\"><\/i><\/a><a href=\"#\"><i class=\"fa fa-google-plus\"><\/i><\/a><a href=\"#\"><i class=\"fa fa-linkedin\"><\/i><\/a><\/div><\/div><\/div><\/div><div class=\"item\"><div class=\"team-wrapper\"><div class=\"team-img-wrapper\"><img loading=\"lazy\" decoding=\"async\" width=\"258\" height=\"245\" src=\"https:\/\/www.farmbrass.com\/wp-content\/uploads\/2015\/08\/team2.jpg\" class=\"img-responsive wp-post-image\" alt=\"\" \/><\/div><div class=\"team-content\"><h3 class=\"ts-name\">James Andorson<\/h3><p class=\"ts-designation\">Developer<\/p><div class=\"team-social\"><a href=\"#\"><i class=\"fa fa-facebook\"><\/i><\/a><a href=\"#\"><i class=\"fa fa-twitter\"><\/i><\/a><a href=\"#\"><i class=\"fa fa-google-plus\"><\/i><\/a><a href=\"#\"><i class=\"fa fa-linkedin\"><\/i><\/a><\/div><\/div><\/div><\/div><div class=\"item\"><div class=\"team-wrapper\"><div class=\"team-img-wrapper\"><img loading=\"lazy\" decoding=\"async\" width=\"258\" height=\"245\" src=\"https:\/\/www.farmbrass.com\/wp-content\/uploads\/2015\/08\/team5.jpg\" class=\"img-responsive wp-post-image\" alt=\"\" \/><\/div><div class=\"team-content\"><h3 class=\"ts-name\">Angel Josy<\/h3><p class=\"ts-designation\">Designer<\/p><div class=\"team-social\"><a href=\"#\"><i class=\"fa fa-facebook\"><\/i><\/a><a href=\"#\"><i class=\"fa fa-pinterest\"><\/i><\/a><a href=\"#\"><i class=\"fa fa-instagram\"><\/i><\/a><a href=\"#\"><i class=\"fa fa-flickr\"><\/i><\/a><a href=\"#\"><i class=\"fa fa-youtube\"><\/i><\/a><\/div><\/div><\/div><\/div><div class=\"item\"><div class=\"team-wrapper\"><div class=\"team-img-wrapper\"><img loading=\"lazy\" decoding=\"async\" width=\"258\" height=\"245\" src=\"https:\/\/www.farmbrass.com\/wp-content\/uploads\/2015\/08\/team6.jpg\" class=\"img-responsive wp-post-image\" alt=\"\" \/><\/div><div class=\"team-content\"><h3 class=\"ts-name\">Michel Congue<\/h3><p class=\"ts-designation\">Founder<\/p><div class=\"team-social\"><a href=\"#\"><i class=\"fa fa-facebook\"><\/i><\/a><a href=\"#\"><i class=\"fa fa-twitter\"><\/i><\/a><a href=\"#\"><i class=\"fa fa-google-plus\"><\/i><\/a><a href=\"#\"><i class=\"fa fa-linkedin\"><\/i><\/a><\/div><\/div><\/div><\/div><div class=\"item\"><div class=\"team-wrapper\"><div class=\"team-img-wrapper\"><img loading=\"lazy\" decoding=\"async\" width=\"258\" height=\"245\" src=\"https:\/\/www.farmbrass.com\/wp-content\/uploads\/2015\/08\/team1.jpg\" class=\"img-responsive wp-post-image\" alt=\"\" \/><\/div><div class=\"team-content\"><h3 class=\"ts-name\">Jepher Lorance<\/h3><p class=\"ts-designation\">CEO<\/p><div class=\"team-social\"><a href=\"#\"><i class=\"fa fa-facebook\"><\/i><\/a><a href=\"#\"><i class=\"fa fa-twitter\"><\/i><\/a><a href=\"#\"><i class=\"fa fa-google-plus\"><\/i><\/a><a href=\"#\"><i class=\"fa fa-linkedin\"><\/i><\/a><a href=\"#\"><i class=\"fa fa-pinterest\"><\/i><\/a><a href=\"#\"><i class=\"fa fa-instagram\"><\/i><\/a><a href=\"#\"><i class=\"fa fa-flickr\"><\/i><\/a><a href=\"#\"><i class=\"fa fa-youtube\"><\/i><\/a><\/div><\/div><\/div><\/div><\/div><\/div><\/div><\/div><script type=\"text\/javascript\">\n\t\tjQuery(document).ready(function($){\n\t\t\t\tvar $teamcarousel = $(\"#team-carousel\")\n\t\t\t\t$teamcarousel.owlCarousel({\n\t\t\t    loop:true,\n\t\t\t    margin:20,\n\t\t\t    autoplay:false,\n\t\t\t    animateOut:true,\n\t\t\t    dots:false,\n\t\t\t    responsiveClass:true,\n\t\t\t    responsive:{\n\t\t\t        0:{\n\t\t\t            items:1,\n\t\t\t        },\n\t\t\t        600:{\n\t\t\t            items:3,\n\t\t\t        },\n\t\t\t        1000:{\n\t\t\t            items:4,\n\t\t\t            loop:false\n\t\t\t        }\n\t\t\t    }\n\t\t\t})\t\n\t\t\t$(\".clientPrev\").click(function(){\n\t\t\t\t$teamcarousel.trigger(\"prev.owl.carousel\", [400]);\n\t\t\t});\n\n\t\t\t$(\".clientNext\").click(function(){\n\t\t\t\t$teamcarousel.trigger(\"next.owl.carousel\",[400]);\n\t\t\t});\n\t\t});\n\t<\/script>[vc_empty_space height=&#8221;30px&#8221;][\/vc_column][\/vc_row]<\/p>","protected":false},"excerpt":{"rendered":"<p>[vc_row full_width=&#8221;stretch_row_content_no_spaces&#8221; content_placement=&#8221;top&#8221; bg_type=&#8221;image&#8221; parallax_style=&#8221;vcpb-default&#8221; bg_image_new=&#8221;id^1911|url^http:\/\/kelevrabetatest.it\/farmbrass\/wp-content\/uploads\/2015\/09\/DSC_6768-come-oggetto-avanzato-11920.jpg|caption^null|alt^null|title^DSC_6768 come oggetto avanzato-11920|description^null&#8221; bg_image_repeat=&#8221;no-repeat&#8221; parallax_content=&#8221;parallax_content_value&#8221; el_class=&#8221;video-pagine&#8221;][vc_column][vc_raw_html]JTNDZGl2JTIwY2xhc3MlM0QlMjJvcGFjaXR5JTIyJTNFJTNDJTJGZGl2JTNF[\/vc_raw_html][\/vc_column][\/vc_row][vc_row][vc_column][vc_empty_space height=&#8221;30px&#8221;][vc_row_inner el_class=&#8221;mobile-no tablet-no&#8221;][vc_column_inner width=&#8221;1\/6&#8243;][\/vc_column_inner][vc_column_inner width=&#8221;2\/3&#8243;][\/vc_column_inner][vc_column_inner width=&#8221;1\/6&#8243;][\/vc_column_inner][\/vc_row_inner][vc_row_inner el_class=&#8221;desktop-no&#8221;][vc_column_inner][\/vc_column_inner][\/vc_row_inner][vc_empty_space height=&#8221;30px&#8221;][vc_row_inner][vc_column_inner width=&#8221;1\/2&#8243;][vc_column_text]A Farm Brass \u00e9 l\u00edder desde h\u00e1 mais de quarenta anos no setor de aquecimento de metais. A nossa tecnologia est\u00e1 constantemente a ser melhorada para satisfazer as diversas necessidades dos nossos Clientes. Em todos [&hellip;]<\/p>\n","protected":false},"author":1,"featured_media":0,"parent":0,"menu_order":0,"comment_status":"open","ping_status":"closed","template":"","meta":{"footnotes":""},"_links":{"self":[{"href":"https:\/\/www.farmbrass.com\/pt\/wp-json\/wp\/v2\/pages\/248"}],"collection":[{"href":"https:\/\/www.farmbrass.com\/pt\/wp-json\/wp\/v2\/pages"}],"about":[{"href":"https:\/\/www.farmbrass.com\/pt\/wp-json\/wp\/v2\/types\/page"}],"author":[{"embeddable":true,"href":"https:\/\/www.farmbrass.com\/pt\/wp-json\/wp\/v2\/users\/1"}],"replies":[{"embeddable":true,"href":"https:\/\/www.farmbrass.com\/pt\/wp-json\/wp\/v2\/comments?post=248"}],"version-history":[{"count":136,"href":"https:\/\/www.farmbrass.com\/pt\/wp-json\/wp\/v2\/pages\/248\/revisions"}],"predecessor-version":[{"id":2699,"href":"https:\/\/www.farmbrass.com\/pt\/wp-json\/wp\/v2\/pages\/248\/revisions\/2699"}],"wp:attachment":[{"href":"https:\/\/www.farmbrass.com\/pt\/wp-json\/wp\/v2\/media?parent=248"}],"curies":[{"name":"wp","href":"https:\/\/api.w.org\/{rel}","templated":true}]}}