{"id":405,"date":"2015-09-05T04:28:45","date_gmt":"2015-09-05T02:28:45","guid":{"rendered":"http:\/\/themewinter.com\/WP\/bizspeak\/?page_id=405"},"modified":"2025-06-13T10:07:03","modified_gmt":"2025-06-13T08:07:03","slug":"team","status":"publish","type":"page","link":"https:\/\/www.farmbrass.com\/pt\/team\/","title":{"rendered":"Equipa"},"content":{"rendered":"<p>[vc_row full_width=&#8221;stretch_row_content_no_spaces&#8221; content_placement=&#8221;top&#8221; bg_type=&#8221;image&#8221; parallax_style=&#8221;vcpb-default&#8221; bg_image_new=&#8221;id^1820|url^http:\/\/kelevrabetatest.it\/farmbrass\/wp-content\/uploads\/2015\/09\/DSC_6851low.jpg|caption^null|alt^null|title^DSC_6851low|description^null&#8221; bg_image_repeat=&#8221;no-repeat&#8221; parallax_content=&#8221;parallax_content_value&#8221; el_class=&#8221;video-pagine&#8221;][vc_column]<div class=\"ult-animation  ult-animate-viewport  ult-no-mobile \" data-animate=\"fadeIn\" data-animation-delay=\"0\" data-animation-duration=\"3\" data-animation-iteration=\"1\" style=\"opacity:0;\" data-opacity_start_effect=\"\"><div class=\"bizspeak-title bizspeak-title-style3 titolo-video\" style=\"text-align:left\"><h2 style=\"text-transform:uppercase;padding:0px 0px 50px 0px;margin:25px auto 0px;font-weight:300;font-size:32px;color:#000000;\">Equipa<\/h2><\/div><\/div>[vc_raw_html]JTNDZGl2JTIwY2xhc3MlM0QlMjJvcGFjaXR5JTIyJTNFJTNDJTJGZGl2JTNF[\/vc_raw_html][\/vc_column][\/vc_row][vc_row][vc_column][vc_empty_space height=&#8221;30px&#8221;][\/vc_column][\/vc_row][vc_row][vc_column width=&#8221;2\/3&#8243;]<div id=\"ultimate-heading-53016a0299b530b19\" class=\"uvc-heading ult-adjust-bottom-margin ultimate-heading-53016a0299b530b19 uvc-5099 \" data-hspacer=\"no_spacer\"  data-halign=\"left\" style=\"text-align:left\"><div class=\"uvc-heading-spacer no_spacer\" style=\"top\"><\/div><div class=\"uvc-main-heading ult-responsive\"  data-ultimate-target='.uvc-heading.ultimate-heading-53016a0299b530b19 h2'  data-responsive-json-new='{\"font-size\":\"\",\"line-height\":\"\"}' ><h2 style=\"font-weight:normal;color:#353535;\">A nossa equipa<\/h2><\/div><\/div><div class=\"bizspeak-title bizspeak-title-style1 titolo-sopra\" style=\"text-align:left\"><h2 class=\"title-border\" style=\"text-transform:uppercase;padding:0;margin:0 0 0 0;font-weight:300;font-size:26px;color:#333333;\"> <\/h2><\/div>[vc_empty_space height=&#8221;30px&#8221;][vc_single_image image=&#8221;1904&#8243; img_size=&#8221;full&#8221; alignment=&#8221;center&#8221; style=&#8221;vc_box_shadow&#8221;][vc_column_text]<\/p>\n<div class=\"page\" title=\"Page 1\">\n<div class=\"layoutArea\">\n<div class=\"column\">\n<p>Dispomos de uma<strong> equipa altamente din\u00e2mica<\/strong> e pronta para novos desafios que, como filosofia, decidiu colocar o Cliente no centro do projeto, fazendo-o sentir-se como uma parte importante em todo o processo de fabrico, implicando-o e apoiando-o em cada etapa.<\/p>\n<p>Eugenio <strong>Faini<\/strong> e Ruggero <strong>Zobbio<\/strong> s\u00e3o os dois Administradores.<\/p>\n<p>Ezio <strong>Arbezzano<\/strong> \u00e9 o Respons\u00e1vel de f\u00e1brica e de produ\u00e7\u00e3o na sede operacional de Ciri\u00e8.<\/p>\n<p>Juntamente com o diretor do nosso departamento t\u00e9cnico, Gianni <strong>Palermo<\/strong>, tamb\u00e9m trata da gest\u00e3o dos projetos de equipamentos de acordo com as encomendas.<\/p>\n<p>Por \u00faltimo, mas n\u00e3o menos importante, o nosso Respons\u00e1vel t\u00e9cnico\u00a0est\u00e1 dispon\u00edvel para todos os esclarecimentos ao cliente, oferecendo a sua experi\u00eancia para resolver qualquer tipo de problema que possa surgir, prestando assist\u00eancia t\u00e9cnica <strong>24 horas<\/strong> por dia.<\/p>\n<\/div>\n<\/div>\n<\/div>\n<p>[\/vc_column_text][\/vc_column][vc_column width=&#8221;1\/3&#8243;][vc_column_text css=&#8221;.vc_custom_1504859016015{padding-top: 25px !important;padding-right: 25px !important;padding-bottom: 25px !important;padding-left: 25px !important;background-color: #d8d8d8 !important;}&#8221;]<\/p>\n<h3 class=\"box-title\">Os nossos contactos<\/h3>\n<p><strong>Dire\u00e7\u00e3o<\/strong><\/p>\n<p><a href=\"mailto:faini@farmbrass.com\">faini@farmbrass.com<\/a><\/p>\n<p><a href=\"mailto:zobbio@farmbrass.com\">zobbio@farmbrass.com<\/a><\/p>\n<p><strong>Assist\u00eancia<\/strong><\/p>\n<p><a href=\"mailto:arbezzano@farmbrass.com\">arbezzano@farmbrass.com<\/a><\/p>\n<p><strong>Comercial<\/strong><\/p>\n<p><a href=\"mailto:commerciale@farmbrass.com\">commerciale@farmbrass.com<\/a><\/p>\n<p><strong>Administra\u00e7\u00e3o<\/strong><\/p>\n<p><a href=\"mailto:bollea@farmbrass.com\">bollea@farmbrass.com<\/a><\/p>\n<p><a href=\"mailto:colombo@farmbrass.com\">colombo@farmbrass.com<\/a><\/p>\n<p><strong>Departamento t\u00e9cnico<\/strong><\/p>\n<p><a href=\"mailto:ufficiotecnico@farmbrass.com\">ufficiotecnico@farmbrass.com<\/a><\/p>\n<p><a href=\"mailto:palermo@farmbrass.com\">palermo@farmbrass.com<\/a><\/p>\n<p><strong>Departamento de compras<\/strong><\/p>\n<p><a href=\"mailto:acquisti@farmbrass.com\">acquisti@farmbrass.com<\/a><\/p>\n<p><a href=\"mailto:caruso@farmbrass.com\">caruso@farmbrass.com<\/a><\/p>\n<p><strong>\u00a0Informa\u00e7\u00f5es gerais<\/strong><\/p>\n<p><a href=\"mailto:info@farmbrass.com\">info@farmbrass.com<\/a>[\/vc_column_text][\/vc_column][\/vc_row]<\/p>","protected":false},"excerpt":{"rendered":"<p>[vc_row full_width=&#8221;stretch_row_content_no_spaces&#8221; content_placement=&#8221;top&#8221; bg_type=&#8221;image&#8221; parallax_style=&#8221;vcpb-default&#8221; bg_image_new=&#8221;id^1820|url^http:\/\/kelevrabetatest.it\/farmbrass\/wp-content\/uploads\/2015\/09\/DSC_6851low.jpg|caption^null|alt^null|title^DSC_6851low|description^null&#8221; bg_image_repeat=&#8221;no-repeat&#8221; parallax_content=&#8221;parallax_content_value&#8221; el_class=&#8221;video-pagine&#8221;][vc_column][vc_raw_html]JTNDZGl2JTIwY2xhc3MlM0QlMjJvcGFjaXR5JTIyJTNFJTNDJTJGZGl2JTNF[\/vc_raw_html][\/vc_column][\/vc_row][vc_row][vc_column][vc_empty_space height=&#8221;30px&#8221;][\/vc_column][\/vc_row][vc_row][vc_column width=&#8221;2\/3&#8243;][vc_empty_space height=&#8221;30px&#8221;][vc_single_image image=&#8221;1904&#8243; img_size=&#8221;full&#8221; alignment=&#8221;center&#8221; style=&#8221;vc_box_shadow&#8221;][vc_column_text] Dispomos de uma equipa altamente din\u00e2mica e pronta para novos desafios que, como filosofia, decidiu colocar o Cliente no centro do projeto, fazendo-o sentir-se como uma parte importante em todo o processo de fabrico, implicando-o e apoiando-o em cada [&hellip;]<\/p>\n","protected":false},"author":1,"featured_media":0,"parent":0,"menu_order":0,"comment_status":"open","ping_status":"closed","template":"","meta":{"footnotes":""},"_links":{"self":[{"href":"https:\/\/www.farmbrass.com\/pt\/wp-json\/wp\/v2\/pages\/405"}],"collection":[{"href":"https:\/\/www.farmbrass.com\/pt\/wp-json\/wp\/v2\/pages"}],"about":[{"href":"https:\/\/www.farmbrass.com\/pt\/wp-json\/wp\/v2\/types\/page"}],"author":[{"embeddable":true,"href":"https:\/\/www.farmbrass.com\/pt\/wp-json\/wp\/v2\/users\/1"}],"replies":[{"embeddable":true,"href":"https:\/\/www.farmbrass.com\/pt\/wp-json\/wp\/v2\/comments?post=405"}],"version-history":[{"count":66,"href":"https:\/\/www.farmbrass.com\/pt\/wp-json\/wp\/v2\/pages\/405\/revisions"}],"predecessor-version":[{"id":2989,"href":"https:\/\/www.farmbrass.com\/pt\/wp-json\/wp\/v2\/pages\/405\/revisions\/2989"}],"wp:attachment":[{"href":"https:\/\/www.farmbrass.com\/pt\/wp-json\/wp\/v2\/media?parent=405"}],"curies":[{"name":"wp","href":"https:\/\/api.w.org\/{rel}","templated":true}]}}