{"id":661,"date":"2016-07-26T14:46:58","date_gmt":"2016-07-26T12:46:58","guid":{"rendered":"http:\/\/kelevrabetatest.it\/farmbrass\/?page_id=661"},"modified":"2017-09-15T15:03:07","modified_gmt":"2017-09-15T13:03:07","slug":"prodotti","status":"publish","type":"page","link":"https:\/\/www.farmbrass.com\/pt\/prodotti\/","title":{"rendered":"PRODUTOS"},"content":{"rendered":"<p>[vc_row full_width=&#8221;stretch_row_content_no_spaces&#8221; content_placement=&#8221;top&#8221; bg_type=&#8221;image&#8221; parallax_style=&#8221;vcpb-default&#8221; bg_image_new=&#8221;id^1900|url^http:\/\/kelevrabetatest.it\/farmbrass\/wp-content\/uploads\/2016\/07\/DSC_7000low.jpg|caption^null|alt^null|title^DSC_7000low|description^null&#8221; parallax_content=&#8221;parallax_content_value&#8221; el_class=&#8221;video-pagine&#8221;][vc_column]<div class=\"ult-animation  ult-animate-viewport  ult-no-mobile \" data-animate=\"fadeIn\" data-animation-delay=\"0\" data-animation-duration=\"3\" data-animation-iteration=\"1\" style=\"opacity:0;\" data-opacity_start_effect=\"\"><div class=\"bizspeak-title bizspeak-title-style3 titolo-video\" style=\"text-align:left\"><h2 style=\"text-transform:uppercase;padding:0px 0px 50px 0px;margin:25px auto 0px;font-weight:300;font-size:32px;color:#000000;\">PRODUTOS<\/h2><\/div><\/div>[vc_raw_html]JTNDZGl2JTIwY2xhc3MlM0QlMjJvcGFjaXR5JTIyJTNFJTNDJTJGZGl2JTNF[\/vc_raw_html][\/vc_column][\/vc_row][vc_row][vc_column][vc_empty_space height=&#8221;30px&#8221;][\/vc_column][\/vc_row][vc_row][vc_column width=&#8221;2\/3&#8243;][vc_row_inner][vc_column_inner]<div id=\"ultimate-heading-369169f2931e510da\" class=\"uvc-heading ult-adjust-bottom-margin ultimate-heading-369169f2931e510da uvc-7603 \" data-hspacer=\"no_spacer\"  data-halign=\"left\" style=\"text-align:left\"><div class=\"uvc-heading-spacer no_spacer\" style=\"top\"><\/div><div class=\"uvc-main-heading ult-responsive\"  data-ultimate-target='.uvc-heading.ultimate-heading-369169f2931e510da h2'  data-responsive-json-new='{\"font-size\":\"\",\"line-height\":\"\"}' ><h2 style=\"font-weight:normal;color:#353535;\">Fornos autom\u00e1ticos para aquecimento de metais<\/h2><\/div><\/div><div class=\"bizspeak-title bizspeak-title-style1 titolo-sopra\" style=\"text-align:left\"><h2 class=\"title-border\" style=\"text-transform:uppercase;padding:0;margin:0 0 0 0;font-weight:300;font-size:26px;color:#333333;\"> <\/h2><\/div>[vc_empty_space height=&#8221;30px&#8221;][\/vc_column_inner][\/vc_row_inner][vc_column_text]<\/p>\n<p class=\"p1\">Os fornos <strong>FARM BRASS<\/strong> s\u00e3o totalmente autom\u00e1ticas nas fun\u00e7\u00f5es de carga, movimenta\u00e7\u00e3o interna e descarga para a prensa.<\/p>\n<p>Distinguem-se pela extrema versatilidade de utiliza\u00e7\u00e3o em rela\u00e7\u00e3o \u00e0s v\u00e1rias formas e dimens\u00f5es das pe\u00e7as a aquecer e pela alta produtividade num espa\u00e7o extremamente reduzido.<\/p>\n<p>A regula\u00e7\u00e3o da temperatura \u00e9 de a\u00e7\u00e3o proporcional modulante, com dete\u00e7\u00f5es em diferentes zonas da c\u00e2mara de combust\u00e3o; essa modula\u00e7\u00e3o cont\u00ednua otimiza os consumos, j\u00e1 de si muito contidos devido \u00e0 utiliza\u00e7\u00e3o do g\u00e1s como combust\u00edvel, e produz uniformidade de temperatura, capaz de permitir a moldagem at\u00e9 quatro pe\u00e7as por ciclo num molde fechado.<\/p>\n<p>O uso de pe\u00e7as moldadas \u00e9, hoje, uso corrente em todos os setores industriais; para a <strong>FARM BRASS ISSO SIGNIFICA OFERECER A MAIS AMPLA GAMA<\/strong> do mercado em fornos de transporte e de tapete, completados com muitos acess\u00f3rios \u00fateis.<\/p>\n<p>[\/vc_column_text][vc_row_inner][vc_column_inner]<div class=\" ubtn-ctn-center \"><a class=\"ubtn-link ult-adjust-bottom-margin ubtn-center ubtn-block \" href = \"http:\/\/www.farmbrass.com\/catalogo-prodotti\/\" target='' ><button type=\"button\" id=\"ubtn-5560\" class=\"ubtn ult-adjust-bottom-margin ult-responsive ubtn-block ubtn-no-hover-bg  ulta-pulse  ubtn-sep-icon ubtn-sep-icon-at-left  ubtn-shd  ubtn-center  shd-bottom tooltip-69f2931e51185 ubtn-block\"  data-hover=\"#333333\" data-border-color=\"\" data-bg=\"#dd3333\" data-hover-bg=\"#dd0000\" data-border-hover=\"\" data-shadow-hover=\"0 3px #eaeaea;\" data-shadow-click=\"\" data-shadow=\"0 5px #f2f2f2;\" data-shd-shadow=\"5\"  data-ultimate-target='#ubtn-5560'  data-responsive-json-new='{\"font-size\":\"desktop:18px;\",\"line-height\":\"\"}'  style=\"font-weight:bold;border:none;box-shadow: 0 5px #f2f2f2;background: #dd3333;color: #ffffff;\"><span class=\"ubtn-data ubtn-icon\"><i class=\"Defaults-list\" style=\"font-size:20px;color:#ffffff;\"><\/i><\/span><span class=\"ubtn-hover\" style=\"background-color:#dd0000\"><\/span><span class=\"ubtn-data ubtn-text \" >Descubra o nosso cat\u00e1logo<\/span><\/button><\/a><\/div>[\/vc_column_inner][\/vc_row_inner][vc_row_inner][vc_column_inner width=&#8221;1\/2&#8243;]<div id=\"ultimate-heading-409569f2931e511aa\" class=\"uvc-heading ult-adjust-bottom-margin ultimate-heading-409569f2931e511aa uvc-8634 \" data-hspacer=\"no_spacer\"  data-halign=\"left\" style=\"text-align:left\"><div class=\"uvc-heading-spacer no_spacer\" style=\"top\"><\/div><div class=\"uvc-main-heading ult-responsive\"  data-ultimate-target='.uvc-heading.ultimate-heading-409569f2931e511aa h2'  data-responsive-json-new='{\"font-size\":\"\",\"line-height\":\"\"}' ><h2 style=\"font-weight:normal;color:#353535;\">Experi\u00eancia e trabalho de equipa<\/h2><\/div><\/div><div class=\"bizspeak-title bizspeak-title-style1 titolo-sopra\" style=\"text-align:left\"><h2 class=\"title-border\" style=\"text-transform:uppercase;padding:0;margin:0 0 0 0;font-weight:300;font-size:26px;color:#333333;\"> <\/h2><\/div>[vc_empty_space height=&#8221;30px&#8221;][vc_column_text]<\/p>\n<p class=\"p1\" style=\"text-align: justify;\">Desde as primeiras m\u00e1quinas rotativas de <strong>1975<\/strong> at\u00e9 hoje, acumul\u00e1mos uma experi\u00eancia \u00fanica no setor da moldagem a quente. Desde ent\u00e3o, a empresa cresceu constantemente, procurando sempre as solu\u00e7\u00f5es mais inovadoras e tecnol\u00f3gicas para responder \u00e0s necessidades dos clientes, oferecendo servi\u00e7os cada vez mais abrangentes e de alto desempenho.<\/p>\n<p>Cada forno que sai das nossas instala\u00e7\u00f5es \u00e9 resultado de um trabalho de equipa, em que projetistas, mec\u00e2nicos e t\u00e9cnicos est\u00e3o constantemente empenhados em criar um produto <strong>FI\u00c1VEL, ROBUSTO e de LONGA DURA\u00c7\u00c3O.<\/strong><\/p>\n<p>O nosso trabalho n\u00e3o \u00e9 apenas o fabrico de fornos autom\u00e1ticos, mas tamb\u00e9m fornecer <strong>SOLU\u00c7\u00d5ES PERSONALIZADAS<\/strong> para problemas de produ\u00e7\u00e3o concretos. O pessoal da <strong>FARM BRASS<\/strong> trabalha todos os dias com perseveran\u00e7a e profissionalismo, porque faz do seu trabalho uma verdadeira paix\u00e3o.<\/p>\n<p>[\/vc_column_text][\/vc_column_inner][vc_column_inner width=&#8221;1\/2&#8243;]<div id=\"ultimate-heading-976069f2931e5121a\" class=\"uvc-heading ult-adjust-bottom-margin ultimate-heading-976069f2931e5121a uvc-9796 \" data-hspacer=\"no_spacer\"  data-halign=\"left\" style=\"text-align:left\"><div class=\"uvc-heading-spacer no_spacer\" style=\"top\"><\/div><div class=\"uvc-main-heading ult-responsive\"  data-ultimate-target='.uvc-heading.ultimate-heading-976069f2931e5121a h2'  data-responsive-json-new='{\"font-size\":\"\",\"line-height\":\"\"}' ><h2 style=\"font-weight:normal;color:#353535;\">O mundo em mudan\u00e7a<\/h2><\/div><\/div><div class=\"bizspeak-title bizspeak-title-style1 titolo-sopra\" style=\"text-align:left\"><h2 class=\"title-border\" style=\"text-transform:uppercase;padding:0;margin:0 0 0 0;font-weight:300;font-size:26px;color:#333333;\"> <\/h2><\/div>[vc_empty_space height=&#8221;30px&#8221;][vc_column_text]<\/p>\n<p class=\"p1\" style=\"text-align: justify;\">A acelera\u00e7\u00e3o trazida \u00e0 moldagem pela eletr\u00f3nica e pela inform\u00e1tica encontrou a <strong>FARM BRASS<\/strong>, como sempre, pronta para aceitar o desafio.<\/p>\n<p>Alta qualidade e volumes de produ\u00e7\u00e3o crescentes requerem um fornecimento cont\u00ednuo de pe\u00e7as, temperaturas homog\u00e9neas e precisas, uma interface com as prensas<strong> mais sofisticadas<\/strong>, um controlo constante dos dados de produ\u00e7\u00e3o: tudo isso \u00e9 realizado em torno da c\u00e2mara de combust\u00e3o, cora\u00e7\u00e3o indestrut\u00edvel dos nossos fornos.<\/p>\n<p>Na <strong>FARM BRASS<\/strong>, cada nova encomenda torna-se o ponto de partida para melhorar a tecnologia e propor novas solu\u00e7\u00f5es. Por esta raz\u00e3o, a <strong>FARM BRASS <\/strong>colabora desde h\u00e1 muitos anos com importantes parceiros ao n\u00edvel nacional e internacional, e conseguiu fidelizar ao longo do tempo cada vez mais clientes satisfeitos com o servi\u00e7o recebido.<\/p>\n<p>[\/vc_column_text][\/vc_column_inner][\/vc_row_inner][\/vc_column][vc_column width=&#8221;1\/3&#8243;][vc_row_inner][vc_column_inner]<div id=\"ultimate-heading-579069f2931e5127c\" class=\"uvc-heading ult-adjust-bottom-margin ultimate-heading-579069f2931e5127c uvc-2032 \" data-hspacer=\"no_spacer\"  data-halign=\"left\" style=\"text-align:left\"><div class=\"uvc-heading-spacer no_spacer\" style=\"top\"><\/div><div class=\"uvc-main-heading ult-responsive\"  data-ultimate-target='.uvc-heading.ultimate-heading-579069f2931e5127c h2'  data-responsive-json-new='{\"font-size\":\"\",\"line-height\":\"\"}' ><h2 style=\"font-weight:normal;color:#353535;\">Tipos de produtos<\/h2><\/div><\/div><div class=\"bizspeak-title bizspeak-title-style1 titolo-sopra\" style=\"text-align:left\"><h2 class=\"title-border\" style=\"text-transform:uppercase;padding:0;margin:0 0 0 0;font-weight:300;font-size:26px;color:#333333;\"> <\/h2><\/div>[vc_empty_space height=&#8221;30px&#8221;][\/vc_column_inner][\/vc_row_inner][vc_tta_accordion][vc_tta_section title=&#8221; Fornos de transporte&#8221; tab_id=&#8221;1476114028968-022df8db-870c&#8221; add_icon=&#8221;true&#8221;][vc_row_inner][vc_column_inner][vc_single_image image=&#8221;1205&#8243; img_size=&#8221;&#8221;][vc_column_text]<\/p>\n<p class=\"p1\"><strong>\u00a0Lat\u00e3o, cobre, bronze e alum\u00ednio<\/strong><\/p>\n<p class=\"p1\">Os fornos de transporte<strong> FARM BRASS<\/strong> dividem-se em duas s\u00e9ries: a s\u00e9rie S e a s\u00e9rie IG.<\/p>\n<p class=\"p2\">Ambos s\u00e3o dedicados ao aquecimento de lat\u00e3o, mas tamb\u00e9m podem ser utilizados para o aquecimento de outros metais n\u00e3o-ferrosos, incluindo o alum\u00ednio. O sistema de combust\u00e3o est\u00e1 dividido em uma ou mais zonas, dependendo do comprimento da C\u00e2mara de aquecimento (1Z-2Z-3Z).<\/p>\n<p>O n\u00famero de Pistas (ou Guias) varia de acordo com os requisitos de produ\u00e7\u00e3o (2G-3G-4G). Entre as pe\u00e7as realizadas pela<strong> FARM BRASS<\/strong> nesta produ\u00e7\u00e3o em particular, est\u00e3o as barras, componentes forjados, fus\u00f5es de ferro fundido e a\u00e7o, carris e calhas, tubos e sinterizados.<\/p>\n<p>A diversidade e a amplitude dos produtos realizados pela <strong>FARM BRASS<\/strong> oferecem uma gama muito ampla de propostas para o cliente, que tamb\u00e9m pode pedir \u00e0 empresa pe\u00e7as sob medida e personalizadas para as suas necessidades.<\/p>\n<p>[\/vc_column_text][\/vc_column_inner][\/vc_row_inner][\/vc_tta_section][vc_tta_section title=&#8221;Fornos de tapete&#8221; tab_id=&#8221;1476115449143-3cefb64f-5493&#8243; add_icon=&#8221;true&#8221;][vc_row_inner][vc_column_inner][vc_single_image image=&#8221;1168&#8243; img_size=&#8221;&#8221;][vc_column_text]<\/p>\n<p class=\"p1\"><strong>Lat\u00e3o, alum\u00ednio<\/strong><\/p>\n<p class=\"p1\">Os fornos de tapete <strong>FARM BRASS<\/strong> dividem-se em tr\u00eas s\u00e9ries: a s\u00e9rie IGR, a s\u00e9rie NO e a s\u00e9rie NA.<\/p>\n<p class=\"p1\">Os dois primeiros s\u00e3o dedicados ao aquecimento de lat\u00e3o, mas tamb\u00e9m podem ser utilizados para o aquecimento de outros metais n\u00e3o-ferrosos; o terceiro, contudo, \u00e9 espec\u00edfico para o aquecimento de alum\u00ednio. Tamb\u00e9m no caso dos fornos de tapete, o sistema de combust\u00e3o est\u00e1 dividido em uma ou mais zonas, dependendo do comprimento da C\u00e2mara de aquecimento (1Z-2Z-3Z).<\/p>\n<p>Dependendo da composi\u00e7\u00e3o do Tapete, podem ser carregadas uma ou mais colunas de pe\u00e7as. Tamb\u00e9m nos fornos de tapete a <strong>FARM BRASS<\/strong> garante a produ\u00e7\u00e3o de pe\u00e7as como barras, componentes forjados, fus\u00e3o de ferro fundido e a\u00e7o, calhas, tubos e sinterizados.<\/p>\n<p>[\/vc_column_text][\/vc_column_inner][\/vc_row_inner][\/vc_tta_section][vc_tta_section title=&#8221;Fornos de tratamento t\u00e9rmico&#8221; tab_id=&#8221;1476115447187-bc637183-bf1c&#8221; add_icon=&#8221;true&#8221;][vc_row_inner][vc_column_inner][vc_single_image image=&#8221;2383&#8243; img_size=&#8221;&#8221;][vc_column_text]<\/p>\n<p class=\"p1\"><strong>Lat\u00e3o, alum\u00ednio<\/strong><\/p>\n<p class=\"p1\">Gra\u00e7as \u00e0 tecnologia de aquecimento indireto por meio de recircula\u00e7\u00e3o for\u00e7ada de ar quente e \u00e0 possibilidade de trabalhar a temperaturas compreendidas entre 150 \u00b0C e 600 \u00b0C, os equipamentos para tratamento t\u00e9rmico da s\u00e9rie IGT concebidos pela <strong>FARM BRASS<\/strong> representam a solu\u00e7\u00e3o ideal para as suas necessidades.<\/p>\n<p>A<strong> Farm Brass<\/strong> tamb\u00e9m \u00e9 capaz de oferecer solu\u00e7\u00f5es t\u00e9cnicas e funcionais para a constru\u00e7\u00e3o de sistemas personalizados dedicados a todos os tipos de Tratamento T\u00e9rmico.<\/p>\n<p>Entre estes, podemos destacar: tanques sobre roletes ou carris, pe\u00e7as sobre tapete ou correia, atmosfera controlada, envelhecimento, solubiliza\u00e7\u00e3o, t\u00eampera, endurecimento, etc.<\/p>\n<p>Tudo isto se traduz num resultado final de alt\u00edssima qualidade do tratamento t\u00e9rmico, de acordo com cada aplica\u00e7\u00e3o, garantindo ao cliente um produto \u00e0 medida, que respeita os mais altos padr\u00f5es de qualidade exigidos.<\/p>\n<p>[\/vc_column_text][\/vc_column_inner][\/vc_row_inner][\/vc_tta_section][\/vc_tta_accordion][\/vc_column][\/vc_row][vc_row bg_type=&#8221;grad&#8221; bg_override=&#8221;full&#8221; bg_grad=&#8221;background: -webkit-gradient(linear, left top, left bottom, color-stop(0%, #E3E3E3), color-stop(100%, #BABABA));background: -moz-linear-gradient(top,#E3E3E3 0%,#BABABA 100%);background: -webkit-linear-gradient(top,#E3E3E3 0%,#BABABA 100%);background: -o-linear-gradient(top,#E3E3E3 0%,#BABABA 100%);background: -ms-linear-gradient(top,#E3E3E3 0%,#BABABA 100%);background: linear-gradient(top,#E3E3E3 0%,#BABABA 100%);&#8221;][vc_column width=&#8221;1\/2&#8243;][vc_row_inner][vc_column_inner width=&#8221;1\/4&#8243;][\/vc_column_inner][vc_column_inner width=&#8221;1\/2&#8243;][vc_round_chart type=&#8221;doughnut&#8221; stroke_width=&#8221;2&#8243; legend=&#8221;&#8221; values=&#8221;%5B%7B%22title%22%3A%22Clienti%20Soddisfatti%22%2C%22value%22%3A%22100%22%2C%22color%22%3A%22juicy-pink%22%2C%22custom_color%22%3A%22%2300c1cf%22%7D%5D&#8221;][\/vc_column_inner][vc_column_inner width=&#8221;1\/4&#8243;][\/vc_column_inner][\/vc_row_inner][vc_row_inner][vc_column_inner]<div class=\"stats-block stats-top  \"><div class=\"aio-icon-top\"><div class=\"ult-just-icon-wrapper  \"><div class=\"align-icon\" style=\"text-align:center;\">\n<div class=\"aio-icon none \"  style=\"color:#333333;font-size:32px;display:inline-block;\">\n\t<i class=\"Defaults-group users\"><\/i>\n<\/div><\/div><\/div><\/div><div class=\"stats-desc\" id=\"counter-responsv-wrap-3252\"><div id=\"counter_23793377769f2931e5139f\" data-id=\"counter_23793377769f2931e5139f\"  data-ultimate-target='#counter-responsv-wrap-3252 .stats-number'  data-responsive-json-new='{\"font-size\":\"\",\"line-height\":\"\"}'  class=\"stats-number ult-responsive\" style=\"font-size:28px;  \" data-speed=\"3\" data-counter-value=\"100\" data-separator=\",\" data-decimal=\".\">0<\/div><div class=\"counter_suffix mycust ult-responsive\"  data-ultimate-target='#counter-responsv-wrap-3252 .mycust'  data-responsive-json-new='{\"font-size\":\"\",\"line-height\":\"\"}'  style=\"font-size:28px; color:\">%<\/div><div counter-responsv-wrap-3252  data-ultimate-target='#counter-responsv-wrap-3252 .stats-text'  data-responsive-json-new='{\"font-size\":\"\",\"line-height\":\"\"}'  class=\"stats-text ult-responsive\" style=\"font-size:18px;  \"> Clientes satisfeitos<\/div><\/div><\/div>[\/vc_column_inner][\/vc_row_inner][\/vc_column][vc_column width=&#8221;1\/2&#8243;][vc_row_inner][vc_column_inner]<div id=\"ultimate-heading-291869f2931e513ba\" class=\"uvc-heading ult-adjust-bottom-margin ultimate-heading-291869f2931e513ba uvc-8063 \" data-hspacer=\"no_spacer\"  data-halign=\"left\" style=\"text-align:left\"><div class=\"uvc-heading-spacer no_spacer\" style=\"top\"><\/div><div class=\"uvc-main-heading ult-responsive\"  data-ultimate-target='.uvc-heading.ultimate-heading-291869f2931e513ba h2'  data-responsive-json-new='{\"font-size\":\"\",\"line-height\":\"\"}' ><h2 style=\"font-weight:normal;color:#353535;\">Fiabilidade e servi\u00e7os<\/h2><\/div><\/div><div class=\"bizspeak-title bizspeak-title-style1 titolo-sopra\" style=\"text-align:left\"><h2 class=\"title-border\" style=\"text-transform:uppercase;padding:0;margin:0 0 0 0;font-weight:300;font-size:26px;color:#333333;\"> <\/h2><\/div>[vc_empty_space height=&#8221;30px&#8221;][\/vc_column_inner][\/vc_row_inner][vc_column_text]<\/p>\n<p class=\"p1\">O controlo deriva de um m\u00e9todo de trabalho afinado e consolidado ao longo do tempo e do compromisso constante de melhorar, em cada dia, os produtos e servi\u00e7os. Desta forma, a empresa pode oferecer ao cliente um produto acabado \u00e0 medida,<strong> fabricado de acordo com as suas necessidades e exig\u00eancias.<\/strong><\/p>\n<p>O nosso trabalho n\u00e3o \u00e9 apenas o fabrico de fornos autom\u00e1ticos, mas tamb\u00e9m fornecer <strong>SOLU\u00c7\u00d5ES PERSONALIZADAS<\/strong> para problemas de produ\u00e7\u00e3o concretos. A nossa equipa tem uma forte atitude de &#8220;resolu\u00e7\u00e3o de problemas&#8221;, conseguindo sempre encontrar a melhor solu\u00e7\u00e3o personalizada para cada exig\u00eancia do cliente.<\/p>\n<hr \/>\n<p class=\"p1\">Todos os nossos fornos s\u00e3o resultado de um <strong>trabalho de equipa<\/strong>, em que projetistas, mec\u00e2nicos e t\u00e9cnicos se empenham em fabricar um produto fi\u00e1vel, robusto e de longa dura\u00e7\u00e3o.<br \/>\nA harmonia da nossa equipa, que colabora e coopera conjuntamente h\u00e1 j\u00e1 muitos anos, garante um produto acabado dentro dos prazos estabelecidos, de acordo com os mais altos padr\u00f5es de qualidade.<\/p>\n<p>A<strong> qualidade<\/strong>, o <strong>profissionalismo<\/strong> e a <strong>pontualidade dos servi\u00e7os<\/strong> oferecidos fazem da <strong>FARM BRASS<\/strong> uma das principais empresas l\u00edderes do setor.<\/p>\n<p>[\/vc_column_text][\/vc_column][\/vc_row]<\/p>","protected":false},"excerpt":{"rendered":"<p>[vc_row full_width=&#8221;stretch_row_content_no_spaces&#8221; content_placement=&#8221;top&#8221; bg_type=&#8221;image&#8221; parallax_style=&#8221;vcpb-default&#8221; bg_image_new=&#8221;id^1900|url^http:\/\/kelevrabetatest.it\/farmbrass\/wp-content\/uploads\/2016\/07\/DSC_7000low.jpg|caption^null|alt^null|title^DSC_7000low|description^null&#8221; parallax_content=&#8221;parallax_content_value&#8221; el_class=&#8221;video-pagine&#8221;][vc_column][vc_raw_html]JTNDZGl2JTIwY2xhc3MlM0QlMjJvcGFjaXR5JTIyJTNFJTNDJTJGZGl2JTNF[\/vc_raw_html][\/vc_column][\/vc_row][vc_row][vc_column][vc_empty_space height=&#8221;30px&#8221;][\/vc_column][\/vc_row][vc_row][vc_column width=&#8221;2\/3&#8243;][vc_row_inner][vc_column_inner][vc_empty_space height=&#8221;30px&#8221;][\/vc_column_inner][\/vc_row_inner][vc_column_text] Os fornos FARM BRASS s\u00e3o totalmente autom\u00e1ticas nas fun\u00e7\u00f5es de carga, movimenta\u00e7\u00e3o interna e descarga para a prensa. Distinguem-se pela extrema versatilidade de utiliza\u00e7\u00e3o em rela\u00e7\u00e3o \u00e0s v\u00e1rias formas e dimens\u00f5es das pe\u00e7as a aquecer e pela alta produtividade num espa\u00e7o extremamente reduzido. A [&hellip;]<\/p>\n","protected":false},"author":1,"featured_media":0,"parent":0,"menu_order":0,"comment_status":"closed","ping_status":"closed","template":"","meta":{"footnotes":""},"_links":{"self":[{"href":"https:\/\/www.farmbrass.com\/pt\/wp-json\/wp\/v2\/pages\/661"}],"collection":[{"href":"https:\/\/www.farmbrass.com\/pt\/wp-json\/wp\/v2\/pages"}],"about":[{"href":"https:\/\/www.farmbrass.com\/pt\/wp-json\/wp\/v2\/types\/page"}],"author":[{"embeddable":true,"href":"https:\/\/www.farmbrass.com\/pt\/wp-json\/wp\/v2\/users\/1"}],"replies":[{"embeddable":true,"href":"https:\/\/www.farmbrass.com\/pt\/wp-json\/wp\/v2\/comments?post=661"}],"version-history":[{"count":142,"href":"https:\/\/www.farmbrass.com\/pt\/wp-json\/wp\/v2\/pages\/661\/revisions"}],"predecessor-version":[{"id":2432,"href":"https:\/\/www.farmbrass.com\/pt\/wp-json\/wp\/v2\/pages\/661\/revisions\/2432"}],"wp:attachment":[{"href":"https:\/\/www.farmbrass.com\/pt\/wp-json\/wp\/v2\/media?parent=661"}],"curies":[{"name":"wp","href":"https:\/\/api.w.org\/{rel}","templated":true}]}}