{"id":664,"date":"2016-07-26T14:47:25","date_gmt":"2016-07-26T12:47:25","guid":{"rendered":"http:\/\/kelevrabetatest.it\/farmbrass\/?page_id=664"},"modified":"2023-06-13T11:40:56","modified_gmt":"2023-06-13T09:40:56","slug":"heat-treatment-lines","status":"publish","type":"page","link":"https:\/\/www.farmbrass.com\/pt\/heat-treatment-lines\/","title":{"rendered":"Linhas de Tratamento T\u00e9rmico"},"content":{"rendered":"<p>[vc_row full_width=&#8221;stretch_row_content_no_spaces&#8221; content_placement=&#8221;top&#8221; bg_type=&#8221;image&#8221; parallax_style=&#8221;vcpb-default&#8221; bg_image_new=&#8221;id^1826|url^http:\/\/kelevrabetatest.it\/farmbrass\/wp-content\/uploads\/2016\/07\/DSC_7049low.jpg|caption^null|alt^null|title^DSC_7049low|description^null&#8221; parallax_content=&#8221;parallax_content_value&#8221; el_class=&#8221;video-pagine&#8221;][vc_column][vc_empty_space height=&#8221;30px&#8221;]<div class=\"ult-animation  ult-animate-viewport  ult-no-mobile \" data-animate=\"fadeIn\" data-animation-delay=\"0\" data-animation-duration=\"3\" data-animation-iteration=\"1\" style=\"opacity:0;\" data-opacity_start_effect=\"\"><div class=\"bizspeak-title bizspeak-title-style3 titolo-video\" style=\"text-align:left\"><h2 style=\"text-transform:uppercase;padding:0px 0px 50px 0px;margin:25px auto 0px;font-weight:300;font-size:32px;color:#000000;\">Linhas de Tratamento T\u00e9rmico<\/h2><\/div><\/div>[vc_raw_html]JTNDZGl2JTIwY2xhc3MlM0QlMjJvcGFjaXR5JTIyJTNFJTNDJTJGZGl2JTNF[\/vc_raw_html][\/vc_column][\/vc_row][vc_row][vc_column width=&#8221;1\/2&#8243;][vc_empty_space height=&#8221;30px&#8221;][vc_row_inner][vc_column_inner]<div id=\"ultimate-heading-83826a07ae7595ed9\" class=\"uvc-heading ult-adjust-bottom-margin ultimate-heading-83826a07ae7595ed9 uvc-3525 \" data-hspacer=\"no_spacer\"  data-halign=\"left\" style=\"text-align:left\"><div class=\"uvc-heading-spacer no_spacer\" style=\"top\"><\/div><div class=\"uvc-main-heading ult-responsive\"  data-ultimate-target='.uvc-heading.ultimate-heading-83826a07ae7595ed9 h2'  data-responsive-json-new='{\"font-size\":\"\",\"line-height\":\"\"}' ><h2 style=\"font-weight:normal;color:#353535;\">Tecnologia para todas as necessidades<\/h2><\/div><\/div><div class=\"bizspeak-title bizspeak-title-style1 titolo-sopra\" style=\"text-align:left\"><h2 class=\"title-border\" style=\"text-transform:uppercase;padding:0;margin:0 0 0 0;font-weight:300;font-size:26px;color:#333333;\"> <\/h2><\/div>[vc_empty_space height=&#8221;30px&#8221;][\/vc_column_inner][\/vc_row_inner][vc_column_text]<\/p>\n<p class=\"p1\" style=\"text-align: justify;\">A <strong>FARM BRASS<\/strong> tem um Departamento t\u00e9cnico com uma fun\u00e7\u00e3o de interface <strong>Empresa\/Cliente<\/strong>, quer sejam artesanais, quer grandes ind\u00fastrias; quer se trate de pequenos sistemas de teste, quer de linhas completas de moldagem. Atuando desta forma, a assist\u00eancia da empresa \u00e9 constante, podendo oferecer um servi\u00e7o particularizado e estudado \u00e0 medida, de acordo com as necessidades que lhe sejam s\u00e3o propostas a cada momento.<\/p>\n<p>Cada aplica\u00e7\u00e3o \u00e9 tratada em todas as particularidades, dentro dos limites exigidos pelo cliente, utilizando a mais moderna maquinaria<strong> para todos os tipos de solu\u00e7\u00e3o poss\u00edveis.<\/strong><\/p>\n<p>A realiza\u00e7\u00e3o de um sistema de aquecimento ou de um acess\u00f3rio combinado com ele \u00e9 o nosso trabalho de todos os dias.<\/p>\n<p>Respondemos \u00e0s mais variadas necessidades de cada <strong>Cliente<\/strong>, oferecendo solu\u00e7\u00f5es personalizadas e inovadoras.<\/p>\n<p>Somos capazes n\u00e3o s\u00f3 de oferecer sistemas padr\u00e3o da nossa extensa gama, mas tamb\u00e9m de construir sistemas dedicados a um tratamento especial ou a uma linha especial de moldagem, combinando m\u00e1quinas de nossa produ\u00e7\u00e3o ou dos nossos parceiros de confian\u00e7a, incluindo a <strong>F.P.M. Group e a Zobbio Transfert.<\/strong><\/p>\n<p>[\/vc_column_text][\/vc_column][vc_column width=&#8221;1\/2&#8243;][vc_empty_space height=&#8221;100px&#8221;][vc_video link=&#8221;https:\/\/youtu.be\/gMPOotDPeTM&#8221;][\/vc_column][\/vc_row][vc_row full_width=&#8221;stretch_row&#8221; bg_type=&#8221;bg_color&#8221; css=&#8221;.vc_custom_1477053143466{background-color: #f3f3f3 !important;}&#8221; bg_color_value=&#8221;#e5e5e5&#8243;][vc_column width=&#8221;1\/2&#8243; css=&#8221;.vc_custom_1470318670207{padding-top: 50px !important;padding-right: 50px !important;padding-bottom: 50px !important;padding-left: 50px !important;}&#8221;][vc_column_text el_class=&#8221;img-block-left&#8221;]<\/p>\n<h3 style=\"font-size: 26px;\"><img loading=\"lazy\" decoding=\"async\" class=\"alignnone wp-image-635\" src=\"https:\/\/www.farmbrass.com\/wp-content\/uploads\/2023\/06\/FARM-BRASS_Logo_positivo_orizzontale.png\" alt=\"logo_farm_red\" width=\"319\" height=\"94\" \/><\/h3>\n<h3 style=\"font-size: 26px;\">est\u00e1 continuamente \u00e0 procura de solu\u00e7\u00f5es de fabrico de vanguarda, para que possam ser aplicadas a todos os seus produtos.<\/h3>\n<p>[\/vc_column_text][vc_column_text]<\/p>\n<p style=\"text-align: justify;\">Nada \u00e9 deixado ao acaso e o projeto \u00e9 gerido como um todo: desde a conce\u00e7\u00e3o do primeiro esbo\u00e7o at\u00e9 ao transporte para o <strong>Cliente<\/strong>, com foco principalmente na an\u00e1lise dos materiais e dos custos e nos testes.<\/p>\n<p>O nosso Departamento t\u00e9cnico \u00e9 capaz de projetar e desenvolver em sinergia com o Cliente a correta execu\u00e7\u00e3o do produto requerido. <strong>Experi\u00eancia, profissionalismo e um excelente servi\u00e7o<\/strong> de colabora\u00e7\u00e3o garantem a \u00f3tima qualidade dos nossos produtos, todos certificados CE e em conformidade com a legisla\u00e7\u00e3o aplic\u00e1vel.<\/p>\n<p>Para o projeto, o Departamento t\u00e9cnico utiliza poderosos computadores com software especialmente dedicado ao dimensionamento do aquecimento de metais. Podemos interagir com os principais sistemas de design CAD usados \u200b\u200bpelos departamentos de projeto ou departamentos t\u00e9cnicos dos nossos <strong>Clientes<\/strong>, a fim de que possam acompanhar e discutir as v\u00e1rias fases de andamento do projeto, simplesmente enviando os ficheiros atualizados.<\/p>\n<p><em>Podemos oferecer as melhores solu\u00e7\u00f5es gra\u00e7as a um estudo aprofundado do produto, fazendo o projeto avan\u00e7ar a par e passo com a investiga\u00e7\u00e3o, sem nunca descurar nada, para satisfa\u00e7\u00e3o total e completa do cliente.<\/em>[\/vc_column_text][vc_empty_space height=&#8221;20px&#8221;][\/vc_column][vc_column width=&#8221;1\/2&#8243;][vc_empty_space height=&#8221;100px&#8221;][vc_empty_space height=&#8221;100px&#8221;]<div class=\"ult-animation  ult-animate-viewport  ult-no-mobile \" data-animate=\"fadeIn\" data-animation-delay=\"0\" data-animation-duration=\"3\" data-animation-iteration=\"1\" style=\"opacity:0;\" data-opacity_start_effect=\"\">[vc_single_image image=&#8221;1832&#8243; img_size=&#8221;full&#8221;]<\/div>[\/vc_column][\/vc_row][vc_row full_width=&#8221;stretch_row&#8221; content_placement=&#8221;middle&#8221; bg_type=&#8221;image&#8221; parallax_style=&#8221;vcpb-default&#8221; bg_image_new=&#8221;id^1829|url^http:\/\/kelevrabetatest.it\/farmbrass\/wp-content\/uploads\/2016\/07\/DSC_6839low.jpg|caption^null|alt^null|title^DSC_6839low|description^null&#8221; bg_image_repeat=&#8221;no-repeat&#8221; bg_img_attach=&#8221;fixed&#8221; parallax_content=&#8221;parallax_content_value&#8221; enable_overlay=&#8221;enable_overlay_value&#8221; overlay_color=&#8221;rgba(221,51,51,0.9)&#8221; overlay_pattern=&#8221;04.png&#8221; overlay_pattern_opacity=&#8221;80&#8243;][vc_column][vc_row_inner equal_height=&#8221;yes&#8221;][vc_column_inner][vc_empty_space height=&#8221;60px&#8221;]<div class=\"aio-icon-component    style_2\"><div id=\"Info-box-wrap-4352\" class=\"aio-icon-box top-icon\" style=\"\"  ><div class=\"aio-icon-top\"><div class=\"ult-just-icon-wrapper  \"><div class=\"align-icon\" style=\"text-align:center;\">\n<div class=\"aio-icon none \"  style=\"color:#ffffff;font-size:32px;display:inline-block;\">\n\t<i class=\"Defaults-cogs gears\"><\/i>\n<\/div><\/div><\/div><\/div><\/div> <!-- aio-icon-box --><\/div> <!-- aio-icon-component -->[vc_column_text el_class=&#8221;action-title&#8221;]<\/p>\n<h2 style=\"text-align: center;\">PROJETO + INVESTIGA\u00c7\u00c3O = SOLU\u00c7\u00c3O<\/h2>\n<p style=\"text-align: center; color: #fff; font-size: 18px;\">Eis a equa\u00e7\u00e3o vencedora!<\/p>\n<p>[\/vc_column_text][vc_empty_space height=&#8221;60px&#8221;][\/vc_column_inner][\/vc_row_inner][\/vc_column][\/vc_row][vc_row][vc_column width=&#8221;1\/2&#8243;][vc_row_inner][vc_column_inner]<div id=\"ultimate-heading-3266a07ae7595fad\" class=\"uvc-heading ult-adjust-bottom-margin ultimate-heading-3266a07ae7595fad uvc-933 \" data-hspacer=\"no_spacer\"  data-halign=\"left\" style=\"text-align:left\"><div class=\"uvc-heading-spacer no_spacer\" style=\"top\"><\/div><div class=\"uvc-main-heading ult-responsive\"  data-ultimate-target='.uvc-heading.ultimate-heading-3266a07ae7595fad h2'  data-responsive-json-new='{\"font-size\":\"\",\"line-height\":\"\"}' ><h2 style=\"font-weight:normal;color:#353535;\">\u00c0 disposi\u00e7\u00e3o do cliente<\/h2><\/div><\/div><div class=\"bizspeak-title bizspeak-title-style1 titolo-sopra\" style=\"text-align:left\"><h2 class=\"title-border\" style=\"text-transform:uppercase;padding:0;margin:0 0 0 0;font-weight:300;font-size:26px;color:#333333;\"> <\/h2><\/div>[vc_empty_space height=&#8221;30px&#8221;][\/vc_column_inner][\/vc_row_inner][vc_column_text]<\/p>\n<p style=\"text-align: justify;\" align=\"LEFT\">Dedicamos especial <strong>aten\u00e7\u00e3o ao produto<\/strong>, procurando a melhoria cont\u00ednua e a diferencia\u00e7\u00e3o com m\u00e1quinas extremamente <strong>tecnol\u00f3gicas e inovadoras.<\/strong><\/p>\n<p>Distingue-nos uma <strong>sensibilidade particular para saber ouvir, entender e prontamente transferir<\/strong> para o produto as exig\u00eancias dos Clientes e do mercado. Pomos \u00e0 disposi\u00e7\u00e3o dos nossos <strong>Clientes<\/strong> um importante patrim\u00f3nio de <strong>experi\u00eancias<\/strong> e problemas resolvidos nas mais variadas aplica\u00e7\u00f5es de aquecimento em processos industriais.<br \/>\nEstamos completamente dispon\u00edveis para a assist\u00eancia pr\u00e9-venda (projeto, aconselhamento, visitas, etc.) e ap\u00f3s-venda.<\/p>\n<p>Desde h\u00e1 j\u00e1 mais de dez anos, uma <strong>nova gest\u00e3o, jovem,<\/strong> \u00e1gil e consolidada, vem conduzindo a empresa no sentido de novos e <strong>ambiciosos objetivos de crescimento<\/strong> no mercado nacional e internacional.<\/p>\n<p>O nosso dinamismo e vontade de fazer tornaram-se fundamentais para a empresa, que coloca o <strong>Cliente no centro do projeto<\/strong>, sendo apoiado e acompanhado por uma equipa de especialistas em todas as fases de fabrico.<\/p>\n<p style=\"text-align: justify;\" align=\"LEFT\"><em>Somos capazes de oferecer solu\u00e7\u00f5es t\u00e9cnicas e funcionais a aplicar \u00e0s instala\u00e7\u00f5es existentes, novas ou obsoletas, mesmo da concorr\u00eancia.<\/em><\/p>\n<p>[\/vc_column_text][\/vc_column][vc_column width=&#8221;1\/2&#8243;][vc_empty_space height=&#8221;30px&#8221;][vc_empty_space height=&#8221;30px&#8221;][vc_column_text]<\/p>\n<p style=\"text-align: justify;\" align=\"LEFT\"><strong>Projetamos<\/strong> partes ou grupos inteiros a aplicar aos nossos <strong>sistemas<\/strong> previamente <strong>fabricados<\/strong>, tentando mudar no m\u00ednimo poss\u00edvel as m\u00e1quinas, de forma a minimizar os custos (por vezes, at\u00e9 mesmo inexistentes!) relacionados com as altera\u00e7\u00f5es.<\/p>\n<p>As<strong> normas de seguran\u00e7a<\/strong> no trabalho est\u00e3o constantemente a ser atualizadas e, muitas vezes, m\u00e1quinas obsoletas <strong>T\u00caM<\/strong> de ser revistas em algumas partes, uma vez que foram constru\u00eddas antes da legisla\u00e7\u00e3o vigente.<\/p>\n<p>Intervimos, por exemplo, adicionando cabinas insonorizantes ou componentes relacionados com o sistema de combust\u00e3o; ou adicionando, quando poss\u00edvel, acess\u00f3rios que no momento da aquisi\u00e7\u00e3o n\u00e3o estavam previstos (dispositivo exaustor, grupos para a moldagem de discos ou pratos, dispositivos para a separa\u00e7\u00e3o de discos quentes, etc.); e tamb\u00e9m transformamos sistemas com produ\u00e7\u00e3o limitada em novos sistemas, de forma a satisfazer as exig\u00eancias dos Clientes.<\/p>\n<p>Operamos de acordo com as regras estabelecidas pela legisla\u00e7\u00e3o, para fornecer um <strong>produto garantido,<\/strong> colocando ao servi\u00e7o do Cliente o nosso profissionalismo e a experi\u00eancia adquirida no setor ao longo dos anos.<\/p>\n<p style=\"text-align: justify;\" align=\"LEFT\"><em>Mas n\u00e3o \u00e9 s\u00f3! Podemos realizar projetos ou altera\u00e7\u00f5es mesmo em sistemas e equipamentos n\u00e3o fabricados pela FARM BRASS.<\/em><\/p>\n<p>[\/vc_column_text][\/vc_column][\/vc_row][vc_row full_width=&#8221;stretch_row&#8221; bg_type=&#8221;image&#8221; parallax_style=&#8221;vcpb-vz-jquery&#8221; bg_image_repeat=&#8221;no-repeat&#8221;][vc_column][vc_empty_space height=&#8221;60px&#8221;]<div id=\"ultimate-heading-3636a07ae7595ffb\" class=\"uvc-heading ult-adjust-bottom-margin ultimate-heading-3636a07ae7595ffb uvc-3163 \" data-hspacer=\"no_spacer\"  data-halign=\"left\" style=\"text-align:left\"><div class=\"uvc-heading-spacer no_spacer\" style=\"top\"><\/div><div class=\"uvc-main-heading ult-responsive\"  data-ultimate-target='.uvc-heading.ultimate-heading-3636a07ae7595ffb h2'  data-responsive-json-new='{\"font-size\":\"\",\"line-height\":\"\"}' ><h2 style=\"font-weight:normal;color:#353535;\">Os nossos parceiros<\/h2><\/div><\/div><div class=\"bizspeak-title bizspeak-title-style1 titolo-sopra\" style=\"text-align:left\"><h2 class=\"title-border\" style=\"text-transform:uppercase;padding:0;margin:0 0 0 0;font-weight:300;font-size:26px;color:#333333;\"> <\/h2><\/div>[vc_empty_space height=&#8221;60px&#8221;][vc_row_inner][vc_column_inner width=&#8221;1\/2&#8243;][vc_single_image image=&#8221;1888&#8243; img_size=&#8221;&#8221;][vc_empty_space height=&#8221;40px&#8221;][vc_column_text]Desde h\u00e1 mais de 30 anos que se especializou na atividade de compra e venda de m\u00e1quinas de transfer\u00eancia usadas em unidades verticais ou horizontais, com diferentes n\u00fameros de unidades, apropriadas para a labora\u00e7\u00e3o de: canaliza\u00e7\u00e3o, v\u00e1lvulas, torneiras, pe\u00e7as de autom\u00f3vel, trabalhos mec\u00e2nicos em geral.<\/p>\n<p>A empresa realiza, al\u00e9m disso, revis\u00f5es nas m\u00e1quinas Transfert.[\/vc_column_text][vc_btn title=&#8221;Saber mais&#8221; style=&#8221;3d&#8221; color=&#8221;white&#8221; align=&#8221;center&#8221; el_class=&#8221;btn-preset&#8221; css=&#8221;.vc_custom_1504866165741{margin-bottom: 30px !important;}&#8221; link=&#8221;url:http%3A%2F%2Fwww.zobbio.com%2F||target:%20_blank&#8221;][\/vc_column_inner][vc_column_inner width=&#8221;1\/2&#8243;][vc_single_image image=&#8221;1767&#8243; img_size=&#8221;&#8221;][vc_column_text]A FPM \u00e9 l\u00edder na produ\u00e7\u00e3o e revis\u00e3o de prensas e equipamentos completos para moldagem de metais, tanto a quente como a frio. Desde 1986, cresceu inovando e utilizando as mais recentes tecnologias para oferecer solu\u00e7\u00f5es de produ\u00e7\u00e3o de alta qualidade aos seus clientes em todo o mundo.[\/vc_column_text][vc_btn title=&#8221;Saber mais&#8221; style=&#8221;3d&#8221; color=&#8221;white&#8221; align=&#8221;center&#8221; el_class=&#8221;btn-preset&#8221; css=&#8221;.vc_custom_1504866178799{margin-bottom: 30px !important;}&#8221; link=&#8221;url:http%3A%2F%2Fwww.fpmgroup.it||target:%20_blank&#8221;][\/vc_column_inner][vc_column_inner el_class=&#8221;hidden&#8221;][vc_single_image image=&#8221;1699&#8243;][vc_empty_space height=&#8221;10px&#8221;][vc_column_text]ZB, \u00e8 un\u2019 utensileria meccanica, specializzata nella costruzione di attrezzature per macchine Transfer e nella progettazione e realizzazione di sistemi presa pezzo. La specializzazione in tali attrezzature ha permesso a ZB di annoverare fra la sua clientela aziende leader nel settore della rubinetteria cromata, valvolame e raccorderie. [\/vc_column_text][vc_btn title=&#8221;Scopri di pi\u00f9&#8221; style=&#8221;3d&#8221; color=&#8221;white&#8221; align=&#8221;center&#8221; el_class=&#8221;btn-preset&#8221; css=&#8221;.vc_custom_1484323128117{margin-bottom: 30px !important;}&#8221; link=&#8221;url:http%3A%2F%2Fwww.zb-utensilerie.com%2F||target:%20_blank&#8221;][\/vc_column_inner][\/vc_row_inner][vc_empty_space height=&#8221;60px&#8221;][\/vc_column][\/vc_row]<\/p>","protected":false},"excerpt":{"rendered":"<p>[vc_row full_width=&#8221;stretch_row_content_no_spaces&#8221; content_placement=&#8221;top&#8221; bg_type=&#8221;image&#8221; parallax_style=&#8221;vcpb-default&#8221; bg_image_new=&#8221;id^1826|url^http:\/\/kelevrabetatest.it\/farmbrass\/wp-content\/uploads\/2016\/07\/DSC_7049low.jpg|caption^null|alt^null|title^DSC_7049low|description^null&#8221; parallax_content=&#8221;parallax_content_value&#8221; el_class=&#8221;video-pagine&#8221;][vc_column][vc_empty_space height=&#8221;30px&#8221;][vc_raw_html]JTNDZGl2JTIwY2xhc3MlM0QlMjJvcGFjaXR5JTIyJTNFJTNDJTJGZGl2JTNF[\/vc_raw_html][\/vc_column][\/vc_row][vc_row][vc_column width=&#8221;1\/2&#8243;][vc_empty_space height=&#8221;30px&#8221;][vc_row_inner][vc_column_inner][vc_empty_space height=&#8221;30px&#8221;][\/vc_column_inner][\/vc_row_inner][vc_column_text] A FARM BRASS tem um Departamento t\u00e9cnico com uma fun\u00e7\u00e3o de interface Empresa\/Cliente, quer sejam artesanais, quer grandes ind\u00fastrias; quer se trate de pequenos sistemas de teste, quer de linhas completas de moldagem. Atuando desta forma, a assist\u00eancia da empresa \u00e9 constante, podendo [&hellip;]<\/p>\n","protected":false},"author":1,"featured_media":0,"parent":0,"menu_order":0,"comment_status":"closed","ping_status":"closed","template":"","meta":{"footnotes":""},"_links":{"self":[{"href":"https:\/\/www.farmbrass.com\/pt\/wp-json\/wp\/v2\/pages\/664"}],"collection":[{"href":"https:\/\/www.farmbrass.com\/pt\/wp-json\/wp\/v2\/pages"}],"about":[{"href":"https:\/\/www.farmbrass.com\/pt\/wp-json\/wp\/v2\/types\/page"}],"author":[{"embeddable":true,"href":"https:\/\/www.farmbrass.com\/pt\/wp-json\/wp\/v2\/users\/1"}],"replies":[{"embeddable":true,"href":"https:\/\/www.farmbrass.com\/pt\/wp-json\/wp\/v2\/comments?post=664"}],"version-history":[{"count":116,"href":"https:\/\/www.farmbrass.com\/pt\/wp-json\/wp\/v2\/pages\/664\/revisions"}],"predecessor-version":[{"id":2957,"href":"https:\/\/www.farmbrass.com\/pt\/wp-json\/wp\/v2\/pages\/664\/revisions\/2957"}],"wp:attachment":[{"href":"https:\/\/www.farmbrass.com\/pt\/wp-json\/wp\/v2\/media?parent=664"}],"curies":[{"name":"wp","href":"https:\/\/api.w.org\/{rel}","templated":true}]}}